{"id":173,"date":"2020-09-03T13:40:50","date_gmt":"2020-09-03T11:40:50","guid":{"rendered":"http:\/\/valenvm.cluster031.hosting.ovh.net\/?page_id=173"},"modified":"2020-09-20T17:52:53","modified_gmt":"2020-09-20T15:52:53","slug":"hey-les-veges","status":"publish","type":"page","link":"https:\/\/valentine-graphisme.com\/index.php\/hey-les-veges\/","title":{"rendered":"Hey, les v\u00e9g\u00e9s !"},"content":{"rendered":"\t\t<div data-elementor-type=\"wp-page\" data-elementor-id=\"173\" class=\"elementor elementor-173\">\n\t\t\t\t\t\t<section class=\"elementor-section elementor-top-section elementor-element elementor-element-6c6a41ef elementor-section-boxed elementor-section-height-default elementor-section-height-default jltma-glass-effect-no\" data-id=\"6c6a41ef\" data-element_type=\"section\" data-e-type=\"section\">\n\t\t\t\t\t\t<div class=\"elementor-container elementor-column-gap-default\">\n\t\t\t\t\t<div class=\"elementor-column elementor-col-100 elementor-top-column elementor-element elementor-element-4d496790 jltma-glass-effect-no\" data-id=\"4d496790\" data-element_type=\"column\" data-e-type=\"column\">\n\t\t\t<div class=\"elementor-widget-wrap elementor-element-populated\">\n\t\t\t\t\t\t<div class=\"elementor-element elementor-element-43cbdee0 jltma-glass-effect-no elementor-widget elementor-widget-heading\" data-id=\"43cbdee0\" data-element_type=\"widget\" data-e-type=\"widget\" data-widget_type=\"heading.default\">\n\t\t\t\t<div class=\"elementor-widget-container\">\n\t\t\t\t\t<h2 class=\"elementor-heading-title elementor-size-default\">Hey, les v\u00e9g\u00e9s !<\/h2>\t\t\t\t<\/div>\n\t\t\t\t<\/div>\n\t\t\t\t<div class=\"elementor-element elementor-element-2edb1c8a jltma-glass-effect-no elementor-widget elementor-widget-text-editor\" data-id=\"2edb1c8a\" data-element_type=\"widget\" data-e-type=\"widget\" data-widget_type=\"text-editor.default\">\n\t\t\t\t<div class=\"elementor-widget-container\">\n\t\t\t\t\t\t\t\t\t<div>R\u00e9alisation d\u2019une affiche de sensibilisation.<\/div><div>Il y a de plus en plus de v\u00e9g\u00e9tariens et v\u00e9g\u00e9taliens ces derni\u00e8res ann\u00e9es. Certains accumulent les carences nutritives sans forc\u00e9ment s\u2019en rendre compte. Cela peut \u00eatre dangereux pour la sant\u00e9. Il existe pourtant divers moyens de remplacer les produits de provenance animale tout en restant en bonne sant\u00e9.<\/div>\t\t\t\t\t\t\t\t<\/div>\n\t\t\t\t<\/div>\n\t\t\t\t<div class=\"elementor-element elementor-element-33354ec5 jltma-glass-effect-no elementor-widget elementor-widget-text-editor\" data-id=\"33354ec5\" data-element_type=\"widget\" data-e-type=\"widget\" data-widget_type=\"text-editor.default\">\n\t\t\t\t<div class=\"elementor-widget-container\">\n\t\t\t\t\t\t\t\t\t<p>Illustration \u2022 PUBLICIT\u00c9\u00a0<\/p>\t\t\t\t\t\t\t\t<\/div>\n\t\t\t\t<\/div>\n\t\t\t\t\t<\/div>\n\t\t<\/div>\n\t\t\t\t\t<\/div>\n\t\t<\/section>\n\t\t\t\t<section class=\"elementor-section elementor-top-section elementor-element elementor-element-3afa6fb2 elementor-section-stretched elementor-section-boxed elementor-section-height-default elementor-section-height-default jltma-glass-effect-no\" data-id=\"3afa6fb2\" data-element_type=\"section\" data-e-type=\"section\" data-settings=\"{&quot;stretch_section&quot;:&quot;section-stretched&quot;}\">\n\t\t\t\t\t\t<div class=\"elementor-container elementor-column-gap-default\">\n\t\t\t\t\t<div class=\"elementor-column elementor-col-100 elementor-top-column elementor-element elementor-element-152e451d jltma-glass-effect-no\" data-id=\"152e451d\" data-element_type=\"column\" data-e-type=\"column\">\n\t\t\t<div class=\"elementor-widget-wrap elementor-element-populated\">\n\t\t\t\t\t\t<div class=\"elementor-element elementor-element-6a74fad0 jltma-glass-effect-no elementor-widget elementor-widget-image\" data-id=\"6a74fad0\" data-element_type=\"widget\" data-e-type=\"widget\" data-widget_type=\"image.default\">\n\t\t\t\t<div class=\"elementor-widget-container\">\n\t\t\t\t\t\t\t\t\t\t\t\t\t\t\t<img fetchpriority=\"high\" decoding=\"async\" width=\"2560\" height=\"1440\" src=\"https:\/\/valentine-graphisme.com\/wp-content\/uploads\/2020\/09\/valentine-redoules-graphisme-publicite-logo-flyer-edition_Plan-de-travail-1-scaled.jpg\" class=\"attachment-full size-full wp-image-527\" alt=\"\" srcset=\"https:\/\/valentine-graphisme.com\/wp-content\/uploads\/2020\/09\/valentine-redoules-graphisme-publicite-logo-flyer-edition_Plan-de-travail-1-scaled.jpg 2560w, https:\/\/valentine-graphisme.com\/wp-content\/uploads\/2020\/09\/valentine-redoules-graphisme-publicite-logo-flyer-edition_Plan-de-travail-1-300x169.jpg 300w, https:\/\/valentine-graphisme.com\/wp-content\/uploads\/2020\/09\/valentine-redoules-graphisme-publicite-logo-flyer-edition_Plan-de-travail-1-1024x576.jpg 1024w, https:\/\/valentine-graphisme.com\/wp-content\/uploads\/2020\/09\/valentine-redoules-graphisme-publicite-logo-flyer-edition_Plan-de-travail-1-768x432.jpg 768w, https:\/\/valentine-graphisme.com\/wp-content\/uploads\/2020\/09\/valentine-redoules-graphisme-publicite-logo-flyer-edition_Plan-de-travail-1-1536x864.jpg 1536w, https:\/\/valentine-graphisme.com\/wp-content\/uploads\/2020\/09\/valentine-redoules-graphisme-publicite-logo-flyer-edition_Plan-de-travail-1-2048x1152.jpg 2048w\" sizes=\"(max-width: 2560px) 100vw, 2560px\" \/>\t\t\t\t\t\t\t\t\t\t\t\t\t\t\t<\/div>\n\t\t\t\t<\/div>\n\t\t\t\t<div class=\"elementor-element elementor-element-4d6ca06f jltma-glass-effect-no elementor-widget elementor-widget-image\" data-id=\"4d6ca06f\" data-element_type=\"widget\" data-e-type=\"widget\" data-widget_type=\"image.default\">\n\t\t\t\t<div class=\"elementor-widget-container\">\n\t\t\t\t\t\t\t\t\t\t\t\t\t\t\t<img decoding=\"async\" width=\"2560\" height=\"1440\" src=\"https:\/\/valentine-graphisme.com\/wp-content\/uploads\/2020\/09\/valentine-redoules-graphisme-publicite-logo-flyer-edition_Plan-de-travail-1-copie-scaled.jpg\" class=\"attachment-full size-full wp-image-526\" alt=\"\" srcset=\"https:\/\/valentine-graphisme.com\/wp-content\/uploads\/2020\/09\/valentine-redoules-graphisme-publicite-logo-flyer-edition_Plan-de-travail-1-copie-scaled.jpg 2560w, https:\/\/valentine-graphisme.com\/wp-content\/uploads\/2020\/09\/valentine-redoules-graphisme-publicite-logo-flyer-edition_Plan-de-travail-1-copie-300x169.jpg 300w, https:\/\/valentine-graphisme.com\/wp-content\/uploads\/2020\/09\/valentine-redoules-graphisme-publicite-logo-flyer-edition_Plan-de-travail-1-copie-1024x576.jpg 1024w, https:\/\/valentine-graphisme.com\/wp-content\/uploads\/2020\/09\/valentine-redoules-graphisme-publicite-logo-flyer-edition_Plan-de-travail-1-copie-768x432.jpg 768w, https:\/\/valentine-graphisme.com\/wp-content\/uploads\/2020\/09\/valentine-redoules-graphisme-publicite-logo-flyer-edition_Plan-de-travail-1-copie-1536x864.jpg 1536w, https:\/\/valentine-graphisme.com\/wp-content\/uploads\/2020\/09\/valentine-redoules-graphisme-publicite-logo-flyer-edition_Plan-de-travail-1-copie-2048x1152.jpg 2048w\" sizes=\"(max-width: 2560px) 100vw, 2560px\" \/>\t\t\t\t\t\t\t\t\t\t\t\t\t\t\t<\/div>\n\t\t\t\t<\/div>\n\t\t\t\t<div class=\"elementor-element elementor-element-452494c3 jltma-glass-effect-no elementor-widget elementor-widget-image\" data-id=\"452494c3\" data-element_type=\"widget\" data-e-type=\"widget\" data-widget_type=\"image.default\">\n\t\t\t\t<div class=\"elementor-widget-container\">\n\t\t\t\t\t\t\t\t\t\t\t\t\t\t\t<img decoding=\"async\" width=\"2560\" height=\"1440\" src=\"https:\/\/valentine-graphisme.com\/wp-content\/uploads\/2020\/09\/valentine-redoules-graphisme-publicite-logo-flyer-edition_Plan-de-travail-1-copie-2-scaled.jpg\" class=\"attachment-full size-full wp-image-525\" alt=\"\" srcset=\"https:\/\/valentine-graphisme.com\/wp-content\/uploads\/2020\/09\/valentine-redoules-graphisme-publicite-logo-flyer-edition_Plan-de-travail-1-copie-2-scaled.jpg 2560w, https:\/\/valentine-graphisme.com\/wp-content\/uploads\/2020\/09\/valentine-redoules-graphisme-publicite-logo-flyer-edition_Plan-de-travail-1-copie-2-300x169.jpg 300w, https:\/\/valentine-graphisme.com\/wp-content\/uploads\/2020\/09\/valentine-redoules-graphisme-publicite-logo-flyer-edition_Plan-de-travail-1-copie-2-1024x576.jpg 1024w, https:\/\/valentine-graphisme.com\/wp-content\/uploads\/2020\/09\/valentine-redoules-graphisme-publicite-logo-flyer-edition_Plan-de-travail-1-copie-2-768x432.jpg 768w, https:\/\/valentine-graphisme.com\/wp-content\/uploads\/2020\/09\/valentine-redoules-graphisme-publicite-logo-flyer-edition_Plan-de-travail-1-copie-2-1536x864.jpg 1536w, https:\/\/valentine-graphisme.com\/wp-content\/uploads\/2020\/09\/valentine-redoules-graphisme-publicite-logo-flyer-edition_Plan-de-travail-1-copie-2-2048x1152.jpg 2048w\" sizes=\"(max-width: 2560px) 100vw, 2560px\" \/>\t\t\t\t\t\t\t\t\t\t\t\t\t\t\t<\/div>\n\t\t\t\t<\/div>\n\t\t\t\t<div class=\"elementor-element elementor-element-1fcd4a8f jltma-glass-effect-no elementor-widget elementor-widget-image\" data-id=\"1fcd4a8f\" data-element_type=\"widget\" data-e-type=\"widget\" data-widget_type=\"image.default\">\n\t\t\t\t<div class=\"elementor-widget-container\">\n\t\t\t\t\t\t\t\t\t\t\t\t\t\t\t<img loading=\"lazy\" decoding=\"async\" width=\"2560\" height=\"1440\" src=\"https:\/\/valentine-graphisme.com\/wp-content\/uploads\/2020\/09\/valentine-redoules-graphisme-publicite-logo-flyer-edition_Plan-de-travail-1-copie-3-scaled.jpg\" class=\"attachment-full size-full wp-image-524\" alt=\"\" srcset=\"https:\/\/valentine-graphisme.com\/wp-content\/uploads\/2020\/09\/valentine-redoules-graphisme-publicite-logo-flyer-edition_Plan-de-travail-1-copie-3-scaled.jpg 2560w, https:\/\/valentine-graphisme.com\/wp-content\/uploads\/2020\/09\/valentine-redoules-graphisme-publicite-logo-flyer-edition_Plan-de-travail-1-copie-3-300x169.jpg 300w, https:\/\/valentine-graphisme.com\/wp-content\/uploads\/2020\/09\/valentine-redoules-graphisme-publicite-logo-flyer-edition_Plan-de-travail-1-copie-3-1024x576.jpg 1024w, https:\/\/valentine-graphisme.com\/wp-content\/uploads\/2020\/09\/valentine-redoules-graphisme-publicite-logo-flyer-edition_Plan-de-travail-1-copie-3-768x432.jpg 768w, https:\/\/valentine-graphisme.com\/wp-content\/uploads\/2020\/09\/valentine-redoules-graphisme-publicite-logo-flyer-edition_Plan-de-travail-1-copie-3-1536x864.jpg 1536w, https:\/\/valentine-graphisme.com\/wp-content\/uploads\/2020\/09\/valentine-redoules-graphisme-publicite-logo-flyer-edition_Plan-de-travail-1-copie-3-2048x1152.jpg 2048w\" sizes=\"(max-width: 2560px) 100vw, 2560px\" \/>\t\t\t\t\t\t\t\t\t\t\t\t\t\t\t<\/div>\n\t\t\t\t<\/div>\n\t\t\t\t<div class=\"elementor-element elementor-element-1c89d102 jltma-glass-effect-no elementor-widget elementor-widget-image\" data-id=\"1c89d102\" data-element_type=\"widget\" data-e-type=\"widget\" data-widget_type=\"image.default\">\n\t\t\t\t<div class=\"elementor-widget-container\">\n\t\t\t\t\t\t\t\t\t\t\t\t\t\t\t<img loading=\"lazy\" decoding=\"async\" width=\"2560\" height=\"1440\" src=\"https:\/\/valentine-graphisme.com\/wp-content\/uploads\/2020\/09\/valentine-redoules-graphisme-publicite-logo-flyer-edition_Plan-de-travail-1-copie-4-scaled.jpg\" class=\"attachment-full size-full wp-image-528\" alt=\"\" srcset=\"https:\/\/valentine-graphisme.com\/wp-content\/uploads\/2020\/09\/valentine-redoules-graphisme-publicite-logo-flyer-edition_Plan-de-travail-1-copie-4-scaled.jpg 2560w, https:\/\/valentine-graphisme.com\/wp-content\/uploads\/2020\/09\/valentine-redoules-graphisme-publicite-logo-flyer-edition_Plan-de-travail-1-copie-4-300x169.jpg 300w, https:\/\/valentine-graphisme.com\/wp-content\/uploads\/2020\/09\/valentine-redoules-graphisme-publicite-logo-flyer-edition_Plan-de-travail-1-copie-4-1024x576.jpg 1024w, https:\/\/valentine-graphisme.com\/wp-content\/uploads\/2020\/09\/valentine-redoules-graphisme-publicite-logo-flyer-edition_Plan-de-travail-1-copie-4-768x432.jpg 768w, https:\/\/valentine-graphisme.com\/wp-content\/uploads\/2020\/09\/valentine-redoules-graphisme-publicite-logo-flyer-edition_Plan-de-travail-1-copie-4-1536x864.jpg 1536w, https:\/\/valentine-graphisme.com\/wp-content\/uploads\/2020\/09\/valentine-redoules-graphisme-publicite-logo-flyer-edition_Plan-de-travail-1-copie-4-2048x1152.jpg 2048w\" sizes=\"(max-width: 2560px) 100vw, 2560px\" \/>\t\t\t\t\t\t\t\t\t\t\t\t\t\t\t<\/div>\n\t\t\t\t<\/div>\n\t\t\t\t<div class=\"elementor-element elementor-element-4f9666ae jltma-glass-effect-no elementor-widget elementor-widget-image\" data-id=\"4f9666ae\" data-element_type=\"widget\" data-e-type=\"widget\" data-widget_type=\"image.default\">\n\t\t\t\t<div class=\"elementor-widget-container\">\n\t\t\t\t\t\t\t\t\t\t\t\t\t\t\t<img loading=\"lazy\" decoding=\"async\" width=\"2560\" height=\"1440\" src=\"https:\/\/valentine-graphisme.com\/wp-content\/uploads\/2020\/09\/valentine-redoules-graphisme-publicite-logo-flyer-edition_Plan-de-travail-1-copie-5-scaled.jpg\" class=\"attachment-full size-full wp-image-523\" alt=\"\" srcset=\"https:\/\/valentine-graphisme.com\/wp-content\/uploads\/2020\/09\/valentine-redoules-graphisme-publicite-logo-flyer-edition_Plan-de-travail-1-copie-5-scaled.jpg 2560w, https:\/\/valentine-graphisme.com\/wp-content\/uploads\/2020\/09\/valentine-redoules-graphisme-publicite-logo-flyer-edition_Plan-de-travail-1-copie-5-300x169.jpg 300w, https:\/\/valentine-graphisme.com\/wp-content\/uploads\/2020\/09\/valentine-redoules-graphisme-publicite-logo-flyer-edition_Plan-de-travail-1-copie-5-1024x576.jpg 1024w, https:\/\/valentine-graphisme.com\/wp-content\/uploads\/2020\/09\/valentine-redoules-graphisme-publicite-logo-flyer-edition_Plan-de-travail-1-copie-5-768x432.jpg 768w, https:\/\/valentine-graphisme.com\/wp-content\/uploads\/2020\/09\/valentine-redoules-graphisme-publicite-logo-flyer-edition_Plan-de-travail-1-copie-5-1536x864.jpg 1536w, https:\/\/valentine-graphisme.com\/wp-content\/uploads\/2020\/09\/valentine-redoules-graphisme-publicite-logo-flyer-edition_Plan-de-travail-1-copie-5-2048x1152.jpg 2048w\" sizes=\"(max-width: 2560px) 100vw, 2560px\" \/>\t\t\t\t\t\t\t\t\t\t\t\t\t\t\t<\/div>\n\t\t\t\t<\/div>\n\t\t\t\t<div class=\"elementor-element elementor-element-5cfa31e8 jltma-glass-effect-no elementor-widget elementor-widget-image\" data-id=\"5cfa31e8\" data-element_type=\"widget\" data-e-type=\"widget\" data-widget_type=\"image.default\">\n\t\t\t\t<div class=\"elementor-widget-container\">\n\t\t\t\t\t\t\t\t\t\t\t\t\t\t\t<img loading=\"lazy\" decoding=\"async\" width=\"2560\" height=\"1440\" src=\"https:\/\/valentine-graphisme.com\/wp-content\/uploads\/2020\/09\/valentine-redoules-graphisme-publicite-logo-flyer-edition-07-scaled.jpg\" class=\"attachment-full size-full wp-image-522\" alt=\"\" srcset=\"https:\/\/valentine-graphisme.com\/wp-content\/uploads\/2020\/09\/valentine-redoules-graphisme-publicite-logo-flyer-edition-07-scaled.jpg 2560w, https:\/\/valentine-graphisme.com\/wp-content\/uploads\/2020\/09\/valentine-redoules-graphisme-publicite-logo-flyer-edition-07-300x169.jpg 300w, https:\/\/valentine-graphisme.com\/wp-content\/uploads\/2020\/09\/valentine-redoules-graphisme-publicite-logo-flyer-edition-07-1024x576.jpg 1024w, https:\/\/valentine-graphisme.com\/wp-content\/uploads\/2020\/09\/valentine-redoules-graphisme-publicite-logo-flyer-edition-07-768x432.jpg 768w, https:\/\/valentine-graphisme.com\/wp-content\/uploads\/2020\/09\/valentine-redoules-graphisme-publicite-logo-flyer-edition-07-1536x864.jpg 1536w, https:\/\/valentine-graphisme.com\/wp-content\/uploads\/2020\/09\/valentine-redoules-graphisme-publicite-logo-flyer-edition-07-2048x1152.jpg 2048w\" sizes=\"(max-width: 2560px) 100vw, 2560px\" \/>\t\t\t\t\t\t\t\t\t\t\t\t\t\t\t<\/div>\n\t\t\t\t<\/div>\n\t\t\t\t<div class=\"elementor-element elementor-element-a40bf70 jltma-glass-effect-no elementor-widget elementor-widget-image\" data-id=\"a40bf70\" data-element_type=\"widget\" data-e-type=\"widget\" data-widget_type=\"image.default\">\n\t\t\t\t<div class=\"elementor-widget-container\">\n\t\t\t\t\t\t\t\t\t\t\t\t\t\t\t<img loading=\"lazy\" decoding=\"async\" width=\"2560\" height=\"1440\" src=\"https:\/\/valentine-graphisme.com\/wp-content\/uploads\/2020\/09\/valentine-redoules-graphisme-publicite-logo-flyer-edition-08-scaled.jpg\" class=\"attachment-full size-full wp-image-521\" alt=\"\" srcset=\"https:\/\/valentine-graphisme.com\/wp-content\/uploads\/2020\/09\/valentine-redoules-graphisme-publicite-logo-flyer-edition-08-scaled.jpg 2560w, https:\/\/valentine-graphisme.com\/wp-content\/uploads\/2020\/09\/valentine-redoules-graphisme-publicite-logo-flyer-edition-08-300x169.jpg 300w, https:\/\/valentine-graphisme.com\/wp-content\/uploads\/2020\/09\/valentine-redoules-graphisme-publicite-logo-flyer-edition-08-1024x576.jpg 1024w, https:\/\/valentine-graphisme.com\/wp-content\/uploads\/2020\/09\/valentine-redoules-graphisme-publicite-logo-flyer-edition-08-768x432.jpg 768w, https:\/\/valentine-graphisme.com\/wp-content\/uploads\/2020\/09\/valentine-redoules-graphisme-publicite-logo-flyer-edition-08-1536x864.jpg 1536w, https:\/\/valentine-graphisme.com\/wp-content\/uploads\/2020\/09\/valentine-redoules-graphisme-publicite-logo-flyer-edition-08-2048x1152.jpg 2048w\" sizes=\"(max-width: 2560px) 100vw, 2560px\" \/>\t\t\t\t\t\t\t\t\t\t\t\t\t\t\t<\/div>\n\t\t\t\t<\/div>\n\t\t\t\t<div class=\"elementor-element elementor-element-0b2d9ef jltma-glass-effect-no elementor-widget elementor-widget-image\" data-id=\"0b2d9ef\" data-element_type=\"widget\" data-e-type=\"widget\" data-widget_type=\"image.default\">\n\t\t\t\t<div class=\"elementor-widget-container\">\n\t\t\t\t\t\t\t\t\t\t\t\t\t\t\t<img loading=\"lazy\" decoding=\"async\" width=\"2560\" height=\"1440\" src=\"https:\/\/valentine-graphisme.com\/wp-content\/uploads\/2020\/09\/valentine-redoules-graphisme-publicite-logo-flyer-edition-09-scaled.jpg\" class=\"attachment-full size-full wp-image-520\" alt=\"\" srcset=\"https:\/\/valentine-graphisme.com\/wp-content\/uploads\/2020\/09\/valentine-redoules-graphisme-publicite-logo-flyer-edition-09-scaled.jpg 2560w, https:\/\/valentine-graphisme.com\/wp-content\/uploads\/2020\/09\/valentine-redoules-graphisme-publicite-logo-flyer-edition-09-300x169.jpg 300w, https:\/\/valentine-graphisme.com\/wp-content\/uploads\/2020\/09\/valentine-redoules-graphisme-publicite-logo-flyer-edition-09-1024x576.jpg 1024w, https:\/\/valentine-graphisme.com\/wp-content\/uploads\/2020\/09\/valentine-redoules-graphisme-publicite-logo-flyer-edition-09-768x432.jpg 768w, https:\/\/valentine-graphisme.com\/wp-content\/uploads\/2020\/09\/valentine-redoules-graphisme-publicite-logo-flyer-edition-09-1536x864.jpg 1536w, https:\/\/valentine-graphisme.com\/wp-content\/uploads\/2020\/09\/valentine-redoules-graphisme-publicite-logo-flyer-edition-09-2048x1152.jpg 2048w\" sizes=\"(max-width: 2560px) 100vw, 2560px\" \/>\t\t\t\t\t\t\t\t\t\t\t\t\t\t\t<\/div>\n\t\t\t\t<\/div>\n\t\t\t\t\t<\/div>\n\t\t<\/div>\n\t\t\t\t\t<\/div>\n\t\t<\/section>\n\t\t\t\t<section class=\"elementor-section elementor-top-section elementor-element elementor-element-3c19278b elementor-section-boxed elementor-section-height-default elementor-section-height-default jltma-glass-effect-no\" data-id=\"3c19278b\" data-element_type=\"section\" data-e-type=\"section\">\n\t\t\t\t\t\t<div class=\"elementor-container elementor-column-gap-default\">\n\t\t\t\t\t<div class=\"elementor-column elementor-col-100 elementor-top-column elementor-element elementor-element-cc27410 jltma-glass-effect-no\" data-id=\"cc27410\" data-element_type=\"column\" data-e-type=\"column\">\n\t\t\t<div class=\"elementor-widget-wrap elementor-element-populated\">\n\t\t\t\t\t\t<div class=\"elementor-element elementor-element-70292de3 jltma-glass-effect-no elementor-widget elementor-widget-text-editor\" data-id=\"70292de3\" data-element_type=\"widget\" data-e-type=\"widget\" data-widget_type=\"text-editor.default\">\n\t\t\t\t<div class=\"elementor-widget-container\">\n\t\t\t\t\t\t\t\t\t<p>Projet fictif r\u00e9alis\u00e9 dans le cadre scolaire \u2022 2018<\/p>\t\t\t\t\t\t\t\t<\/div>\n\t\t\t\t<\/div>\n\t\t\t\t\t<\/div>\n\t\t<\/div>\n\t\t\t\t\t<\/div>\n\t\t<\/section>\n\t\t\t\t<\/div>\n\t\t","protected":false},"excerpt":{"rendered":"<p>Hey, les v\u00e9g\u00e9s ! R\u00e9alisation d\u2019une affiche de sensibilisation.Il y a de plus en plus de v\u00e9g\u00e9tariens et v\u00e9g\u00e9taliens ces derni\u00e8res ann\u00e9es. Certains accumulent les carences nutritives sans forc\u00e9ment s\u2019en rendre compte. Cela peut \u00eatre dangereux pour la sant\u00e9. Il existe pourtant divers moyens de remplacer les produits de provenance animale tout en restant en [&hellip;]<\/p>\n","protected":false},"author":1,"featured_media":0,"parent":0,"menu_order":5,"comment_status":"closed","ping_status":"closed","template":"","meta":{"ocean_post_layout":"","ocean_both_sidebars_style":"","ocean_both_sidebars_content_width":0,"ocean_both_sidebars_sidebars_width":0,"ocean_sidebar":"0","ocean_second_sidebar":"0","ocean_disable_margins":"enable","ocean_add_body_class":"","ocean_shortcode_before_top_bar":"","ocean_shortcode_after_top_bar":"","ocean_shortcode_before_header":"","ocean_shortcode_after_header":"","ocean_has_shortcode":"","ocean_shortcode_after_title":"","ocean_shortcode_before_footer_widgets":"","ocean_shortcode_after_footer_widgets":"","ocean_shortcode_before_footer_bottom":"","ocean_shortcode_after_footer_bottom":"","ocean_display_top_bar":"default","ocean_display_header":"default","ocean_header_style":"","ocean_center_header_left_menu":"0","ocean_custom_header_template":"0","ocean_custom_logo":0,"ocean_custom_retina_logo":0,"ocean_custom_logo_max_width":0,"ocean_custom_logo_tablet_max_width":0,"ocean_custom_logo_mobile_max_width":0,"ocean_custom_logo_max_height":0,"ocean_custom_logo_tablet_max_height":0,"ocean_custom_logo_mobile_max_height":0,"ocean_header_custom_menu":"0","ocean_menu_typo_font_family":"0","ocean_menu_typo_font_subset":"","ocean_menu_typo_font_size":0,"ocean_menu_typo_font_size_tablet":0,"ocean_menu_typo_font_size_mobile":0,"ocean_menu_typo_font_size_unit":"px","ocean_menu_typo_font_weight":"","ocean_menu_typo_font_weight_tablet":"","ocean_menu_typo_font_weight_mobile":"","ocean_menu_typo_transform":"","ocean_menu_typo_transform_tablet":"","ocean_menu_typo_transform_mobile":"","ocean_menu_typo_line_height":0,"ocean_menu_typo_line_height_tablet":0,"ocean_menu_typo_line_height_mobile":0,"ocean_menu_typo_line_height_unit":"","ocean_menu_typo_spacing":0,"ocean_menu_typo_spacing_tablet":0,"ocean_menu_typo_spacing_mobile":0,"ocean_menu_typo_spacing_unit":"","ocean_menu_link_color":"","ocean_menu_link_color_hover":"","ocean_menu_link_color_active":"","ocean_menu_link_background":"","ocean_menu_link_hover_background":"","ocean_menu_link_active_background":"","ocean_menu_social_links_bg":"","ocean_menu_social_hover_links_bg":"","ocean_menu_social_links_color":"","ocean_menu_social_hover_links_color":"","ocean_disable_title":"on","ocean_disable_heading":"default","ocean_post_title":"","ocean_post_subheading":"","ocean_post_title_style":"","ocean_post_title_background_color":"","ocean_post_title_background":0,"ocean_post_title_bg_image_position":"","ocean_post_title_bg_image_attachment":"","ocean_post_title_bg_image_repeat":"","ocean_post_title_bg_image_size":"","ocean_post_title_height":0,"ocean_post_title_bg_overlay":0.5,"ocean_post_title_bg_overlay_color":"","ocean_disable_breadcrumbs":"default","ocean_breadcrumbs_color":"","ocean_breadcrumbs_separator_color":"","ocean_breadcrumbs_links_color":"","ocean_breadcrumbs_links_hover_color":"","ocean_display_footer_widgets":"default","ocean_display_footer_bottom":"default","ocean_custom_footer_template":"0","footnotes":""},"class_list":["post-173","page","type-page","status-publish","hentry","entry"],"_links":{"self":[{"href":"https:\/\/valentine-graphisme.com\/index.php\/wp-json\/wp\/v2\/pages\/173","targetHints":{"allow":["GET"]}}],"collection":[{"href":"https:\/\/valentine-graphisme.com\/index.php\/wp-json\/wp\/v2\/pages"}],"about":[{"href":"https:\/\/valentine-graphisme.com\/index.php\/wp-json\/wp\/v2\/types\/page"}],"author":[{"embeddable":true,"href":"https:\/\/valentine-graphisme.com\/index.php\/wp-json\/wp\/v2\/users\/1"}],"replies":[{"embeddable":true,"href":"https:\/\/valentine-graphisme.com\/index.php\/wp-json\/wp\/v2\/comments?post=173"}],"version-history":[{"count":4,"href":"https:\/\/valentine-graphisme.com\/index.php\/wp-json\/wp\/v2\/pages\/173\/revisions"}],"predecessor-version":[{"id":529,"href":"https:\/\/valentine-graphisme.com\/index.php\/wp-json\/wp\/v2\/pages\/173\/revisions\/529"}],"wp:attachment":[{"href":"https:\/\/valentine-graphisme.com\/index.php\/wp-json\/wp\/v2\/media?parent=173"}],"curies":[{"name":"wp","href":"https:\/\/api.w.org\/{rel}","templated":true}]}}