{"id":171,"date":"2020-09-03T13:40:09","date_gmt":"2020-09-03T11:40:09","guid":{"rendered":"http:\/\/valenvm.cluster031.hosting.ovh.net\/?page_id=171"},"modified":"2020-09-20T13:12:27","modified_gmt":"2020-09-20T11:12:27","slug":"les-darons-de-la-garonne","status":"publish","type":"page","link":"https:\/\/valentine-graphisme.com\/index.php\/les-darons-de-la-garonne\/","title":{"rendered":"Les Darons de la Garonne"},"content":{"rendered":"\t\t<div data-elementor-type=\"wp-page\" data-elementor-id=\"171\" class=\"elementor elementor-171\">\n\t\t\t\t\t\t<section class=\"elementor-section elementor-top-section elementor-element elementor-element-4f8ad869 elementor-section-boxed elementor-section-height-default elementor-section-height-default jltma-glass-effect-no\" data-id=\"4f8ad869\" data-element_type=\"section\" data-e-type=\"section\">\n\t\t\t\t\t\t<div class=\"elementor-container elementor-column-gap-default\">\n\t\t\t\t\t<div class=\"elementor-column elementor-col-100 elementor-top-column elementor-element elementor-element-586964ea jltma-glass-effect-no\" data-id=\"586964ea\" data-element_type=\"column\" data-e-type=\"column\">\n\t\t\t<div class=\"elementor-widget-wrap elementor-element-populated\">\n\t\t\t\t\t\t<div class=\"elementor-element elementor-element-66d4e1dd jltma-glass-effect-no elementor-widget elementor-widget-heading\" data-id=\"66d4e1dd\" data-element_type=\"widget\" data-e-type=\"widget\" data-widget_type=\"heading.default\">\n\t\t\t\t<div class=\"elementor-widget-container\">\n\t\t\t\t\t<h2 class=\"elementor-heading-title elementor-size-default\">Les darons de la Garonne<\/h2>\t\t\t\t<\/div>\n\t\t\t\t<\/div>\n\t\t\t\t<div class=\"elementor-element elementor-element-5768dfb7 jltma-glass-effect-no elementor-widget elementor-widget-text-editor\" data-id=\"5768dfb7\" data-element_type=\"widget\" data-e-type=\"widget\" data-widget_type=\"text-editor.default\">\n\t\t\t\t<div class=\"elementor-widget-container\">\n\t\t\t\t\t\t\t\t\t<div>\u00c0 l&rsquo;occasion de la sortie prochaine d&rsquo;un album de Mouss et Hakim qui fait hommage \u00e0 Claude Nougaro : \u00ab\u00a0les darons de la Garonne\u00a0\u00bb,\u00a0il nous a \u00e9t\u00e9 demand\u00e9 d&rsquo;imaginer un concept de communication autour de cette collaboration musicale.\u00a0<br \/><br \/><\/div><div>R\u00e9alisation d&rsquo;un logo, d&rsquo;un concept de design interactif et d&rsquo;affiches.<\/div><div><br \/>Projet r\u00e9alis\u00e9 avec <a href=\"https:\/\/www.linkedin.com\/in\/axelle-malard\/\">Axelle Malard<\/a>, <a href=\"https:\/\/www.linkedin.com\/in\/laura-peyroutou-2016381b1\/\">Laura Peyroutou<\/a>, <a href=\"https:\/\/www.linkedin.com\/in\/marine-albrun-b910a1139\/\">Marine Albrun<\/a>, <a href=\"https:\/\/www.paulclerc.fr\/?fbclid=IwAR2z1jnPtO9Zv28TD8iR2xdLoqxLkT3vi7bH1Wtc2RMddrHLWQ3SNXmFs6s\">Paul Clerc<\/a> et <a href=\"https:\/\/www.linkedin.com\/in\/joseph-kessler-73b902165\/\">Joseph Kessler\u00a0<\/a><\/div>\t\t\t\t\t\t\t\t<\/div>\n\t\t\t\t<\/div>\n\t\t\t\t<div class=\"elementor-element elementor-element-6b61c3ca jltma-glass-effect-no elementor-widget elementor-widget-text-editor\" data-id=\"6b61c3ca\" data-element_type=\"widget\" data-e-type=\"widget\" data-widget_type=\"text-editor.default\">\n\t\t\t\t<div class=\"elementor-widget-container\">\n\t\t\t\t\t\t\t\t\t<p>Identit\u00e9 visuelle \u2022 PUBLICIT\u00c9\u00a0<\/p>\t\t\t\t\t\t\t\t<\/div>\n\t\t\t\t<\/div>\n\t\t\t\t\t<\/div>\n\t\t<\/div>\n\t\t\t\t\t<\/div>\n\t\t<\/section>\n\t\t\t\t<section class=\"elementor-section elementor-top-section elementor-element elementor-element-d2785cf elementor-section-boxed elementor-section-height-default elementor-section-height-default jltma-glass-effect-no\" data-id=\"d2785cf\" data-element_type=\"section\" data-e-type=\"section\">\n\t\t\t\t\t\t<div class=\"elementor-container elementor-column-gap-default\">\n\t\t\t\t\t<div class=\"elementor-column elementor-col-100 elementor-top-column elementor-element elementor-element-2185957 jltma-glass-effect-no\" data-id=\"2185957\" data-element_type=\"column\" data-e-type=\"column\">\n\t\t\t<div class=\"elementor-widget-wrap elementor-element-populated\">\n\t\t\t\t\t\t<div class=\"elementor-element elementor-element-aaadb9f jltma-glass-effect-no elementor-widget elementor-widget-image\" data-id=\"aaadb9f\" data-element_type=\"widget\" data-e-type=\"widget\" data-widget_type=\"image.default\">\n\t\t\t\t<div class=\"elementor-widget-container\">\n\t\t\t\t\t\t\t\t\t\t\t\t\t\t\t<img fetchpriority=\"high\" decoding=\"async\" width=\"2560\" height=\"1209\" src=\"https:\/\/valentine-graphisme.com\/wp-content\/uploads\/2020\/09\/logo-darons-garonne-zebda-nougaro-toulouse-11-scaled.jpg\" class=\"attachment-full size-full wp-image-410\" alt=\"\" srcset=\"https:\/\/valentine-graphisme.com\/wp-content\/uploads\/2020\/09\/logo-darons-garonne-zebda-nougaro-toulouse-11-scaled.jpg 2560w, https:\/\/valentine-graphisme.com\/wp-content\/uploads\/2020\/09\/logo-darons-garonne-zebda-nougaro-toulouse-11-300x142.jpg 300w, https:\/\/valentine-graphisme.com\/wp-content\/uploads\/2020\/09\/logo-darons-garonne-zebda-nougaro-toulouse-11-1024x484.jpg 1024w, https:\/\/valentine-graphisme.com\/wp-content\/uploads\/2020\/09\/logo-darons-garonne-zebda-nougaro-toulouse-11-768x363.jpg 768w, https:\/\/valentine-graphisme.com\/wp-content\/uploads\/2020\/09\/logo-darons-garonne-zebda-nougaro-toulouse-11-1536x726.jpg 1536w\" sizes=\"(max-width: 2560px) 100vw, 2560px\" \/>\t\t\t\t\t\t\t\t\t\t\t\t\t\t\t<\/div>\n\t\t\t\t<\/div>\n\t\t\t\t<div class=\"elementor-element elementor-element-0c0d7ef jltma-glass-effect-no elementor-widget elementor-widget-image\" data-id=\"0c0d7ef\" data-element_type=\"widget\" data-e-type=\"widget\" data-widget_type=\"image.default\">\n\t\t\t\t<div class=\"elementor-widget-container\">\n\t\t\t\t\t\t\t\t\t\t\t\t\t\t\t<img decoding=\"async\" width=\"2560\" height=\"1258\" src=\"https:\/\/valentine-graphisme.com\/wp-content\/uploads\/2020\/09\/typographie-darons-garonne-zebda-nougaro-toulouse-12-scaled.jpg\" class=\"attachment-full size-full wp-image-412\" alt=\"\" srcset=\"https:\/\/valentine-graphisme.com\/wp-content\/uploads\/2020\/09\/typographie-darons-garonne-zebda-nougaro-toulouse-12-scaled.jpg 2560w, https:\/\/valentine-graphisme.com\/wp-content\/uploads\/2020\/09\/typographie-darons-garonne-zebda-nougaro-toulouse-12-300x147.jpg 300w, https:\/\/valentine-graphisme.com\/wp-content\/uploads\/2020\/09\/typographie-darons-garonne-zebda-nougaro-toulouse-12-1024x503.jpg 1024w, https:\/\/valentine-graphisme.com\/wp-content\/uploads\/2020\/09\/typographie-darons-garonne-zebda-nougaro-toulouse-12-768x377.jpg 768w, https:\/\/valentine-graphisme.com\/wp-content\/uploads\/2020\/09\/typographie-darons-garonne-zebda-nougaro-toulouse-12-1536x755.jpg 1536w, https:\/\/valentine-graphisme.com\/wp-content\/uploads\/2020\/09\/typographie-darons-garonne-zebda-nougaro-toulouse-12-2048x1006.jpg 2048w\" sizes=\"(max-width: 2560px) 100vw, 2560px\" \/>\t\t\t\t\t\t\t\t\t\t\t\t\t\t\t<\/div>\n\t\t\t\t<\/div>\n\t\t\t\t<div class=\"elementor-element elementor-element-a78efe3 elementor-arrows-position-inside elementor-pagination-position-outside jltma-glass-effect-no elementor-widget elementor-widget-image-carousel\" data-id=\"a78efe3\" data-element_type=\"widget\" data-e-type=\"widget\" data-settings=\"{&quot;slides_to_show&quot;:&quot;1&quot;,&quot;autoplay_speed&quot;:8000,&quot;speed&quot;:1000,&quot;navigation&quot;:&quot;both&quot;,&quot;autoplay&quot;:&quot;yes&quot;,&quot;pause_on_hover&quot;:&quot;yes&quot;,&quot;pause_on_interaction&quot;:&quot;yes&quot;,&quot;infinite&quot;:&quot;yes&quot;,&quot;effect&quot;:&quot;slide&quot;}\" data-widget_type=\"image-carousel.default\">\n\t\t\t\t<div class=\"elementor-widget-container\">\n\t\t\t\t\t\t\t<div class=\"elementor-image-carousel-wrapper swiper\" role=\"region\" aria-roledescription=\"carousel\" aria-label=\"Carrousel d\u2019images\" dir=\"ltr\">\n\t\t\t<div class=\"elementor-image-carousel swiper-wrapper\" aria-live=\"off\">\n\t\t\t\t\t\t\t\t<div class=\"swiper-slide\" role=\"group\" aria-roledescription=\"slide\" aria-label=\"1 sur 19\"><figure class=\"swiper-slide-inner\"><img decoding=\"async\" class=\"swiper-slide-image\" src=\"https:\/\/valentine-graphisme.com\/wp-content\/uploads\/2020\/09\/darons-garonne-mouss-hakim-nougaro_Plan-de-travail-1-2048x1455.jpg\" alt=\"darons-garonne-mouss-hakim-nougaro_Plan de travail 1\" \/><\/figure><\/div><div class=\"swiper-slide\" role=\"group\" aria-roledescription=\"slide\" aria-label=\"2 sur 19\"><figure class=\"swiper-slide-inner\"><img decoding=\"async\" class=\"swiper-slide-image\" src=\"https:\/\/valentine-graphisme.com\/wp-content\/uploads\/2020\/09\/darons-garonne-mouss-hakim-nougaro-02-2048x1454.jpg\" alt=\"darons-garonne-mouss-hakim-nougaro-02\" \/><\/figure><\/div><div class=\"swiper-slide\" role=\"group\" aria-roledescription=\"slide\" aria-label=\"3 sur 19\"><figure class=\"swiper-slide-inner\"><img decoding=\"async\" class=\"swiper-slide-image\" src=\"https:\/\/valentine-graphisme.com\/wp-content\/uploads\/2020\/09\/darons-garonne-mouss-hakim-nougaro-03-2048x1454.jpg\" alt=\"darons-garonne-mouss-hakim-nougaro-03\" \/><\/figure><\/div><div class=\"swiper-slide\" role=\"group\" aria-roledescription=\"slide\" aria-label=\"4 sur 19\"><figure class=\"swiper-slide-inner\"><img decoding=\"async\" class=\"swiper-slide-image\" src=\"https:\/\/valentine-graphisme.com\/wp-content\/uploads\/2020\/09\/darons-garonne-mouss-hakim-nougaro-04-2048x1454.jpg\" alt=\"darons-garonne-mouss-hakim-nougaro-04\" \/><\/figure><\/div><div class=\"swiper-slide\" role=\"group\" aria-roledescription=\"slide\" aria-label=\"5 sur 19\"><figure class=\"swiper-slide-inner\"><img decoding=\"async\" class=\"swiper-slide-image\" src=\"https:\/\/valentine-graphisme.com\/wp-content\/uploads\/2020\/09\/darons-garonne-mouss-hakim-nougaro-05-2048x1454.jpg\" alt=\"darons-garonne-mouss-hakim-nougaro-05\" \/><\/figure><\/div><div class=\"swiper-slide\" role=\"group\" aria-roledescription=\"slide\" aria-label=\"6 sur 19\"><figure class=\"swiper-slide-inner\"><img decoding=\"async\" class=\"swiper-slide-image\" src=\"https:\/\/valentine-graphisme.com\/wp-content\/uploads\/2020\/09\/darons-garonne-mouss-hakim-nougaro-06-2048x1454.jpg\" alt=\"darons-garonne-mouss-hakim-nougaro-06\" \/><\/figure><\/div><div class=\"swiper-slide\" role=\"group\" aria-roledescription=\"slide\" aria-label=\"7 sur 19\"><figure class=\"swiper-slide-inner\"><img decoding=\"async\" class=\"swiper-slide-image\" src=\"https:\/\/valentine-graphisme.com\/wp-content\/uploads\/2020\/09\/darons-garonne-mouss-hakim-nougaro-07-2048x1454.jpg\" alt=\"darons-garonne-mouss-hakim-nougaro-07\" \/><\/figure><\/div><div class=\"swiper-slide\" role=\"group\" aria-roledescription=\"slide\" aria-label=\"8 sur 19\"><figure class=\"swiper-slide-inner\"><img decoding=\"async\" class=\"swiper-slide-image\" src=\"https:\/\/valentine-graphisme.com\/wp-content\/uploads\/2020\/09\/darons-garonne-mouss-hakim-nougaro-08-2048x1454.jpg\" alt=\"darons-garonne-mouss-hakim-nougaro-08\" \/><\/figure><\/div><div class=\"swiper-slide\" role=\"group\" aria-roledescription=\"slide\" aria-label=\"9 sur 19\"><figure class=\"swiper-slide-inner\"><img decoding=\"async\" class=\"swiper-slide-image\" src=\"https:\/\/valentine-graphisme.com\/wp-content\/uploads\/2020\/09\/darons-garonne-mouss-hakim-nougaro-09-2048x1454.jpg\" alt=\"darons-garonne-mouss-hakim-nougaro-09\" \/><\/figure><\/div><div class=\"swiper-slide\" role=\"group\" aria-roledescription=\"slide\" aria-label=\"10 sur 19\"><figure class=\"swiper-slide-inner\"><img decoding=\"async\" class=\"swiper-slide-image\" src=\"https:\/\/valentine-graphisme.com\/wp-content\/uploads\/2020\/09\/darons-garonne-mouss-hakim-nougaro-10-2048x1454.jpg\" alt=\"darons-garonne-mouss-hakim-nougaro-10\" \/><\/figure><\/div><div class=\"swiper-slide\" role=\"group\" aria-roledescription=\"slide\" aria-label=\"11 sur 19\"><figure class=\"swiper-slide-inner\"><img decoding=\"async\" class=\"swiper-slide-image\" src=\"https:\/\/valentine-graphisme.com\/wp-content\/uploads\/2020\/09\/darons-garonne-mouss-hakim-nougaro-11-2048x1454.jpg\" alt=\"darons-garonne-mouss-hakim-nougaro-11\" \/><\/figure><\/div><div class=\"swiper-slide\" role=\"group\" aria-roledescription=\"slide\" aria-label=\"12 sur 19\"><figure class=\"swiper-slide-inner\"><img decoding=\"async\" class=\"swiper-slide-image\" src=\"https:\/\/valentine-graphisme.com\/wp-content\/uploads\/2020\/09\/darons-garonne-mouss-hakim-nougaro-12-2048x1454.jpg\" alt=\"darons-garonne-mouss-hakim-nougaro-12\" \/><\/figure><\/div><div class=\"swiper-slide\" role=\"group\" aria-roledescription=\"slide\" aria-label=\"13 sur 19\"><figure class=\"swiper-slide-inner\"><img decoding=\"async\" class=\"swiper-slide-image\" src=\"https:\/\/valentine-graphisme.com\/wp-content\/uploads\/2020\/09\/darons-garonne-mouss-hakim-nougaro-13-2048x1454.jpg\" alt=\"darons-garonne-mouss-hakim-nougaro-13\" \/><\/figure><\/div><div class=\"swiper-slide\" role=\"group\" aria-roledescription=\"slide\" aria-label=\"14 sur 19\"><figure class=\"swiper-slide-inner\"><img decoding=\"async\" class=\"swiper-slide-image\" src=\"https:\/\/valentine-graphisme.com\/wp-content\/uploads\/2020\/09\/darons-garonne-mouss-hakim-nougaro-14-2048x1454.jpg\" alt=\"darons-garonne-mouss-hakim-nougaro-14\" \/><\/figure><\/div><div class=\"swiper-slide\" role=\"group\" aria-roledescription=\"slide\" aria-label=\"15 sur 19\"><figure class=\"swiper-slide-inner\"><img decoding=\"async\" class=\"swiper-slide-image\" src=\"https:\/\/valentine-graphisme.com\/wp-content\/uploads\/2020\/09\/darons-garonne-mouss-hakim-nougaro-15-15-1-2048x1454.jpg\" alt=\"darons-garonne-mouss-hakim-nougaro-15-15\" \/><\/figure><\/div><div class=\"swiper-slide\" role=\"group\" aria-roledescription=\"slide\" aria-label=\"16 sur 19\"><figure class=\"swiper-slide-inner\"><img decoding=\"async\" class=\"swiper-slide-image\" src=\"https:\/\/valentine-graphisme.com\/wp-content\/uploads\/2020\/09\/darons-garonne-mouss-hakim-nougaro-16-2048x1454.jpg\" alt=\"darons-garonne-mouss-hakim-nougaro-16\" \/><\/figure><\/div><div class=\"swiper-slide\" role=\"group\" aria-roledescription=\"slide\" aria-label=\"17 sur 19\"><figure class=\"swiper-slide-inner\"><img decoding=\"async\" class=\"swiper-slide-image\" src=\"https:\/\/valentine-graphisme.com\/wp-content\/uploads\/2020\/09\/darons-garonne-mouss-hakim-nougaro-17-2048x1454.jpg\" alt=\"darons-garonne-mouss-hakim-nougaro-17\" \/><\/figure><\/div><div class=\"swiper-slide\" role=\"group\" aria-roledescription=\"slide\" aria-label=\"18 sur 19\"><figure class=\"swiper-slide-inner\"><img decoding=\"async\" class=\"swiper-slide-image\" src=\"https:\/\/valentine-graphisme.com\/wp-content\/uploads\/2020\/09\/darons-garonne-mouss-hakim-nougaro-18-2-2048x1454.jpg\" alt=\"darons-garonne-mouss-hakim-nougaro-18\" \/><\/figure><\/div><div class=\"swiper-slide\" role=\"group\" aria-roledescription=\"slide\" aria-label=\"19 sur 19\"><figure class=\"swiper-slide-inner\"><img decoding=\"async\" class=\"swiper-slide-image\" src=\"https:\/\/valentine-graphisme.com\/wp-content\/uploads\/2020\/09\/darons-garonne-mouss-hakim-nougaro-19-2048x1454.jpg\" alt=\"darons-garonne-mouss-hakim-nougaro-19\" \/><\/figure><\/div>\t\t\t<\/div>\n\t\t\t\t\t\t\t\t\t\t\t\t<div class=\"elementor-swiper-button elementor-swiper-button-prev\" role=\"button\" tabindex=\"0\">\n\t\t\t\t\t\t<i aria-hidden=\"true\" class=\"eicon-chevron-left\"><\/i>\t\t\t\t\t<\/div>\n\t\t\t\t\t<div class=\"elementor-swiper-button elementor-swiper-button-next\" role=\"button\" tabindex=\"0\">\n\t\t\t\t\t\t<i aria-hidden=\"true\" class=\"eicon-chevron-right\"><\/i>\t\t\t\t\t<\/div>\n\t\t\t\t\n\t\t\t\t\t\t\t\t\t<div class=\"swiper-pagination\"><\/div>\n\t\t\t\t\t\t\t\t\t<\/div>\n\t\t\t\t\t\t<\/div>\n\t\t\t\t<\/div>\n\t\t\t\t<div class=\"elementor-element elementor-element-32259a3 jltma-glass-effect-no elementor-widget elementor-widget-text-editor\" data-id=\"32259a3\" data-element_type=\"widget\" data-e-type=\"widget\" data-widget_type=\"text-editor.default\">\n\t\t\t\t<div class=\"elementor-widget-container\">\n\t\t\t\t\t\t\t\t\t<p>Livret de pr\u00e9sentation du projet mis en page par Axelle Malard<\/p>\t\t\t\t\t\t\t\t<\/div>\n\t\t\t\t<\/div>\n\t\t\t\t<div class=\"elementor-element elementor-element-d67fbd8 jltma-glass-effect-no elementor-widget elementor-widget-image\" data-id=\"d67fbd8\" data-element_type=\"widget\" data-e-type=\"widget\" data-widget_type=\"image.default\">\n\t\t\t\t<div class=\"elementor-widget-container\">\n\t\t\t\t\t\t\t\t\t\t\t\t\t\t\t<img decoding=\"async\" width=\"2560\" height=\"1462\" src=\"https:\/\/valentine-graphisme.com\/wp-content\/uploads\/2020\/09\/illustration-valentine-redoules-nougaro-zebda-scaled.jpg\" class=\"attachment-full size-full wp-image-406\" alt=\"\" srcset=\"https:\/\/valentine-graphisme.com\/wp-content\/uploads\/2020\/09\/illustration-valentine-redoules-nougaro-zebda-scaled.jpg 2560w, https:\/\/valentine-graphisme.com\/wp-content\/uploads\/2020\/09\/illustration-valentine-redoules-nougaro-zebda-300x171.jpg 300w, https:\/\/valentine-graphisme.com\/wp-content\/uploads\/2020\/09\/illustration-valentine-redoules-nougaro-zebda-1024x585.jpg 1024w, https:\/\/valentine-graphisme.com\/wp-content\/uploads\/2020\/09\/illustration-valentine-redoules-nougaro-zebda-768x439.jpg 768w, https:\/\/valentine-graphisme.com\/wp-content\/uploads\/2020\/09\/illustration-valentine-redoules-nougaro-zebda-1536x877.jpg 1536w, https:\/\/valentine-graphisme.com\/wp-content\/uploads\/2020\/09\/illustration-valentine-redoules-nougaro-zebda-2048x1169.jpg 2048w\" sizes=\"(max-width: 2560px) 100vw, 2560px\" \/>\t\t\t\t\t\t\t\t\t\t\t\t\t\t\t<\/div>\n\t\t\t\t<\/div>\n\t\t\t\t\t<\/div>\n\t\t<\/div>\n\t\t\t\t\t<\/div>\n\t\t<\/section>\n\t\t\t\t<\/div>\n\t\t","protected":false},"excerpt":{"rendered":"<p>Les darons de la Garonne \u00c0 l&rsquo;occasion de la sortie prochaine d&rsquo;un album de Mouss et Hakim qui fait hommage \u00e0 Claude Nougaro : \u00ab\u00a0les darons de la Garonne\u00a0\u00bb,\u00a0il nous a \u00e9t\u00e9 demand\u00e9 d&rsquo;imaginer un concept de communication autour de cette collaboration musicale.\u00a0 R\u00e9alisation d&rsquo;un logo, d&rsquo;un concept de design interactif et d&rsquo;affiches.Projet r\u00e9alis\u00e9 avec [&hellip;]<\/p>\n","protected":false},"author":1,"featured_media":0,"parent":0,"menu_order":5,"comment_status":"closed","ping_status":"closed","template":"","meta":{"ocean_post_layout":"","ocean_both_sidebars_style":"","ocean_both_sidebars_content_width":0,"ocean_both_sidebars_sidebars_width":0,"ocean_sidebar":"0","ocean_second_sidebar":"0","ocean_disable_margins":"enable","ocean_add_body_class":"","ocean_shortcode_before_top_bar":"","ocean_shortcode_after_top_bar":"","ocean_shortcode_before_header":"","ocean_shortcode_after_header":"","ocean_has_shortcode":"","ocean_shortcode_after_title":"","ocean_shortcode_before_footer_widgets":"","ocean_shortcode_after_footer_widgets":"","ocean_shortcode_before_footer_bottom":"","ocean_shortcode_after_footer_bottom":"","ocean_display_top_bar":"default","ocean_display_header":"default","ocean_header_style":"","ocean_center_header_left_menu":"0","ocean_custom_header_template":"0","ocean_custom_logo":0,"ocean_custom_retina_logo":0,"ocean_custom_logo_max_width":0,"ocean_custom_logo_tablet_max_width":0,"ocean_custom_logo_mobile_max_width":0,"ocean_custom_logo_max_height":0,"ocean_custom_logo_tablet_max_height":0,"ocean_custom_logo_mobile_max_height":0,"ocean_header_custom_menu":"0","ocean_menu_typo_font_family":"0","ocean_menu_typo_font_subset":"","ocean_menu_typo_font_size":0,"ocean_menu_typo_font_size_tablet":0,"ocean_menu_typo_font_size_mobile":0,"ocean_menu_typo_font_size_unit":"px","ocean_menu_typo_font_weight":"","ocean_menu_typo_font_weight_tablet":"","ocean_menu_typo_font_weight_mobile":"","ocean_menu_typo_transform":"","ocean_menu_typo_transform_tablet":"","ocean_menu_typo_transform_mobile":"","ocean_menu_typo_line_height":0,"ocean_menu_typo_line_height_tablet":0,"ocean_menu_typo_line_height_mobile":0,"ocean_menu_typo_line_height_unit":"","ocean_menu_typo_spacing":0,"ocean_menu_typo_spacing_tablet":0,"ocean_menu_typo_spacing_mobile":0,"ocean_menu_typo_spacing_unit":"","ocean_menu_link_color":"","ocean_menu_link_color_hover":"","ocean_menu_link_color_active":"","ocean_menu_link_background":"","ocean_menu_link_hover_background":"","ocean_menu_link_active_background":"","ocean_menu_social_links_bg":"","ocean_menu_social_hover_links_bg":"","ocean_menu_social_links_color":"","ocean_menu_social_hover_links_color":"","ocean_disable_title":"on","ocean_disable_heading":"default","ocean_post_title":"","ocean_post_subheading":"","ocean_post_title_style":"","ocean_post_title_background_color":"","ocean_post_title_background":0,"ocean_post_title_bg_image_position":"","ocean_post_title_bg_image_attachment":"","ocean_post_title_bg_image_repeat":"","ocean_post_title_bg_image_size":"","ocean_post_title_height":0,"ocean_post_title_bg_overlay":0.5,"ocean_post_title_bg_overlay_color":"","ocean_disable_breadcrumbs":"default","ocean_breadcrumbs_color":"","ocean_breadcrumbs_separator_color":"","ocean_breadcrumbs_links_color":"","ocean_breadcrumbs_links_hover_color":"","ocean_display_footer_widgets":"default","ocean_display_footer_bottom":"default","ocean_custom_footer_template":"0","footnotes":""},"class_list":["post-171","page","type-page","status-publish","hentry","entry"],"_links":{"self":[{"href":"https:\/\/valentine-graphisme.com\/index.php\/wp-json\/wp\/v2\/pages\/171","targetHints":{"allow":["GET"]}}],"collection":[{"href":"https:\/\/valentine-graphisme.com\/index.php\/wp-json\/wp\/v2\/pages"}],"about":[{"href":"https:\/\/valentine-graphisme.com\/index.php\/wp-json\/wp\/v2\/types\/page"}],"author":[{"embeddable":true,"href":"https:\/\/valentine-graphisme.com\/index.php\/wp-json\/wp\/v2\/users\/1"}],"replies":[{"embeddable":true,"href":"https:\/\/valentine-graphisme.com\/index.php\/wp-json\/wp\/v2\/comments?post=171"}],"version-history":[{"count":8,"href":"https:\/\/valentine-graphisme.com\/index.php\/wp-json\/wp\/v2\/pages\/171\/revisions"}],"predecessor-version":[{"id":439,"href":"https:\/\/valentine-graphisme.com\/index.php\/wp-json\/wp\/v2\/pages\/171\/revisions\/439"}],"wp:attachment":[{"href":"https:\/\/valentine-graphisme.com\/index.php\/wp-json\/wp\/v2\/media?parent=171"}],"curies":[{"name":"wp","href":"https:\/\/api.w.org\/{rel}","templated":true}]}}