{"id":167,"date":"2020-09-03T13:38:55","date_gmt":"2020-09-03T11:38:55","guid":{"rendered":"http:\/\/valenvm.cluster031.hosting.ovh.net\/?page_id=167"},"modified":"2020-09-20T14:04:51","modified_gmt":"2020-09-20T12:04:51","slug":"bledina","status":"publish","type":"page","link":"https:\/\/valentine-graphisme.com\/index.php\/bledina\/","title":{"rendered":"Bl\u00e9dina"},"content":{"rendered":"\t\t<div data-elementor-type=\"wp-page\" data-elementor-id=\"167\" class=\"elementor elementor-167\">\n\t\t\t\t\t\t<section class=\"elementor-section elementor-top-section elementor-element elementor-element-179a188 elementor-section-boxed elementor-section-height-default elementor-section-height-default jltma-glass-effect-no\" data-id=\"179a188\" data-element_type=\"section\" data-e-type=\"section\">\n\t\t\t\t\t\t<div class=\"elementor-container elementor-column-gap-default\">\n\t\t\t\t\t<div class=\"elementor-column elementor-col-100 elementor-top-column elementor-element elementor-element-2a54ea6c jltma-glass-effect-no\" data-id=\"2a54ea6c\" data-element_type=\"column\" data-e-type=\"column\">\n\t\t\t<div class=\"elementor-widget-wrap elementor-element-populated\">\n\t\t\t\t\t\t<div class=\"elementor-element elementor-element-5e1fb4b1 jltma-glass-effect-no elementor-widget elementor-widget-heading\" data-id=\"5e1fb4b1\" data-element_type=\"widget\" data-e-type=\"widget\" data-widget_type=\"heading.default\">\n\t\t\t\t<div class=\"elementor-widget-container\">\n\t\t\t\t\t<h2 class=\"elementor-heading-title elementor-size-default\">Bl\u00e9dina<\/h2>\t\t\t\t<\/div>\n\t\t\t\t<\/div>\n\t\t\t\t<div class=\"elementor-element elementor-element-96fd95d jltma-glass-effect-no elementor-widget elementor-widget-text-editor\" data-id=\"96fd95d\" data-element_type=\"widget\" data-e-type=\"widget\" data-widget_type=\"text-editor.default\">\n\t\t\t\t<div class=\"elementor-widget-container\">\n\t\t\t\t\t\t\t\t\t<div>R\u00e9alisation d&rsquo;un concept publicitaire pour Bl\u00e9dina. La marque \u00a0souhaite\u00a0r\u00e9actualiser sa campagne \u00ab\u00a0On mange mieux quand on est curieux\u00a0\u00bb \u00e0 partir d&rsquo;une r\u00e9f\u00e9rence culturelle.\u00a0<\/div><div>La r\u00e9f\u00e9rence choisie est Sherlock Holmes pour sa connotation \u00e0 l&rsquo;intelligence et \u00e0 la curiosit\u00e9.<\/div>\t\t\t\t\t\t\t\t<\/div>\n\t\t\t\t<\/div>\n\t\t\t\t<div class=\"elementor-element elementor-element-3d4ae498 jltma-glass-effect-no elementor-widget elementor-widget-text-editor\" data-id=\"3d4ae498\" data-element_type=\"widget\" data-e-type=\"widget\" data-widget_type=\"text-editor.default\">\n\t\t\t\t<div class=\"elementor-widget-container\">\n\t\t\t\t\t\t\t\t\t<p>\u00a0PUBLICIT\u00c9<\/p>\t\t\t\t\t\t\t\t<\/div>\n\t\t\t\t<\/div>\n\t\t\t\t\t<\/div>\n\t\t<\/div>\n\t\t\t\t\t<\/div>\n\t\t<\/section>\n\t\t\t\t<section class=\"elementor-section elementor-top-section elementor-element elementor-element-17fe451 elementor-section-boxed elementor-section-height-default elementor-section-height-default jltma-glass-effect-no\" data-id=\"17fe451\" data-element_type=\"section\" data-e-type=\"section\">\n\t\t\t\t\t\t<div class=\"elementor-container elementor-column-gap-default\">\n\t\t\t\t\t<div class=\"elementor-column elementor-col-100 elementor-top-column elementor-element elementor-element-d7e2878 jltma-glass-effect-no\" data-id=\"d7e2878\" data-element_type=\"column\" data-e-type=\"column\">\n\t\t\t<div class=\"elementor-widget-wrap elementor-element-populated\">\n\t\t\t\t\t\t<div class=\"elementor-element elementor-element-c16ad0b jltma-glass-effect-no elementor-widget elementor-widget-image\" data-id=\"c16ad0b\" data-element_type=\"widget\" data-e-type=\"widget\" data-widget_type=\"image.default\">\n\t\t\t\t<div class=\"elementor-widget-container\">\n\t\t\t\t\t\t\t\t\t\t\t\t\t\t\t<img fetchpriority=\"high\" decoding=\"async\" width=\"1024\" height=\"576\" src=\"https:\/\/valentine-graphisme.com\/wp-content\/uploads\/2020\/09\/illustraton-bledina_Plan-de-travail-1-copie-2-1024x576.jpg\" class=\"attachment-large size-large wp-image-452\" alt=\"\" srcset=\"https:\/\/valentine-graphisme.com\/wp-content\/uploads\/2020\/09\/illustraton-bledina_Plan-de-travail-1-copie-2-1024x576.jpg 1024w, https:\/\/valentine-graphisme.com\/wp-content\/uploads\/2020\/09\/illustraton-bledina_Plan-de-travail-1-copie-2-300x169.jpg 300w, https:\/\/valentine-graphisme.com\/wp-content\/uploads\/2020\/09\/illustraton-bledina_Plan-de-travail-1-copie-2-768x432.jpg 768w, https:\/\/valentine-graphisme.com\/wp-content\/uploads\/2020\/09\/illustraton-bledina_Plan-de-travail-1-copie-2-1536x864.jpg 1536w, https:\/\/valentine-graphisme.com\/wp-content\/uploads\/2020\/09\/illustraton-bledina_Plan-de-travail-1-copie-2-2048x1152.jpg 2048w\" sizes=\"(max-width: 1024px) 100vw, 1024px\" \/>\t\t\t\t\t\t\t\t\t\t\t\t\t\t\t<\/div>\n\t\t\t\t<\/div>\n\t\t\t\t<div class=\"elementor-element elementor-element-1d97e3c jltma-glass-effect-no elementor-widget elementor-widget-image\" data-id=\"1d97e3c\" data-element_type=\"widget\" data-e-type=\"widget\" data-widget_type=\"image.default\">\n\t\t\t\t<div class=\"elementor-widget-container\">\n\t\t\t\t\t\t\t\t\t\t\t\t\t\t\t<img decoding=\"async\" width=\"1024\" height=\"724\" src=\"https:\/\/valentine-graphisme.com\/wp-content\/uploads\/2020\/09\/bledina-1024x724.jpg\" class=\"attachment-large size-large wp-image-454\" alt=\"\" srcset=\"https:\/\/valentine-graphisme.com\/wp-content\/uploads\/2020\/09\/bledina-1024x724.jpg 1024w, https:\/\/valentine-graphisme.com\/wp-content\/uploads\/2020\/09\/bledina-300x212.jpg 300w, https:\/\/valentine-graphisme.com\/wp-content\/uploads\/2020\/09\/bledina-768x543.jpg 768w, https:\/\/valentine-graphisme.com\/wp-content\/uploads\/2020\/09\/bledina.jpg 1500w\" sizes=\"(max-width: 1024px) 100vw, 1024px\" \/>\t\t\t\t\t\t\t\t\t\t\t\t\t\t\t<\/div>\n\t\t\t\t<\/div>\n\t\t\t\t<div class=\"elementor-element elementor-element-2d9c832 jltma-glass-effect-no elementor-widget elementor-widget-image\" data-id=\"2d9c832\" data-element_type=\"widget\" data-e-type=\"widget\" data-widget_type=\"image.default\">\n\t\t\t\t<div class=\"elementor-widget-container\">\n\t\t\t\t\t\t\t\t\t\t\t\t\t\t\t<img decoding=\"async\" width=\"1024\" height=\"683\" src=\"https:\/\/valentine-graphisme.com\/wp-content\/uploads\/2020\/09\/bledina-mockup-mac-1024x683.jpg\" class=\"attachment-large size-large wp-image-455\" alt=\"\" srcset=\"https:\/\/valentine-graphisme.com\/wp-content\/uploads\/2020\/09\/bledina-mockup-mac-1024x683.jpg 1024w, https:\/\/valentine-graphisme.com\/wp-content\/uploads\/2020\/09\/bledina-mockup-mac-300x200.jpg 300w, https:\/\/valentine-graphisme.com\/wp-content\/uploads\/2020\/09\/bledina-mockup-mac-768x512.jpg 768w, https:\/\/valentine-graphisme.com\/wp-content\/uploads\/2020\/09\/bledina-mockup-mac.jpg 1500w\" sizes=\"(max-width: 1024px) 100vw, 1024px\" \/>\t\t\t\t\t\t\t\t\t\t\t\t\t\t\t<\/div>\n\t\t\t\t<\/div>\n\t\t\t\t\t<\/div>\n\t\t<\/div>\n\t\t\t\t\t<\/div>\n\t\t<\/section>\n\t\t\t\t<section class=\"elementor-section elementor-top-section elementor-element elementor-element-5bd0bc3b elementor-section-boxed elementor-section-height-default elementor-section-height-default jltma-glass-effect-no\" data-id=\"5bd0bc3b\" data-element_type=\"section\" data-e-type=\"section\">\n\t\t\t\t\t\t<div class=\"elementor-container elementor-column-gap-default\">\n\t\t\t\t\t<div class=\"elementor-column elementor-col-100 elementor-top-column elementor-element elementor-element-50a79611 jltma-glass-effect-no\" data-id=\"50a79611\" data-element_type=\"column\" data-e-type=\"column\">\n\t\t\t<div class=\"elementor-widget-wrap elementor-element-populated\">\n\t\t\t\t\t\t<div class=\"elementor-element elementor-element-39d0a3dc jltma-glass-effect-no elementor-widget elementor-widget-text-editor\" data-id=\"39d0a3dc\" data-element_type=\"widget\" data-e-type=\"widget\" data-widget_type=\"text-editor.default\">\n\t\t\t\t<div class=\"elementor-widget-container\">\n\t\t\t\t\t\t\t\t\t<p>Projet fictif r\u00e9alis\u00e9 dans le cadre scolaire \u2022 2020<\/p>\t\t\t\t\t\t\t\t<\/div>\n\t\t\t\t<\/div>\n\t\t\t\t\t<\/div>\n\t\t<\/div>\n\t\t\t\t\t<\/div>\n\t\t<\/section>\n\t\t\t\t<\/div>\n\t\t","protected":false},"excerpt":{"rendered":"<p>Bl\u00e9dina R\u00e9alisation d&rsquo;un concept publicitaire pour Bl\u00e9dina. La marque \u00a0souhaite\u00a0r\u00e9actualiser sa campagne \u00ab\u00a0On mange mieux quand on est curieux\u00a0\u00bb \u00e0 partir d&rsquo;une r\u00e9f\u00e9rence culturelle.\u00a0La r\u00e9f\u00e9rence choisie est Sherlock Holmes pour sa connotation \u00e0 l&rsquo;intelligence et \u00e0 la curiosit\u00e9. \u00a0PUBLICIT\u00c9 Projet fictif r\u00e9alis\u00e9 dans le cadre scolaire \u2022 2020<\/p>\n","protected":false},"author":1,"featured_media":0,"parent":0,"menu_order":5,"comment_status":"closed","ping_status":"closed","template":"","meta":{"ocean_post_layout":"","ocean_both_sidebars_style":"","ocean_both_sidebars_content_width":0,"ocean_both_sidebars_sidebars_width":0,"ocean_sidebar":"0","ocean_second_sidebar":"0","ocean_disable_margins":"enable","ocean_add_body_class":"","ocean_shortcode_before_top_bar":"","ocean_shortcode_after_top_bar":"","ocean_shortcode_before_header":"","ocean_shortcode_after_header":"","ocean_has_shortcode":"","ocean_shortcode_after_title":"","ocean_shortcode_before_footer_widgets":"","ocean_shortcode_after_footer_widgets":"","ocean_shortcode_before_footer_bottom":"","ocean_shortcode_after_footer_bottom":"","ocean_display_top_bar":"default","ocean_display_header":"default","ocean_header_style":"","ocean_center_header_left_menu":"0","ocean_custom_header_template":"0","ocean_custom_logo":0,"ocean_custom_retina_logo":0,"ocean_custom_logo_max_width":0,"ocean_custom_logo_tablet_max_width":0,"ocean_custom_logo_mobile_max_width":0,"ocean_custom_logo_max_height":0,"ocean_custom_logo_tablet_max_height":0,"ocean_custom_logo_mobile_max_height":0,"ocean_header_custom_menu":"0","ocean_menu_typo_font_family":"0","ocean_menu_typo_font_subset":"","ocean_menu_typo_font_size":0,"ocean_menu_typo_font_size_tablet":0,"ocean_menu_typo_font_size_mobile":0,"ocean_menu_typo_font_size_unit":"px","ocean_menu_typo_font_weight":"","ocean_menu_typo_font_weight_tablet":"","ocean_menu_typo_font_weight_mobile":"","ocean_menu_typo_transform":"","ocean_menu_typo_transform_tablet":"","ocean_menu_typo_transform_mobile":"","ocean_menu_typo_line_height":0,"ocean_menu_typo_line_height_tablet":0,"ocean_menu_typo_line_height_mobile":0,"ocean_menu_typo_line_height_unit":"","ocean_menu_typo_spacing":0,"ocean_menu_typo_spacing_tablet":0,"ocean_menu_typo_spacing_mobile":0,"ocean_menu_typo_spacing_unit":"","ocean_menu_link_color":"","ocean_menu_link_color_hover":"","ocean_menu_link_color_active":"","ocean_menu_link_background":"","ocean_menu_link_hover_background":"","ocean_menu_link_active_background":"","ocean_menu_social_links_bg":"","ocean_menu_social_hover_links_bg":"","ocean_menu_social_links_color":"","ocean_menu_social_hover_links_color":"","ocean_disable_title":"on","ocean_disable_heading":"default","ocean_post_title":"","ocean_post_subheading":"","ocean_post_title_style":"","ocean_post_title_background_color":"","ocean_post_title_background":0,"ocean_post_title_bg_image_position":"","ocean_post_title_bg_image_attachment":"","ocean_post_title_bg_image_repeat":"","ocean_post_title_bg_image_size":"","ocean_post_title_height":0,"ocean_post_title_bg_overlay":0.5,"ocean_post_title_bg_overlay_color":"","ocean_disable_breadcrumbs":"default","ocean_breadcrumbs_color":"","ocean_breadcrumbs_separator_color":"","ocean_breadcrumbs_links_color":"","ocean_breadcrumbs_links_hover_color":"","ocean_display_footer_widgets":"default","ocean_display_footer_bottom":"default","ocean_custom_footer_template":"0","footnotes":""},"class_list":["post-167","page","type-page","status-publish","hentry","entry"],"_links":{"self":[{"href":"https:\/\/valentine-graphisme.com\/index.php\/wp-json\/wp\/v2\/pages\/167","targetHints":{"allow":["GET"]}}],"collection":[{"href":"https:\/\/valentine-graphisme.com\/index.php\/wp-json\/wp\/v2\/pages"}],"about":[{"href":"https:\/\/valentine-graphisme.com\/index.php\/wp-json\/wp\/v2\/types\/page"}],"author":[{"embeddable":true,"href":"https:\/\/valentine-graphisme.com\/index.php\/wp-json\/wp\/v2\/users\/1"}],"replies":[{"embeddable":true,"href":"https:\/\/valentine-graphisme.com\/index.php\/wp-json\/wp\/v2\/comments?post=167"}],"version-history":[{"count":2,"href":"https:\/\/valentine-graphisme.com\/index.php\/wp-json\/wp\/v2\/pages\/167\/revisions"}],"predecessor-version":[{"id":457,"href":"https:\/\/valentine-graphisme.com\/index.php\/wp-json\/wp\/v2\/pages\/167\/revisions\/457"}],"wp:attachment":[{"href":"https:\/\/valentine-graphisme.com\/index.php\/wp-json\/wp\/v2\/media?parent=167"}],"curies":[{"name":"wp","href":"https:\/\/api.w.org\/{rel}","templated":true}]}}