{"id":164,"date":"2020-09-03T13:35:51","date_gmt":"2020-09-03T11:35:51","guid":{"rendered":"http:\/\/valenvm.cluster031.hosting.ovh.net\/?page_id=164"},"modified":"2020-09-14T13:58:40","modified_gmt":"2020-09-14T11:58:40","slug":"agrivert","status":"publish","type":"page","link":"https:\/\/valentine-graphisme.com\/index.php\/agrivert\/","title":{"rendered":"Agrivert"},"content":{"rendered":"\t\t<div data-elementor-type=\"wp-page\" data-elementor-id=\"164\" class=\"elementor elementor-164\">\n\t\t\t\t\t\t<section class=\"elementor-section elementor-top-section elementor-element elementor-element-2dbd0b95 elementor-section-boxed elementor-section-height-default elementor-section-height-default jltma-glass-effect-no\" data-id=\"2dbd0b95\" data-element_type=\"section\" data-e-type=\"section\">\n\t\t\t\t\t\t<div class=\"elementor-container elementor-column-gap-default\">\n\t\t\t\t\t<div class=\"elementor-column elementor-col-100 elementor-top-column elementor-element elementor-element-47ddbfad jltma-glass-effect-no\" data-id=\"47ddbfad\" data-element_type=\"column\" data-e-type=\"column\">\n\t\t\t<div class=\"elementor-widget-wrap elementor-element-populated\">\n\t\t\t\t\t\t<div class=\"elementor-element elementor-element-29bbca7c jltma-glass-effect-no elementor-widget elementor-widget-heading\" data-id=\"29bbca7c\" data-element_type=\"widget\" data-e-type=\"widget\" data-widget_type=\"heading.default\">\n\t\t\t\t<div class=\"elementor-widget-container\">\n\t\t\t\t\t<h2 class=\"elementor-heading-title elementor-size-default\">Agrivert<\/h2>\t\t\t\t<\/div>\n\t\t\t\t<\/div>\n\t\t\t\t<div class=\"elementor-element elementor-element-19a55d89 jltma-glass-effect-no elementor-widget elementor-widget-text-editor\" data-id=\"19a55d89\" data-element_type=\"widget\" data-e-type=\"widget\" data-widget_type=\"text-editor.default\">\n\t\t\t\t<div class=\"elementor-widget-container\">\n\t\t\t\t\t\t\t\t\t<p>Cr\u00e9ation d\u2019une identit\u00e9 visuelle pour Agrivert, une entreprise d\u2019agriculture verticale.<\/p><p>Agrivert, nouvelle entreprise d\u2019agriculture verticale en d\u00e9veloppement, a besoin d\u2019une identit\u00e9 qui communique ses valeurs \u00e9cologiques et environnementales, pour se faire conna\u00eetre et se d\u00e9velopper dans la ville de Montr\u00e9al.<\/p>\t\t\t\t\t\t\t\t<\/div>\n\t\t\t\t<\/div>\n\t\t\t\t<div class=\"elementor-element elementor-element-5c463854 jltma-glass-effect-no elementor-widget elementor-widget-text-editor\" data-id=\"5c463854\" data-element_type=\"widget\" data-e-type=\"widget\" data-widget_type=\"text-editor.default\">\n\t\t\t\t<div class=\"elementor-widget-container\">\n\t\t\t\t\t\t\t\t\t<p>Identit\u00e9 visuelle<\/p>\t\t\t\t\t\t\t\t<\/div>\n\t\t\t\t<\/div>\n\t\t\t\t\t<\/div>\n\t\t<\/div>\n\t\t\t\t\t<\/div>\n\t\t<\/section>\n\t\t\t\t<section class=\"elementor-section elementor-top-section elementor-element elementor-element-20ef5cf elementor-section-stretched elementor-section-boxed elementor-section-height-default elementor-section-height-default jltma-glass-effect-no\" data-id=\"20ef5cf\" data-element_type=\"section\" data-e-type=\"section\" data-settings=\"{&quot;stretch_section&quot;:&quot;section-stretched&quot;}\">\n\t\t\t\t\t\t<div class=\"elementor-container elementor-column-gap-default\">\n\t\t\t\t\t<div class=\"elementor-column elementor-col-100 elementor-top-column elementor-element elementor-element-dafc251 jltma-glass-effect-no\" data-id=\"dafc251\" data-element_type=\"column\" data-e-type=\"column\">\n\t\t\t<div class=\"elementor-widget-wrap elementor-element-populated\">\n\t\t\t\t\t\t<div class=\"elementor-element elementor-element-53cf33c jltma-glass-effect-no elementor-widget elementor-widget-image\" data-id=\"53cf33c\" data-element_type=\"widget\" data-e-type=\"widget\" data-widget_type=\"image.default\">\n\t\t\t\t<div class=\"elementor-widget-container\">\n\t\t\t\t\t\t\t\t\t\t\t\t\t\t\t<img fetchpriority=\"high\" decoding=\"async\" width=\"2560\" height=\"1440\" src=\"https:\/\/valentine-graphisme.com\/wp-content\/uploads\/2020\/09\/design-logo-graphisme-agriculture-scaled.jpg\" class=\"attachment-full size-full wp-image-249\" alt=\"\" srcset=\"https:\/\/valentine-graphisme.com\/wp-content\/uploads\/2020\/09\/design-logo-graphisme-agriculture-scaled.jpg 2560w, https:\/\/valentine-graphisme.com\/wp-content\/uploads\/2020\/09\/design-logo-graphisme-agriculture-300x169.jpg 300w, https:\/\/valentine-graphisme.com\/wp-content\/uploads\/2020\/09\/design-logo-graphisme-agriculture-1024x576.jpg 1024w, https:\/\/valentine-graphisme.com\/wp-content\/uploads\/2020\/09\/design-logo-graphisme-agriculture-768x432.jpg 768w, https:\/\/valentine-graphisme.com\/wp-content\/uploads\/2020\/09\/design-logo-graphisme-agriculture-1536x864.jpg 1536w, https:\/\/valentine-graphisme.com\/wp-content\/uploads\/2020\/09\/design-logo-graphisme-agriculture-2048x1152.jpg 2048w\" sizes=\"(max-width: 2560px) 100vw, 2560px\" \/>\t\t\t\t\t\t\t\t\t\t\t\t\t\t\t<\/div>\n\t\t\t\t<\/div>\n\t\t\t\t<div class=\"elementor-element elementor-element-8cc12d2 jltma-glass-effect-no elementor-widget elementor-widget-image\" data-id=\"8cc12d2\" data-element_type=\"widget\" data-e-type=\"widget\" data-widget_type=\"image.default\">\n\t\t\t\t<div class=\"elementor-widget-container\">\n\t\t\t\t\t\t\t\t\t\t\t\t\t\t\t<img decoding=\"async\" width=\"2560\" height=\"1440\" src=\"https:\/\/valentine-graphisme.com\/wp-content\/uploads\/2020\/09\/design-logo-graphisme-agriculture-redoules-scaled.jpg\" class=\"attachment-full size-full wp-image-248\" alt=\"\" srcset=\"https:\/\/valentine-graphisme.com\/wp-content\/uploads\/2020\/09\/design-logo-graphisme-agriculture-redoules-scaled.jpg 2560w, https:\/\/valentine-graphisme.com\/wp-content\/uploads\/2020\/09\/design-logo-graphisme-agriculture-redoules-300x169.jpg 300w, https:\/\/valentine-graphisme.com\/wp-content\/uploads\/2020\/09\/design-logo-graphisme-agriculture-redoules-1024x576.jpg 1024w, https:\/\/valentine-graphisme.com\/wp-content\/uploads\/2020\/09\/design-logo-graphisme-agriculture-redoules-768x432.jpg 768w, https:\/\/valentine-graphisme.com\/wp-content\/uploads\/2020\/09\/design-logo-graphisme-agriculture-redoules-1536x864.jpg 1536w, https:\/\/valentine-graphisme.com\/wp-content\/uploads\/2020\/09\/design-logo-graphisme-agriculture-redoules-2048x1152.jpg 2048w\" sizes=\"(max-width: 2560px) 100vw, 2560px\" \/>\t\t\t\t\t\t\t\t\t\t\t\t\t\t\t<\/div>\n\t\t\t\t<\/div>\n\t\t\t\t<div class=\"elementor-element elementor-element-285bd8a jltma-glass-effect-no elementor-widget elementor-widget-image\" data-id=\"285bd8a\" data-element_type=\"widget\" data-e-type=\"widget\" data-widget_type=\"image.default\">\n\t\t\t\t<div class=\"elementor-widget-container\">\n\t\t\t\t\t\t\t\t\t\t\t\t\t\t\t<img decoding=\"async\" width=\"2560\" height=\"1440\" src=\"https:\/\/valentine-graphisme.com\/wp-content\/uploads\/2020\/09\/design-logo-graphisme-identite-visuelle-agriculture-scaled.jpg\" class=\"attachment-full size-full wp-image-250\" alt=\"\" srcset=\"https:\/\/valentine-graphisme.com\/wp-content\/uploads\/2020\/09\/design-logo-graphisme-identite-visuelle-agriculture-scaled.jpg 2560w, https:\/\/valentine-graphisme.com\/wp-content\/uploads\/2020\/09\/design-logo-graphisme-identite-visuelle-agriculture-300x169.jpg 300w, https:\/\/valentine-graphisme.com\/wp-content\/uploads\/2020\/09\/design-logo-graphisme-identite-visuelle-agriculture-1024x576.jpg 1024w, https:\/\/valentine-graphisme.com\/wp-content\/uploads\/2020\/09\/design-logo-graphisme-identite-visuelle-agriculture-768x432.jpg 768w, https:\/\/valentine-graphisme.com\/wp-content\/uploads\/2020\/09\/design-logo-graphisme-identite-visuelle-agriculture-1536x864.jpg 1536w, https:\/\/valentine-graphisme.com\/wp-content\/uploads\/2020\/09\/design-logo-graphisme-identite-visuelle-agriculture-2048x1152.jpg 2048w\" sizes=\"(max-width: 2560px) 100vw, 2560px\" \/>\t\t\t\t\t\t\t\t\t\t\t\t\t\t\t<\/div>\n\t\t\t\t<\/div>\n\t\t\t\t<div class=\"elementor-element elementor-element-d89eedc jltma-glass-effect-no elementor-widget elementor-widget-image\" data-id=\"d89eedc\" data-element_type=\"widget\" data-e-type=\"widget\" data-widget_type=\"image.default\">\n\t\t\t\t<div class=\"elementor-widget-container\">\n\t\t\t\t\t\t\t\t\t\t\t\t\t\t\t<img loading=\"lazy\" decoding=\"async\" width=\"2560\" height=\"1440\" src=\"https:\/\/valentine-graphisme.com\/wp-content\/uploads\/2020\/09\/design-logo-graphiste-agriculture-scaled.jpg\" class=\"attachment-full size-full wp-image-251\" alt=\"\" srcset=\"https:\/\/valentine-graphisme.com\/wp-content\/uploads\/2020\/09\/design-logo-graphiste-agriculture-scaled.jpg 2560w, https:\/\/valentine-graphisme.com\/wp-content\/uploads\/2020\/09\/design-logo-graphiste-agriculture-300x169.jpg 300w, https:\/\/valentine-graphisme.com\/wp-content\/uploads\/2020\/09\/design-logo-graphiste-agriculture-1024x576.jpg 1024w, https:\/\/valentine-graphisme.com\/wp-content\/uploads\/2020\/09\/design-logo-graphiste-agriculture-768x432.jpg 768w, https:\/\/valentine-graphisme.com\/wp-content\/uploads\/2020\/09\/design-logo-graphiste-agriculture-1536x864.jpg 1536w, https:\/\/valentine-graphisme.com\/wp-content\/uploads\/2020\/09\/design-logo-graphiste-agriculture-2048x1152.jpg 2048w\" sizes=\"(max-width: 2560px) 100vw, 2560px\" \/>\t\t\t\t\t\t\t\t\t\t\t\t\t\t\t<\/div>\n\t\t\t\t<\/div>\n\t\t\t\t<div class=\"elementor-element elementor-element-55167ff jltma-glass-effect-no elementor-widget elementor-widget-image\" data-id=\"55167ff\" data-element_type=\"widget\" data-e-type=\"widget\" data-widget_type=\"image.default\">\n\t\t\t\t<div class=\"elementor-widget-container\">\n\t\t\t\t\t\t\t\t\t\t\t\t\t\t\t<img loading=\"lazy\" decoding=\"async\" width=\"2560\" height=\"703\" src=\"https:\/\/valentine-graphisme.com\/wp-content\/uploads\/2020\/09\/design-logo-graphisme-agriculture-identite-scaled.jpg\" class=\"attachment-full size-full wp-image-247\" alt=\"\" srcset=\"https:\/\/valentine-graphisme.com\/wp-content\/uploads\/2020\/09\/design-logo-graphisme-agriculture-identite-scaled.jpg 2560w, https:\/\/valentine-graphisme.com\/wp-content\/uploads\/2020\/09\/design-logo-graphisme-agriculture-identite-300x82.jpg 300w, https:\/\/valentine-graphisme.com\/wp-content\/uploads\/2020\/09\/design-logo-graphisme-agriculture-identite-1024x281.jpg 1024w, https:\/\/valentine-graphisme.com\/wp-content\/uploads\/2020\/09\/design-logo-graphisme-agriculture-identite-768x211.jpg 768w, https:\/\/valentine-graphisme.com\/wp-content\/uploads\/2020\/09\/design-logo-graphisme-agriculture-identite-1536x422.jpg 1536w, https:\/\/valentine-graphisme.com\/wp-content\/uploads\/2020\/09\/design-logo-graphisme-agriculture-identite-2048x562.jpg 2048w\" sizes=\"(max-width: 2560px) 100vw, 2560px\" \/>\t\t\t\t\t\t\t\t\t\t\t\t\t\t\t<\/div>\n\t\t\t\t<\/div>\n\t\t\t\t\t<\/div>\n\t\t<\/div>\n\t\t\t\t\t<\/div>\n\t\t<\/section>\n\t\t\t\t<section class=\"elementor-section elementor-top-section elementor-element elementor-element-f82c613 elementor-section-boxed elementor-section-height-default elementor-section-height-default jltma-glass-effect-no\" data-id=\"f82c613\" data-element_type=\"section\" data-e-type=\"section\">\n\t\t\t\t\t\t<div class=\"elementor-container elementor-column-gap-default\">\n\t\t\t\t\t<div class=\"elementor-column elementor-col-100 elementor-top-column elementor-element elementor-element-5b6b039 jltma-glass-effect-no\" data-id=\"5b6b039\" data-element_type=\"column\" data-e-type=\"column\">\n\t\t\t<div class=\"elementor-widget-wrap elementor-element-populated\">\n\t\t\t\t\t\t<div class=\"elementor-element elementor-element-af09659 jltma-glass-effect-no elementor-widget elementor-widget-text-editor\" data-id=\"af09659\" data-element_type=\"widget\" data-e-type=\"widget\" data-widget_type=\"text-editor.default\">\n\t\t\t\t<div class=\"elementor-widget-container\">\n\t\t\t\t\t\t\t\t\t<p>Projet fictif r\u00e9alis\u00e9 dans le cadre scolaire \u2022 2018<\/p>\t\t\t\t\t\t\t\t<\/div>\n\t\t\t\t<\/div>\n\t\t\t\t\t<\/div>\n\t\t<\/div>\n\t\t\t\t\t<\/div>\n\t\t<\/section>\n\t\t\t\t<\/div>\n\t\t","protected":false},"excerpt":{"rendered":"<p>Agrivert Cr\u00e9ation d\u2019une identit\u00e9 visuelle pour Agrivert, une entreprise d\u2019agriculture verticale. Agrivert, nouvelle entreprise d\u2019agriculture verticale en d\u00e9veloppement, a besoin d\u2019une identit\u00e9 qui communique ses valeurs \u00e9cologiques et environnementales, pour se faire conna\u00eetre et se d\u00e9velopper dans la ville de Montr\u00e9al. Identit\u00e9 visuelle Projet fictif r\u00e9alis\u00e9 dans le cadre scolaire \u2022 2018<\/p>\n","protected":false},"author":1,"featured_media":165,"parent":0,"menu_order":5,"comment_status":"closed","ping_status":"closed","template":"","meta":{"ocean_post_layout":"","ocean_both_sidebars_style":"","ocean_both_sidebars_content_width":0,"ocean_both_sidebars_sidebars_width":0,"ocean_sidebar":"0","ocean_second_sidebar":"0","ocean_disable_margins":"enable","ocean_add_body_class":"","ocean_shortcode_before_top_bar":"","ocean_shortcode_after_top_bar":"","ocean_shortcode_before_header":"","ocean_shortcode_after_header":"","ocean_has_shortcode":"","ocean_shortcode_after_title":"","ocean_shortcode_before_footer_widgets":"","ocean_shortcode_after_footer_widgets":"","ocean_shortcode_before_footer_bottom":"","ocean_shortcode_after_footer_bottom":"","ocean_display_top_bar":"default","ocean_display_header":"default","ocean_header_style":"","ocean_center_header_left_menu":"0","ocean_custom_header_template":"0","ocean_custom_logo":0,"ocean_custom_retina_logo":0,"ocean_custom_logo_max_width":0,"ocean_custom_logo_tablet_max_width":0,"ocean_custom_logo_mobile_max_width":0,"ocean_custom_logo_max_height":0,"ocean_custom_logo_tablet_max_height":0,"ocean_custom_logo_mobile_max_height":0,"ocean_header_custom_menu":"0","ocean_menu_typo_font_family":"0","ocean_menu_typo_font_subset":"","ocean_menu_typo_font_size":0,"ocean_menu_typo_font_size_tablet":0,"ocean_menu_typo_font_size_mobile":0,"ocean_menu_typo_font_size_unit":"px","ocean_menu_typo_font_weight":"","ocean_menu_typo_font_weight_tablet":"","ocean_menu_typo_font_weight_mobile":"","ocean_menu_typo_transform":"","ocean_menu_typo_transform_tablet":"","ocean_menu_typo_transform_mobile":"","ocean_menu_typo_line_height":0,"ocean_menu_typo_line_height_tablet":0,"ocean_menu_typo_line_height_mobile":0,"ocean_menu_typo_line_height_unit":"","ocean_menu_typo_spacing":0,"ocean_menu_typo_spacing_tablet":0,"ocean_menu_typo_spacing_mobile":0,"ocean_menu_typo_spacing_unit":"","ocean_menu_link_color":"","ocean_menu_link_color_hover":"","ocean_menu_link_color_active":"","ocean_menu_link_background":"","ocean_menu_link_hover_background":"","ocean_menu_link_active_background":"","ocean_menu_social_links_bg":"","ocean_menu_social_hover_links_bg":"","ocean_menu_social_links_color":"","ocean_menu_social_hover_links_color":"","ocean_disable_title":"on","ocean_disable_heading":"default","ocean_post_title":"","ocean_post_subheading":"","ocean_post_title_style":"","ocean_post_title_background_color":"","ocean_post_title_background":0,"ocean_post_title_bg_image_position":"","ocean_post_title_bg_image_attachment":"","ocean_post_title_bg_image_repeat":"","ocean_post_title_bg_image_size":"","ocean_post_title_height":0,"ocean_post_title_bg_overlay":0.5,"ocean_post_title_bg_overlay_color":"","ocean_disable_breadcrumbs":"default","ocean_breadcrumbs_color":"","ocean_breadcrumbs_separator_color":"","ocean_breadcrumbs_links_color":"","ocean_breadcrumbs_links_hover_color":"","ocean_display_footer_widgets":"default","ocean_display_footer_bottom":"default","ocean_custom_footer_template":"0","footnotes":""},"class_list":["post-164","page","type-page","status-publish","has-post-thumbnail","hentry","entry","has-media"],"_links":{"self":[{"href":"https:\/\/valentine-graphisme.com\/index.php\/wp-json\/wp\/v2\/pages\/164","targetHints":{"allow":["GET"]}}],"collection":[{"href":"https:\/\/valentine-graphisme.com\/index.php\/wp-json\/wp\/v2\/pages"}],"about":[{"href":"https:\/\/valentine-graphisme.com\/index.php\/wp-json\/wp\/v2\/types\/page"}],"author":[{"embeddable":true,"href":"https:\/\/valentine-graphisme.com\/index.php\/wp-json\/wp\/v2\/users\/1"}],"replies":[{"embeddable":true,"href":"https:\/\/valentine-graphisme.com\/index.php\/wp-json\/wp\/v2\/comments?post=164"}],"version-history":[{"count":3,"href":"https:\/\/valentine-graphisme.com\/index.php\/wp-json\/wp\/v2\/pages\/164\/revisions"}],"predecessor-version":[{"id":256,"href":"https:\/\/valentine-graphisme.com\/index.php\/wp-json\/wp\/v2\/pages\/164\/revisions\/256"}],"wp:featuredmedia":[{"embeddable":true,"href":"https:\/\/valentine-graphisme.com\/index.php\/wp-json\/wp\/v2\/media\/165"}],"wp:attachment":[{"href":"https:\/\/valentine-graphisme.com\/index.php\/wp-json\/wp\/v2\/media?parent=164"}],"curies":[{"name":"wp","href":"https:\/\/api.w.org\/{rel}","templated":true}]}}