{"id":155,"date":"2020-09-03T13:29:05","date_gmt":"2020-09-03T11:29:05","guid":{"rendered":"http:\/\/valenvm.cluster031.hosting.ovh.net\/?page_id=155"},"modified":"2020-09-20T12:09:10","modified_gmt":"2020-09-20T10:09:10","slug":"cent-mille-lieux","status":"publish","type":"page","link":"https:\/\/valentine-graphisme.com\/index.php\/cent-mille-lieux\/","title":{"rendered":"Cent Mille Lieux"},"content":{"rendered":"\t\t<div data-elementor-type=\"wp-page\" data-elementor-id=\"155\" class=\"elementor elementor-155\">\n\t\t\t\t\t\t<section class=\"elementor-section elementor-top-section elementor-element elementor-element-84ea02e elementor-section-boxed elementor-section-height-default elementor-section-height-default jltma-glass-effect-no\" data-id=\"84ea02e\" data-element_type=\"section\" data-e-type=\"section\">\n\t\t\t\t\t\t<div class=\"elementor-container elementor-column-gap-default\">\n\t\t\t\t\t<div class=\"elementor-column elementor-col-100 elementor-top-column elementor-element elementor-element-dd3cc28 jltma-glass-effect-no\" data-id=\"dd3cc28\" data-element_type=\"column\" data-e-type=\"column\">\n\t\t\t<div class=\"elementor-widget-wrap\">\n\t\t\t\t\t\t\t<\/div>\n\t\t<\/div>\n\t\t\t\t\t<\/div>\n\t\t<\/section>\n\t\t\t\t<section class=\"elementor-section elementor-top-section elementor-element elementor-element-6c1d4888 elementor-section-boxed elementor-section-height-default elementor-section-height-default jltma-glass-effect-no\" data-id=\"6c1d4888\" data-element_type=\"section\" data-e-type=\"section\">\n\t\t\t\t\t\t<div class=\"elementor-container elementor-column-gap-default\">\n\t\t\t\t\t<div class=\"elementor-column elementor-col-100 elementor-top-column elementor-element elementor-element-7551b3a jltma-glass-effect-no\" data-id=\"7551b3a\" data-element_type=\"column\" data-e-type=\"column\">\n\t\t\t<div class=\"elementor-widget-wrap elementor-element-populated\">\n\t\t\t\t\t\t<div class=\"elementor-element elementor-element-2cc50b47 jltma-glass-effect-no elementor-widget elementor-widget-heading\" data-id=\"2cc50b47\" data-element_type=\"widget\" data-e-type=\"widget\" data-widget_type=\"heading.default\">\n\t\t\t\t<div class=\"elementor-widget-container\">\n\t\t\t\t\t<h2 class=\"elementor-heading-title elementor-size-default\">Cent Mille Lieux<\/h2>\t\t\t\t<\/div>\n\t\t\t\t<\/div>\n\t\t\t\t<div class=\"elementor-element elementor-element-d6c9876 jltma-glass-effect-no elementor-widget elementor-widget-text-editor\" data-id=\"d6c9876\" data-element_type=\"widget\" data-e-type=\"widget\" data-widget_type=\"text-editor.default\">\n\t\t\t\t<div class=\"elementor-widget-container\">\n\t\t\t\t\t\t\t\t\t<p>Cr\u00e9ation d\u2019une identit\u00e9 visuelle pour\u00a0 l\u2019OBNL \u00adCent\u00a0Mille\u00a0Lieux, une troupe de th\u00e9\u00e2tre immersif.<br \/>Cent Mille Lieux souhaitait une identit\u00e9 visuelle comprenant sa charte graphique ainsi que de la papeterie, un portfolio et un site internet.<\/p><p>Ce projet a \u00e9t\u00e9 r\u00e9alis\u00e9 avec <a href=\"http:\/\/marinethery.work\/?fbclid=IwAR262xnzH1Z1XhaX5ClJP_cx9oqJ8ZXkTjwNEzfWR5wHFBempAQu0QBQyuw\">Marine Thery<\/a> et Katell Arnault de La M\u00e9nardi\u00e8re.<\/p>\t\t\t\t\t\t\t\t<\/div>\n\t\t\t\t<\/div>\n\t\t\t\t<div class=\"elementor-element elementor-element-131c9452 jltma-glass-effect-no elementor-widget elementor-widget-text-editor\" data-id=\"131c9452\" data-element_type=\"widget\" data-e-type=\"widget\" data-widget_type=\"text-editor.default\">\n\t\t\t\t<div class=\"elementor-widget-container\">\n\t\t\t\t\t\t\t\t\t<p>Identit\u00e9 visuelle \u2022 \u00e9dition<\/p>\t\t\t\t\t\t\t\t<\/div>\n\t\t\t\t<\/div>\n\t\t\t\t\t<\/div>\n\t\t<\/div>\n\t\t\t\t\t<\/div>\n\t\t<\/section>\n\t\t\t\t<section class=\"elementor-section elementor-top-section elementor-element elementor-element-39f829e0 elementor-section-stretched elementor-section-boxed elementor-section-height-default elementor-section-height-default jltma-glass-effect-no\" data-id=\"39f829e0\" data-element_type=\"section\" data-e-type=\"section\" data-settings=\"{&quot;stretch_section&quot;:&quot;section-stretched&quot;}\">\n\t\t\t\t\t\t<div class=\"elementor-container elementor-column-gap-default\">\n\t\t\t\t\t<div class=\"elementor-column elementor-col-100 elementor-top-column elementor-element elementor-element-5b44dd7e jltma-glass-effect-no\" data-id=\"5b44dd7e\" data-element_type=\"column\" data-e-type=\"column\">\n\t\t\t<div class=\"elementor-widget-wrap elementor-element-populated\">\n\t\t\t\t\t\t<div class=\"elementor-element elementor-element-221f560b jltma-glass-effect-no elementor-widget elementor-widget-image\" data-id=\"221f560b\" data-element_type=\"widget\" data-e-type=\"widget\" data-widget_type=\"image.default\">\n\t\t\t\t<div class=\"elementor-widget-container\">\n\t\t\t\t\t\t\t\t\t\t\t\t\t\t\t<img fetchpriority=\"high\" decoding=\"async\" width=\"2560\" height=\"1440\" src=\"https:\/\/valentine-graphisme.com\/wp-content\/uploads\/2020\/09\/valentine-redoules-identite-visuelle-logo-flyer-edition-scaled.jpg\" class=\"attachment-full size-full wp-image-324\" alt=\"\" srcset=\"https:\/\/valentine-graphisme.com\/wp-content\/uploads\/2020\/09\/valentine-redoules-identite-visuelle-logo-flyer-edition-scaled.jpg 2560w, https:\/\/valentine-graphisme.com\/wp-content\/uploads\/2020\/09\/valentine-redoules-identite-visuelle-logo-flyer-edition-300x169.jpg 300w, https:\/\/valentine-graphisme.com\/wp-content\/uploads\/2020\/09\/valentine-redoules-identite-visuelle-logo-flyer-edition-1024x576.jpg 1024w, https:\/\/valentine-graphisme.com\/wp-content\/uploads\/2020\/09\/valentine-redoules-identite-visuelle-logo-flyer-edition-768x432.jpg 768w, https:\/\/valentine-graphisme.com\/wp-content\/uploads\/2020\/09\/valentine-redoules-identite-visuelle-logo-flyer-edition-1536x864.jpg 1536w, https:\/\/valentine-graphisme.com\/wp-content\/uploads\/2020\/09\/valentine-redoules-identite-visuelle-logo-flyer-edition-2048x1152.jpg 2048w\" sizes=\"(max-width: 2560px) 100vw, 2560px\" \/>\t\t\t\t\t\t\t\t\t\t\t\t\t\t\t<\/div>\n\t\t\t\t<\/div>\n\t\t\t\t<div class=\"elementor-element elementor-element-11560f63 jltma-glass-effect-no elementor-widget elementor-widget-image\" data-id=\"11560f63\" data-element_type=\"widget\" data-e-type=\"widget\" data-widget_type=\"image.default\">\n\t\t\t\t<div class=\"elementor-widget-container\">\n\t\t\t\t\t\t\t\t\t\t\t\t\t\t\t<img decoding=\"async\" width=\"2560\" height=\"1440\" src=\"https:\/\/valentine-graphisme.com\/wp-content\/uploads\/2020\/09\/valentine-redoules-graphiste-logo-papeterie-edition-scaled.jpg\" class=\"attachment-full size-full wp-image-320\" alt=\"\" srcset=\"https:\/\/valentine-graphisme.com\/wp-content\/uploads\/2020\/09\/valentine-redoules-graphiste-logo-papeterie-edition-scaled.jpg 2560w, https:\/\/valentine-graphisme.com\/wp-content\/uploads\/2020\/09\/valentine-redoules-graphiste-logo-papeterie-edition-300x169.jpg 300w, https:\/\/valentine-graphisme.com\/wp-content\/uploads\/2020\/09\/valentine-redoules-graphiste-logo-papeterie-edition-1024x576.jpg 1024w, https:\/\/valentine-graphisme.com\/wp-content\/uploads\/2020\/09\/valentine-redoules-graphiste-logo-papeterie-edition-768x432.jpg 768w, https:\/\/valentine-graphisme.com\/wp-content\/uploads\/2020\/09\/valentine-redoules-graphiste-logo-papeterie-edition-1536x864.jpg 1536w, https:\/\/valentine-graphisme.com\/wp-content\/uploads\/2020\/09\/valentine-redoules-graphiste-logo-papeterie-edition-2048x1152.jpg 2048w\" sizes=\"(max-width: 2560px) 100vw, 2560px\" \/>\t\t\t\t\t\t\t\t\t\t\t\t\t\t\t<\/div>\n\t\t\t\t<\/div>\n\t\t\t\t<div class=\"elementor-element elementor-element-46dba3a5 jltma-glass-effect-no elementor-widget elementor-widget-image\" data-id=\"46dba3a5\" data-element_type=\"widget\" data-e-type=\"widget\" data-widget_type=\"image.default\">\n\t\t\t\t<div class=\"elementor-widget-container\">\n\t\t\t\t\t\t\t\t\t\t\t\t\t\t\t<img decoding=\"async\" width=\"2560\" height=\"1440\" src=\"https:\/\/valentine-graphisme.com\/wp-content\/uploads\/2020\/09\/valentine-redoules-graphiste-logo-edition-scaled.jpg\" class=\"attachment-full size-full wp-image-317\" alt=\"\" srcset=\"https:\/\/valentine-graphisme.com\/wp-content\/uploads\/2020\/09\/valentine-redoules-graphiste-logo-edition-scaled.jpg 2560w, https:\/\/valentine-graphisme.com\/wp-content\/uploads\/2020\/09\/valentine-redoules-graphiste-logo-edition-300x169.jpg 300w, https:\/\/valentine-graphisme.com\/wp-content\/uploads\/2020\/09\/valentine-redoules-graphiste-logo-edition-1024x576.jpg 1024w, https:\/\/valentine-graphisme.com\/wp-content\/uploads\/2020\/09\/valentine-redoules-graphiste-logo-edition-768x432.jpg 768w, https:\/\/valentine-graphisme.com\/wp-content\/uploads\/2020\/09\/valentine-redoules-graphiste-logo-edition-1536x864.jpg 1536w, https:\/\/valentine-graphisme.com\/wp-content\/uploads\/2020\/09\/valentine-redoules-graphiste-logo-edition-2048x1152.jpg 2048w\" sizes=\"(max-width: 2560px) 100vw, 2560px\" \/>\t\t\t\t\t\t\t\t\t\t\t\t\t\t\t<\/div>\n\t\t\t\t<\/div>\n\t\t\t\t<div class=\"elementor-element elementor-element-71122258 jltma-glass-effect-no elementor-widget elementor-widget-image\" data-id=\"71122258\" data-element_type=\"widget\" data-e-type=\"widget\" data-widget_type=\"image.default\">\n\t\t\t\t<div class=\"elementor-widget-container\">\n\t\t\t\t\t\t\t\t\t\t\t\t\t\t\t<img loading=\"lazy\" decoding=\"async\" width=\"2560\" height=\"1440\" src=\"https:\/\/valentine-graphisme.com\/wp-content\/uploads\/2020\/09\/valentine-redoules-graphiste-logo-portfolio-scaled.jpg\" class=\"attachment-full size-full wp-image-322\" alt=\"\" srcset=\"https:\/\/valentine-graphisme.com\/wp-content\/uploads\/2020\/09\/valentine-redoules-graphiste-logo-portfolio-scaled.jpg 2560w, https:\/\/valentine-graphisme.com\/wp-content\/uploads\/2020\/09\/valentine-redoules-graphiste-logo-portfolio-300x169.jpg 300w, https:\/\/valentine-graphisme.com\/wp-content\/uploads\/2020\/09\/valentine-redoules-graphiste-logo-portfolio-1024x576.jpg 1024w, https:\/\/valentine-graphisme.com\/wp-content\/uploads\/2020\/09\/valentine-redoules-graphiste-logo-portfolio-768x432.jpg 768w, https:\/\/valentine-graphisme.com\/wp-content\/uploads\/2020\/09\/valentine-redoules-graphiste-logo-portfolio-1536x864.jpg 1536w, https:\/\/valentine-graphisme.com\/wp-content\/uploads\/2020\/09\/valentine-redoules-graphiste-logo-portfolio-2048x1152.jpg 2048w\" sizes=\"(max-width: 2560px) 100vw, 2560px\" \/>\t\t\t\t\t\t\t\t\t\t\t\t\t\t\t<\/div>\n\t\t\t\t<\/div>\n\t\t\t\t<div class=\"elementor-element elementor-element-301bdb52 jltma-glass-effect-no elementor-widget elementor-widget-image\" data-id=\"301bdb52\" data-element_type=\"widget\" data-e-type=\"widget\" data-widget_type=\"image.default\">\n\t\t\t\t<div class=\"elementor-widget-container\">\n\t\t\t\t\t\t\t\t\t\t\t\t\t\t\t<img loading=\"lazy\" decoding=\"async\" width=\"2560\" height=\"1440\" src=\"https:\/\/valentine-graphisme.com\/wp-content\/uploads\/2020\/09\/valentine-redoules-graphiste-logo-portfolio-design-scaled.jpg\" class=\"attachment-full size-full wp-image-321\" alt=\"\" srcset=\"https:\/\/valentine-graphisme.com\/wp-content\/uploads\/2020\/09\/valentine-redoules-graphiste-logo-portfolio-design-scaled.jpg 2560w, https:\/\/valentine-graphisme.com\/wp-content\/uploads\/2020\/09\/valentine-redoules-graphiste-logo-portfolio-design-300x169.jpg 300w, https:\/\/valentine-graphisme.com\/wp-content\/uploads\/2020\/09\/valentine-redoules-graphiste-logo-portfolio-design-1024x576.jpg 1024w, https:\/\/valentine-graphisme.com\/wp-content\/uploads\/2020\/09\/valentine-redoules-graphiste-logo-portfolio-design-768x432.jpg 768w, https:\/\/valentine-graphisme.com\/wp-content\/uploads\/2020\/09\/valentine-redoules-graphiste-logo-portfolio-design-1536x864.jpg 1536w, https:\/\/valentine-graphisme.com\/wp-content\/uploads\/2020\/09\/valentine-redoules-graphiste-logo-portfolio-design-2048x1152.jpg 2048w\" sizes=\"(max-width: 2560px) 100vw, 2560px\" \/>\t\t\t\t\t\t\t\t\t\t\t\t\t\t\t<\/div>\n\t\t\t\t<\/div>\n\t\t\t\t<div class=\"elementor-element elementor-element-25dd8a0 jltma-glass-effect-no elementor-widget elementor-widget-image\" data-id=\"25dd8a0\" data-element_type=\"widget\" data-e-type=\"widget\" data-widget_type=\"image.default\">\n\t\t\t\t<div class=\"elementor-widget-container\">\n\t\t\t\t\t\t\t\t\t\t\t\t\t\t\t<img loading=\"lazy\" decoding=\"async\" width=\"2560\" height=\"1440\" src=\"https:\/\/valentine-graphisme.com\/wp-content\/uploads\/2020\/09\/valentine-redoules-graphiste-logo-flyer-edition-scaled.jpg\" class=\"attachment-full size-full wp-image-319\" alt=\"\" srcset=\"https:\/\/valentine-graphisme.com\/wp-content\/uploads\/2020\/09\/valentine-redoules-graphiste-logo-flyer-edition-scaled.jpg 2560w, https:\/\/valentine-graphisme.com\/wp-content\/uploads\/2020\/09\/valentine-redoules-graphiste-logo-flyer-edition-300x169.jpg 300w, https:\/\/valentine-graphisme.com\/wp-content\/uploads\/2020\/09\/valentine-redoules-graphiste-logo-flyer-edition-1024x576.jpg 1024w, https:\/\/valentine-graphisme.com\/wp-content\/uploads\/2020\/09\/valentine-redoules-graphiste-logo-flyer-edition-768x432.jpg 768w, https:\/\/valentine-graphisme.com\/wp-content\/uploads\/2020\/09\/valentine-redoules-graphiste-logo-flyer-edition-1536x864.jpg 1536w, https:\/\/valentine-graphisme.com\/wp-content\/uploads\/2020\/09\/valentine-redoules-graphiste-logo-flyer-edition-2048x1152.jpg 2048w\" sizes=\"(max-width: 2560px) 100vw, 2560px\" \/>\t\t\t\t\t\t\t\t\t\t\t\t\t\t\t<\/div>\n\t\t\t\t<\/div>\n\t\t\t\t<div class=\"elementor-element elementor-element-38e40ec8 jltma-glass-effect-no elementor-widget elementor-widget-image\" data-id=\"38e40ec8\" data-element_type=\"widget\" data-e-type=\"widget\" data-widget_type=\"image.default\">\n\t\t\t\t<div class=\"elementor-widget-container\">\n\t\t\t\t\t\t\t\t\t\t\t\t\t\t\t<img loading=\"lazy\" decoding=\"async\" width=\"2560\" height=\"1440\" src=\"https:\/\/valentine-graphisme.com\/wp-content\/uploads\/2020\/09\/valentine-redoules-graphiste-logo-flyer-edition-quebec-scaled.jpg\" class=\"attachment-full size-full wp-image-318\" alt=\"\" srcset=\"https:\/\/valentine-graphisme.com\/wp-content\/uploads\/2020\/09\/valentine-redoules-graphiste-logo-flyer-edition-quebec-scaled.jpg 2560w, https:\/\/valentine-graphisme.com\/wp-content\/uploads\/2020\/09\/valentine-redoules-graphiste-logo-flyer-edition-quebec-300x169.jpg 300w, https:\/\/valentine-graphisme.com\/wp-content\/uploads\/2020\/09\/valentine-redoules-graphiste-logo-flyer-edition-quebec-1024x576.jpg 1024w, https:\/\/valentine-graphisme.com\/wp-content\/uploads\/2020\/09\/valentine-redoules-graphiste-logo-flyer-edition-quebec-768x432.jpg 768w, https:\/\/valentine-graphisme.com\/wp-content\/uploads\/2020\/09\/valentine-redoules-graphiste-logo-flyer-edition-quebec-1536x864.jpg 1536w, https:\/\/valentine-graphisme.com\/wp-content\/uploads\/2020\/09\/valentine-redoules-graphiste-logo-flyer-edition-quebec-2048x1152.jpg 2048w\" sizes=\"(max-width: 2560px) 100vw, 2560px\" \/>\t\t\t\t\t\t\t\t\t\t\t\t\t\t\t<\/div>\n\t\t\t\t<\/div>\n\t\t\t\t<div class=\"elementor-element elementor-element-47a9a22 jltma-glass-effect-no elementor-widget elementor-widget-image\" data-id=\"47a9a22\" data-element_type=\"widget\" data-e-type=\"widget\" data-widget_type=\"image.default\">\n\t\t\t\t<div class=\"elementor-widget-container\">\n\t\t\t\t\t\t\t\t\t\t\t\t\t\t\t<img loading=\"lazy\" decoding=\"async\" width=\"2560\" height=\"1440\" src=\"https:\/\/valentine-graphisme.com\/wp-content\/uploads\/2020\/09\/valentine-redoules-graphiste-quebec-cent-mille-lieux-scaled.jpg\" class=\"attachment-full size-full wp-image-323\" alt=\"\" srcset=\"https:\/\/valentine-graphisme.com\/wp-content\/uploads\/2020\/09\/valentine-redoules-graphiste-quebec-cent-mille-lieux-scaled.jpg 2560w, https:\/\/valentine-graphisme.com\/wp-content\/uploads\/2020\/09\/valentine-redoules-graphiste-quebec-cent-mille-lieux-300x169.jpg 300w, https:\/\/valentine-graphisme.com\/wp-content\/uploads\/2020\/09\/valentine-redoules-graphiste-quebec-cent-mille-lieux-1024x576.jpg 1024w, https:\/\/valentine-graphisme.com\/wp-content\/uploads\/2020\/09\/valentine-redoules-graphiste-quebec-cent-mille-lieux-768x432.jpg 768w, https:\/\/valentine-graphisme.com\/wp-content\/uploads\/2020\/09\/valentine-redoules-graphiste-quebec-cent-mille-lieux-1536x864.jpg 1536w, https:\/\/valentine-graphisme.com\/wp-content\/uploads\/2020\/09\/valentine-redoules-graphiste-quebec-cent-mille-lieux-2048x1152.jpg 2048w\" sizes=\"(max-width: 2560px) 100vw, 2560px\" \/>\t\t\t\t\t\t\t\t\t\t\t\t\t\t\t<\/div>\n\t\t\t\t<\/div>\n\t\t\t\t<div class=\"elementor-element elementor-element-5e70b43 jltma-glass-effect-no elementor-widget elementor-widget-image\" data-id=\"5e70b43\" data-element_type=\"widget\" data-e-type=\"widget\" data-widget_type=\"image.default\">\n\t\t\t\t<div class=\"elementor-widget-container\">\n\t\t\t\t\t\t\t\t\t\t\t\t\t\t\t<img loading=\"lazy\" decoding=\"async\" width=\"2560\" height=\"1440\" src=\"https:\/\/valentine-graphisme.com\/wp-content\/uploads\/2020\/09\/valentine-redoules-graphisme-freelance-logo-flyer-edition-scaled.jpg\" class=\"attachment-full size-full wp-image-316\" alt=\"\" srcset=\"https:\/\/valentine-graphisme.com\/wp-content\/uploads\/2020\/09\/valentine-redoules-graphisme-freelance-logo-flyer-edition-scaled.jpg 2560w, https:\/\/valentine-graphisme.com\/wp-content\/uploads\/2020\/09\/valentine-redoules-graphisme-freelance-logo-flyer-edition-300x169.jpg 300w, https:\/\/valentine-graphisme.com\/wp-content\/uploads\/2020\/09\/valentine-redoules-graphisme-freelance-logo-flyer-edition-1024x576.jpg 1024w, https:\/\/valentine-graphisme.com\/wp-content\/uploads\/2020\/09\/valentine-redoules-graphisme-freelance-logo-flyer-edition-768x432.jpg 768w, https:\/\/valentine-graphisme.com\/wp-content\/uploads\/2020\/09\/valentine-redoules-graphisme-freelance-logo-flyer-edition-1536x864.jpg 1536w, https:\/\/valentine-graphisme.com\/wp-content\/uploads\/2020\/09\/valentine-redoules-graphisme-freelance-logo-flyer-edition-2048x1152.jpg 2048w\" sizes=\"(max-width: 2560px) 100vw, 2560px\" \/>\t\t\t\t\t\t\t\t\t\t\t\t\t\t\t<\/div>\n\t\t\t\t<\/div>\n\t\t\t\t\t<\/div>\n\t\t<\/div>\n\t\t\t\t\t<\/div>\n\t\t<\/section>\n\t\t\t\t<section class=\"elementor-section elementor-top-section elementor-element elementor-element-104a983e elementor-section-boxed elementor-section-height-default elementor-section-height-default jltma-glass-effect-no\" data-id=\"104a983e\" data-element_type=\"section\" data-e-type=\"section\">\n\t\t\t\t\t\t<div class=\"elementor-container elementor-column-gap-default\">\n\t\t\t\t\t<div class=\"elementor-column elementor-col-100 elementor-top-column elementor-element elementor-element-4d8f6f02 jltma-glass-effect-no\" data-id=\"4d8f6f02\" data-element_type=\"column\" data-e-type=\"column\">\n\t\t\t<div class=\"elementor-widget-wrap elementor-element-populated\">\n\t\t\t\t\t\t<div class=\"elementor-element elementor-element-5ab1d9f jltma-glass-effect-no elementor-widget elementor-widget-text-editor\" data-id=\"5ab1d9f\" data-element_type=\"widget\" data-e-type=\"widget\" data-widget_type=\"text-editor.default\">\n\t\t\t\t<div class=\"elementor-widget-container\">\n\t\t\t\t\t\t\t\t\t<p>R\u00e9alisation en groupe du design du site.<\/p>\n<p><\/p>\t\t\t\t\t\t\t\t<\/div>\n\t\t\t\t<\/div>\n\t\t\t\t<div class=\"elementor-element elementor-element-4ed9ef42 elementor-align-center jltma-glass-effect-no elementor-widget elementor-widget-button\" data-id=\"4ed9ef42\" data-element_type=\"widget\" data-e-type=\"widget\" data-widget_type=\"button.default\">\n\t\t\t\t<div class=\"elementor-widget-container\">\n\t\t\t\t\t\t\t\t\t<div class=\"elementor-button-wrapper\">\n\t\t\t\t\t<a class=\"elementor-button elementor-button-link elementor-size-sm\" href=\"http:\/\/centmillelieux.squarespace.com\" target=\"_blank\">\n\t\t\t\t\t\t<span class=\"elementor-button-content-wrapper\">\n\t\t\t\t\t\t\t\t\t<span class=\"elementor-button-text\">Voir le site de Cent Mille Lieux<\/span>\n\t\t\t\t\t<\/span>\n\t\t\t\t\t<\/a>\n\t\t\t\t<\/div>\n\t\t\t\t\t\t\t\t<\/div>\n\t\t\t\t<\/div>\n\t\t\t\t\t<\/div>\n\t\t<\/div>\n\t\t\t\t\t<\/div>\n\t\t<\/section>\n\t\t\t\t<\/div>\n\t\t","protected":false},"excerpt":{"rendered":"<p>Cent Mille Lieux Cr\u00e9ation d\u2019une identit\u00e9 visuelle pour\u00a0 l\u2019OBNL \u00adCent\u00a0Mille\u00a0Lieux, une troupe de th\u00e9\u00e2tre immersif.Cent Mille Lieux souhaitait une identit\u00e9 visuelle comprenant sa charte graphique ainsi que de la papeterie, un portfolio et un site internet. Ce projet a \u00e9t\u00e9 r\u00e9alis\u00e9 avec Marine Thery et Katell Arnault de La M\u00e9nardi\u00e8re. Identit\u00e9 visuelle \u2022 \u00e9dition R\u00e9alisation [&hellip;]<\/p>\n","protected":false},"author":1,"featured_media":160,"parent":0,"menu_order":5,"comment_status":"closed","ping_status":"closed","template":"","meta":{"ocean_post_layout":"","ocean_both_sidebars_style":"","ocean_both_sidebars_content_width":0,"ocean_both_sidebars_sidebars_width":0,"ocean_sidebar":"0","ocean_second_sidebar":"0","ocean_disable_margins":"enable","ocean_add_body_class":"","ocean_shortcode_before_top_bar":"","ocean_shortcode_after_top_bar":"","ocean_shortcode_before_header":"","ocean_shortcode_after_header":"","ocean_has_shortcode":"","ocean_shortcode_after_title":"","ocean_shortcode_before_footer_widgets":"","ocean_shortcode_after_footer_widgets":"","ocean_shortcode_before_footer_bottom":"","ocean_shortcode_after_footer_bottom":"","ocean_display_top_bar":"default","ocean_display_header":"default","ocean_header_style":"","ocean_center_header_left_menu":"0","ocean_custom_header_template":"0","ocean_custom_logo":0,"ocean_custom_retina_logo":0,"ocean_custom_logo_max_width":0,"ocean_custom_logo_tablet_max_width":0,"ocean_custom_logo_mobile_max_width":0,"ocean_custom_logo_max_height":0,"ocean_custom_logo_tablet_max_height":0,"ocean_custom_logo_mobile_max_height":0,"ocean_header_custom_menu":"0","ocean_menu_typo_font_family":"0","ocean_menu_typo_font_subset":"","ocean_menu_typo_font_size":0,"ocean_menu_typo_font_size_tablet":0,"ocean_menu_typo_font_size_mobile":0,"ocean_menu_typo_font_size_unit":"px","ocean_menu_typo_font_weight":"","ocean_menu_typo_font_weight_tablet":"","ocean_menu_typo_font_weight_mobile":"","ocean_menu_typo_transform":"","ocean_menu_typo_transform_tablet":"","ocean_menu_typo_transform_mobile":"","ocean_menu_typo_line_height":0,"ocean_menu_typo_line_height_tablet":0,"ocean_menu_typo_line_height_mobile":0,"ocean_menu_typo_line_height_unit":"","ocean_menu_typo_spacing":0,"ocean_menu_typo_spacing_tablet":0,"ocean_menu_typo_spacing_mobile":0,"ocean_menu_typo_spacing_unit":"","ocean_menu_link_color":"","ocean_menu_link_color_hover":"","ocean_menu_link_color_active":"","ocean_menu_link_background":"","ocean_menu_link_hover_background":"","ocean_menu_link_active_background":"","ocean_menu_social_links_bg":"","ocean_menu_social_hover_links_bg":"","ocean_menu_social_links_color":"","ocean_menu_social_hover_links_color":"","ocean_disable_title":"on","ocean_disable_heading":"default","ocean_post_title":"","ocean_post_subheading":"","ocean_post_title_style":"","ocean_post_title_background_color":"","ocean_post_title_background":0,"ocean_post_title_bg_image_position":"","ocean_post_title_bg_image_attachment":"","ocean_post_title_bg_image_repeat":"","ocean_post_title_bg_image_size":"","ocean_post_title_height":0,"ocean_post_title_bg_overlay":0.5,"ocean_post_title_bg_overlay_color":"","ocean_disable_breadcrumbs":"default","ocean_breadcrumbs_color":"","ocean_breadcrumbs_separator_color":"","ocean_breadcrumbs_links_color":"","ocean_breadcrumbs_links_hover_color":"","ocean_display_footer_widgets":"default","ocean_display_footer_bottom":"default","ocean_custom_footer_template":"0","footnotes":""},"class_list":["post-155","page","type-page","status-publish","has-post-thumbnail","hentry","entry","has-media"],"_links":{"self":[{"href":"https:\/\/valentine-graphisme.com\/index.php\/wp-json\/wp\/v2\/pages\/155","targetHints":{"allow":["GET"]}}],"collection":[{"href":"https:\/\/valentine-graphisme.com\/index.php\/wp-json\/wp\/v2\/pages"}],"about":[{"href":"https:\/\/valentine-graphisme.com\/index.php\/wp-json\/wp\/v2\/types\/page"}],"author":[{"embeddable":true,"href":"https:\/\/valentine-graphisme.com\/index.php\/wp-json\/wp\/v2\/users\/1"}],"replies":[{"embeddable":true,"href":"https:\/\/valentine-graphisme.com\/index.php\/wp-json\/wp\/v2\/comments?post=155"}],"version-history":[{"count":9,"href":"https:\/\/valentine-graphisme.com\/index.php\/wp-json\/wp\/v2\/pages\/155\/revisions"}],"predecessor-version":[{"id":387,"href":"https:\/\/valentine-graphisme.com\/index.php\/wp-json\/wp\/v2\/pages\/155\/revisions\/387"}],"wp:featuredmedia":[{"embeddable":true,"href":"https:\/\/valentine-graphisme.com\/index.php\/wp-json\/wp\/v2\/media\/160"}],"wp:attachment":[{"href":"https:\/\/valentine-graphisme.com\/index.php\/wp-json\/wp\/v2\/media?parent=155"}],"curies":[{"name":"wp","href":"https:\/\/api.w.org\/{rel}","templated":true}]}}