{"id":151,"date":"2020-09-03T13:21:54","date_gmt":"2020-09-03T11:21:54","guid":{"rendered":"http:\/\/valenvm.cluster031.hosting.ovh.net\/?page_id=151"},"modified":"2020-09-20T14:24:32","modified_gmt":"2020-09-20T12:24:32","slug":"osez-le-velo","status":"publish","type":"page","link":"https:\/\/valentine-graphisme.com\/index.php\/osez-le-velo\/","title":{"rendered":"Osez le v\u00e9lo"},"content":{"rendered":"\t\t<div data-elementor-type=\"wp-page\" data-elementor-id=\"151\" class=\"elementor elementor-151\">\n\t\t\t\t\t\t<section class=\"elementor-section elementor-top-section elementor-element elementor-element-6ad76748 elementor-section-boxed elementor-section-height-default elementor-section-height-default jltma-glass-effect-no\" data-id=\"6ad76748\" data-element_type=\"section\" data-e-type=\"section\">\n\t\t\t\t\t\t<div class=\"elementor-container elementor-column-gap-default\">\n\t\t\t\t\t<div class=\"elementor-column elementor-col-100 elementor-top-column elementor-element elementor-element-50b8c3d jltma-glass-effect-no\" data-id=\"50b8c3d\" data-element_type=\"column\" data-e-type=\"column\">\n\t\t\t<div class=\"elementor-widget-wrap elementor-element-populated\">\n\t\t\t\t\t\t<div class=\"elementor-element elementor-element-6489fb51 jltma-glass-effect-no elementor-widget elementor-widget-heading\" data-id=\"6489fb51\" data-element_type=\"widget\" data-e-type=\"widget\" data-widget_type=\"heading.default\">\n\t\t\t\t<div class=\"elementor-widget-container\">\n\t\t\t\t\t<h2 class=\"elementor-heading-title elementor-size-default\">Osez le v\u00e9lo<\/h2>\t\t\t\t<\/div>\n\t\t\t\t<\/div>\n\t\t\t\t<div class=\"elementor-element elementor-element-55dd9c6c jltma-glass-effect-no elementor-widget elementor-widget-text-editor\" data-id=\"55dd9c6c\" data-element_type=\"widget\" data-e-type=\"widget\" data-widget_type=\"text-editor.default\">\n\t\t\t\t<div class=\"elementor-widget-container\">\n\t\t\t\t\t\t\t\t\t<p>R\u00e9alisation d&rsquo;une campagne publicitaire (affiche, sticker bus, d\u00e9pliant),\u00a0pour la Communaut\u00e9 d&rsquo;Agglom\u00e9ration du grand Albigeois. La campagne est destin\u00e9e \u00e0 promouvoir le v\u00e9lo en ville.<\/p>\t\t\t\t\t\t\t\t<\/div>\n\t\t\t\t<\/div>\n\t\t\t\t<div class=\"elementor-element elementor-element-2681c350 jltma-glass-effect-no elementor-widget elementor-widget-text-editor\" data-id=\"2681c350\" data-element_type=\"widget\" data-e-type=\"widget\" data-widget_type=\"text-editor.default\">\n\t\t\t\t<div class=\"elementor-widget-container\">\n\t\t\t\t\t\t\t\t\t<p>Publicit\u00e9<\/p>\t\t\t\t\t\t\t\t<\/div>\n\t\t\t\t<\/div>\n\t\t\t\t\t<\/div>\n\t\t<\/div>\n\t\t\t\t\t<\/div>\n\t\t<\/section>\n\t\t\t\t<section class=\"elementor-section elementor-top-section elementor-element elementor-element-5238b31 elementor-section-stretched elementor-section-boxed elementor-section-height-default elementor-section-height-default jltma-glass-effect-no\" data-id=\"5238b31\" data-element_type=\"section\" data-e-type=\"section\" data-settings=\"{&quot;stretch_section&quot;:&quot;section-stretched&quot;}\">\n\t\t\t\t\t\t<div class=\"elementor-container elementor-column-gap-default\">\n\t\t\t\t\t<div class=\"elementor-column elementor-col-100 elementor-top-column elementor-element elementor-element-0b6d9e3 jltma-glass-effect-no\" data-id=\"0b6d9e3\" data-element_type=\"column\" data-e-type=\"column\">\n\t\t\t<div class=\"elementor-widget-wrap elementor-element-populated\">\n\t\t\t\t\t\t<div class=\"elementor-element elementor-element-7b97973 jltma-glass-effect-no elementor-widget elementor-widget-image\" data-id=\"7b97973\" data-element_type=\"widget\" data-e-type=\"widget\" data-widget_type=\"image.default\">\n\t\t\t\t<div class=\"elementor-widget-container\">\n\t\t\t\t\t\t\t\t\t\t\t\t\t\t\t<img fetchpriority=\"high\" decoding=\"async\" width=\"1429\" height=\"1000\" src=\"https:\/\/valentine-graphisme.com\/wp-content\/uploads\/2020\/09\/fc680191-3586-4ed8-9ee5-e3a9050bf80e_rw_1920.jpg\" class=\"attachment-full size-full wp-image-468\" alt=\"\" srcset=\"https:\/\/valentine-graphisme.com\/wp-content\/uploads\/2020\/09\/fc680191-3586-4ed8-9ee5-e3a9050bf80e_rw_1920.jpg 1429w, https:\/\/valentine-graphisme.com\/wp-content\/uploads\/2020\/09\/fc680191-3586-4ed8-9ee5-e3a9050bf80e_rw_1920-300x210.jpg 300w, https:\/\/valentine-graphisme.com\/wp-content\/uploads\/2020\/09\/fc680191-3586-4ed8-9ee5-e3a9050bf80e_rw_1920-1024x717.jpg 1024w, https:\/\/valentine-graphisme.com\/wp-content\/uploads\/2020\/09\/fc680191-3586-4ed8-9ee5-e3a9050bf80e_rw_1920-768x537.jpg 768w\" sizes=\"(max-width: 1429px) 100vw, 1429px\" \/>\t\t\t\t\t\t\t\t\t\t\t\t\t\t\t<\/div>\n\t\t\t\t<\/div>\n\t\t\t\t<div class=\"elementor-element elementor-element-84dcda1 jltma-glass-effect-no elementor-widget elementor-widget-text-editor\" data-id=\"84dcda1\" data-element_type=\"widget\" data-e-type=\"widget\" data-widget_type=\"text-editor.default\">\n\t\t\t\t<div class=\"elementor-widget-container\">\n\t\t\t\t\t\t\t\t\t<p>Premi\u00e8res recherches graphiques\u00a0<\/p>\t\t\t\t\t\t\t\t<\/div>\n\t\t\t\t<\/div>\n\t\t\t\t<div class=\"elementor-element elementor-element-ca53bdd jltma-glass-effect-no elementor-widget elementor-widget-image\" data-id=\"ca53bdd\" data-element_type=\"widget\" data-e-type=\"widget\" data-widget_type=\"image.default\">\n\t\t\t\t<div class=\"elementor-widget-container\">\n\t\t\t\t\t\t\t\t\t\t\t\t\t\t\t<img decoding=\"async\" width=\"1429\" height=\"1000\" src=\"https:\/\/valentine-graphisme.com\/wp-content\/uploads\/2020\/09\/1ecef3c1-36ce-470c-976e-c69b677dc54a_rw_1920.jpg\" class=\"attachment-full size-full wp-image-467\" alt=\"\" srcset=\"https:\/\/valentine-graphisme.com\/wp-content\/uploads\/2020\/09\/1ecef3c1-36ce-470c-976e-c69b677dc54a_rw_1920.jpg 1429w, https:\/\/valentine-graphisme.com\/wp-content\/uploads\/2020\/09\/1ecef3c1-36ce-470c-976e-c69b677dc54a_rw_1920-300x210.jpg 300w, https:\/\/valentine-graphisme.com\/wp-content\/uploads\/2020\/09\/1ecef3c1-36ce-470c-976e-c69b677dc54a_rw_1920-1024x717.jpg 1024w, https:\/\/valentine-graphisme.com\/wp-content\/uploads\/2020\/09\/1ecef3c1-36ce-470c-976e-c69b677dc54a_rw_1920-768x537.jpg 768w\" sizes=\"(max-width: 1429px) 100vw, 1429px\" \/>\t\t\t\t\t\t\t\t\t\t\t\t\t\t\t<\/div>\n\t\t\t\t<\/div>\n\t\t\t\t<div class=\"elementor-element elementor-element-0495ac6 jltma-glass-effect-no elementor-widget elementor-widget-image\" data-id=\"0495ac6\" data-element_type=\"widget\" data-e-type=\"widget\" data-widget_type=\"image.default\">\n\t\t\t\t<div class=\"elementor-widget-container\">\n\t\t\t\t\t\t\t\t\t\t\t\t\t\t\t<img decoding=\"async\" width=\"1500\" height=\"1000\" src=\"https:\/\/valentine-graphisme.com\/wp-content\/uploads\/2020\/09\/osez-le-velo-albi-graphisme.jpg\" class=\"attachment-full size-full wp-image-464\" alt=\"\" srcset=\"https:\/\/valentine-graphisme.com\/wp-content\/uploads\/2020\/09\/osez-le-velo-albi-graphisme.jpg 1500w, https:\/\/valentine-graphisme.com\/wp-content\/uploads\/2020\/09\/osez-le-velo-albi-graphisme-300x200.jpg 300w, https:\/\/valentine-graphisme.com\/wp-content\/uploads\/2020\/09\/osez-le-velo-albi-graphisme-1024x683.jpg 1024w, https:\/\/valentine-graphisme.com\/wp-content\/uploads\/2020\/09\/osez-le-velo-albi-graphisme-768x512.jpg 768w\" sizes=\"(max-width: 1500px) 100vw, 1500px\" \/>\t\t\t\t\t\t\t\t\t\t\t\t\t\t\t<\/div>\n\t\t\t\t<\/div>\n\t\t\t\t\t<\/div>\n\t\t<\/div>\n\t\t\t\t\t<\/div>\n\t\t<\/section>\n\t\t\t\t<section class=\"elementor-section elementor-top-section elementor-element elementor-element-9469ae3 elementor-section-boxed elementor-section-height-default elementor-section-height-default jltma-glass-effect-no\" data-id=\"9469ae3\" data-element_type=\"section\" data-e-type=\"section\">\n\t\t\t\t\t\t<div class=\"elementor-container elementor-column-gap-default\">\n\t\t\t\t\t<div class=\"elementor-column elementor-col-50 elementor-top-column elementor-element elementor-element-9cf2285 jltma-glass-effect-no\" data-id=\"9cf2285\" data-element_type=\"column\" data-e-type=\"column\">\n\t\t\t<div class=\"elementor-widget-wrap elementor-element-populated\">\n\t\t\t\t\t\t<div class=\"elementor-element elementor-element-267f932 jltma-glass-effect-no elementor-widget elementor-widget-image\" data-id=\"267f932\" data-element_type=\"widget\" data-e-type=\"widget\" data-widget_type=\"image.default\">\n\t\t\t\t<div class=\"elementor-widget-container\">\n\t\t\t\t\t\t\t\t\t\t\t\t\t\t\t<img loading=\"lazy\" decoding=\"async\" width=\"1055\" height=\"800\" src=\"https:\/\/valentine-graphisme.com\/wp-content\/uploads\/2020\/09\/2be32b91-de09-4831-9e43-1e0b34ed21ed_rw_1200.jpeg\" class=\"attachment-full size-full wp-image-466\" alt=\"\" srcset=\"https:\/\/valentine-graphisme.com\/wp-content\/uploads\/2020\/09\/2be32b91-de09-4831-9e43-1e0b34ed21ed_rw_1200.jpeg 1055w, https:\/\/valentine-graphisme.com\/wp-content\/uploads\/2020\/09\/2be32b91-de09-4831-9e43-1e0b34ed21ed_rw_1200-300x227.jpeg 300w, https:\/\/valentine-graphisme.com\/wp-content\/uploads\/2020\/09\/2be32b91-de09-4831-9e43-1e0b34ed21ed_rw_1200-1024x776.jpeg 1024w, https:\/\/valentine-graphisme.com\/wp-content\/uploads\/2020\/09\/2be32b91-de09-4831-9e43-1e0b34ed21ed_rw_1200-768x582.jpeg 768w\" sizes=\"(max-width: 1055px) 100vw, 1055px\" \/>\t\t\t\t\t\t\t\t\t\t\t\t\t\t\t<\/div>\n\t\t\t\t<\/div>\n\t\t\t\t\t<\/div>\n\t\t<\/div>\n\t\t\t\t<div class=\"elementor-column elementor-col-50 elementor-top-column elementor-element elementor-element-da128d8 jltma-glass-effect-no\" data-id=\"da128d8\" data-element_type=\"column\" data-e-type=\"column\">\n\t\t\t<div class=\"elementor-widget-wrap elementor-element-populated\">\n\t\t\t\t\t\t<div class=\"elementor-element elementor-element-88b8e98 jltma-glass-effect-no elementor-widget elementor-widget-image\" data-id=\"88b8e98\" data-element_type=\"widget\" data-e-type=\"widget\" data-widget_type=\"image.default\">\n\t\t\t\t<div class=\"elementor-widget-container\">\n\t\t\t\t\t\t\t\t\t\t\t\t\t\t\t<img loading=\"lazy\" decoding=\"async\" width=\"1280\" height=\"800\" src=\"https:\/\/valentine-graphisme.com\/wp-content\/uploads\/2020\/09\/39486801-00c1-479f-8661-ea2bbfe53cdd_rw_1920.png\" class=\"attachment-full size-full wp-image-465\" alt=\"\" srcset=\"https:\/\/valentine-graphisme.com\/wp-content\/uploads\/2020\/09\/39486801-00c1-479f-8661-ea2bbfe53cdd_rw_1920.png 1280w, https:\/\/valentine-graphisme.com\/wp-content\/uploads\/2020\/09\/39486801-00c1-479f-8661-ea2bbfe53cdd_rw_1920-300x188.png 300w, https:\/\/valentine-graphisme.com\/wp-content\/uploads\/2020\/09\/39486801-00c1-479f-8661-ea2bbfe53cdd_rw_1920-1024x640.png 1024w, https:\/\/valentine-graphisme.com\/wp-content\/uploads\/2020\/09\/39486801-00c1-479f-8661-ea2bbfe53cdd_rw_1920-768x480.png 768w\" sizes=\"(max-width: 1280px) 100vw, 1280px\" \/>\t\t\t\t\t\t\t\t\t\t\t\t\t\t\t<\/div>\n\t\t\t\t<\/div>\n\t\t\t\t\t<\/div>\n\t\t<\/div>\n\t\t\t\t\t<\/div>\n\t\t<\/section>\n\t\t\t\t<section class=\"elementor-section elementor-top-section elementor-element elementor-element-3effd66d elementor-section-boxed elementor-section-height-default elementor-section-height-default jltma-glass-effect-no\" data-id=\"3effd66d\" data-element_type=\"section\" data-e-type=\"section\">\n\t\t\t\t\t\t<div class=\"elementor-container elementor-column-gap-default\">\n\t\t\t\t\t<div class=\"elementor-column elementor-col-100 elementor-top-column elementor-element elementor-element-71a4be55 jltma-glass-effect-no\" data-id=\"71a4be55\" data-element_type=\"column\" data-e-type=\"column\">\n\t\t\t<div class=\"elementor-widget-wrap elementor-element-populated\">\n\t\t\t\t\t\t<div class=\"elementor-element elementor-element-512273f4 jltma-glass-effect-no elementor-widget elementor-widget-text-editor\" data-id=\"512273f4\" data-element_type=\"widget\" data-e-type=\"widget\" data-widget_type=\"text-editor.default\">\n\t\t\t\t<div class=\"elementor-widget-container\">\n\t\t\t\t\t\t\t\t\t<p>Projet r\u00e9alis\u00e9 dans le cadre de mon alternance au <a href=\"https:\/\/www.prunch.fr\">Studio Prunch<\/a> \u2022 2020<\/p>\t\t\t\t\t\t\t\t<\/div>\n\t\t\t\t<\/div>\n\t\t\t\t\t<\/div>\n\t\t<\/div>\n\t\t\t\t\t<\/div>\n\t\t<\/section>\n\t\t\t\t<\/div>\n\t\t","protected":false},"excerpt":{"rendered":"<p>Osez le v\u00e9lo R\u00e9alisation d&rsquo;une campagne publicitaire (affiche, sticker bus, d\u00e9pliant),\u00a0pour la Communaut\u00e9 d&rsquo;Agglom\u00e9ration du grand Albigeois. La campagne est destin\u00e9e \u00e0 promouvoir le v\u00e9lo en ville. Publicit\u00e9 Premi\u00e8res recherches graphiques\u00a0 Projet r\u00e9alis\u00e9 dans le cadre de mon alternance au Studio Prunch \u2022 2020<\/p>\n","protected":false},"author":1,"featured_media":0,"parent":0,"menu_order":5,"comment_status":"closed","ping_status":"closed","template":"","meta":{"ocean_post_layout":"","ocean_both_sidebars_style":"","ocean_both_sidebars_content_width":0,"ocean_both_sidebars_sidebars_width":0,"ocean_sidebar":"0","ocean_second_sidebar":"0","ocean_disable_margins":"enable","ocean_add_body_class":"","ocean_shortcode_before_top_bar":"","ocean_shortcode_after_top_bar":"","ocean_shortcode_before_header":"","ocean_shortcode_after_header":"","ocean_has_shortcode":"","ocean_shortcode_after_title":"","ocean_shortcode_before_footer_widgets":"","ocean_shortcode_after_footer_widgets":"","ocean_shortcode_before_footer_bottom":"","ocean_shortcode_after_footer_bottom":"","ocean_display_top_bar":"default","ocean_display_header":"default","ocean_header_style":"","ocean_center_header_left_menu":"0","ocean_custom_header_template":"0","ocean_custom_logo":0,"ocean_custom_retina_logo":0,"ocean_custom_logo_max_width":0,"ocean_custom_logo_tablet_max_width":0,"ocean_custom_logo_mobile_max_width":0,"ocean_custom_logo_max_height":0,"ocean_custom_logo_tablet_max_height":0,"ocean_custom_logo_mobile_max_height":0,"ocean_header_custom_menu":"0","ocean_menu_typo_font_family":"0","ocean_menu_typo_font_subset":"","ocean_menu_typo_font_size":0,"ocean_menu_typo_font_size_tablet":0,"ocean_menu_typo_font_size_mobile":0,"ocean_menu_typo_font_size_unit":"px","ocean_menu_typo_font_weight":"","ocean_menu_typo_font_weight_tablet":"","ocean_menu_typo_font_weight_mobile":"","ocean_menu_typo_transform":"","ocean_menu_typo_transform_tablet":"","ocean_menu_typo_transform_mobile":"","ocean_menu_typo_line_height":0,"ocean_menu_typo_line_height_tablet":0,"ocean_menu_typo_line_height_mobile":0,"ocean_menu_typo_line_height_unit":"","ocean_menu_typo_spacing":0,"ocean_menu_typo_spacing_tablet":0,"ocean_menu_typo_spacing_mobile":0,"ocean_menu_typo_spacing_unit":"","ocean_menu_link_color":"","ocean_menu_link_color_hover":"","ocean_menu_link_color_active":"","ocean_menu_link_background":"","ocean_menu_link_hover_background":"","ocean_menu_link_active_background":"","ocean_menu_social_links_bg":"","ocean_menu_social_hover_links_bg":"","ocean_menu_social_links_color":"","ocean_menu_social_hover_links_color":"","ocean_disable_title":"on","ocean_disable_heading":"default","ocean_post_title":"","ocean_post_subheading":"","ocean_post_title_style":"","ocean_post_title_background_color":"","ocean_post_title_background":0,"ocean_post_title_bg_image_position":"","ocean_post_title_bg_image_attachment":"","ocean_post_title_bg_image_repeat":"","ocean_post_title_bg_image_size":"","ocean_post_title_height":0,"ocean_post_title_bg_overlay":0.5,"ocean_post_title_bg_overlay_color":"","ocean_disable_breadcrumbs":"default","ocean_breadcrumbs_color":"","ocean_breadcrumbs_separator_color":"","ocean_breadcrumbs_links_color":"","ocean_breadcrumbs_links_hover_color":"","ocean_display_footer_widgets":"default","ocean_display_footer_bottom":"default","ocean_custom_footer_template":"0","footnotes":""},"class_list":["post-151","page","type-page","status-publish","hentry","entry"],"_links":{"self":[{"href":"https:\/\/valentine-graphisme.com\/index.php\/wp-json\/wp\/v2\/pages\/151","targetHints":{"allow":["GET"]}}],"collection":[{"href":"https:\/\/valentine-graphisme.com\/index.php\/wp-json\/wp\/v2\/pages"}],"about":[{"href":"https:\/\/valentine-graphisme.com\/index.php\/wp-json\/wp\/v2\/types\/page"}],"author":[{"embeddable":true,"href":"https:\/\/valentine-graphisme.com\/index.php\/wp-json\/wp\/v2\/users\/1"}],"replies":[{"embeddable":true,"href":"https:\/\/valentine-graphisme.com\/index.php\/wp-json\/wp\/v2\/comments?post=151"}],"version-history":[{"count":4,"href":"https:\/\/valentine-graphisme.com\/index.php\/wp-json\/wp\/v2\/pages\/151\/revisions"}],"predecessor-version":[{"id":471,"href":"https:\/\/valentine-graphisme.com\/index.php\/wp-json\/wp\/v2\/pages\/151\/revisions\/471"}],"wp:attachment":[{"href":"https:\/\/valentine-graphisme.com\/index.php\/wp-json\/wp\/v2\/media?parent=151"}],"curies":[{"name":"wp","href":"https:\/\/api.w.org\/{rel}","templated":true}]}}