{"id":149,"date":"2020-09-03T13:20:46","date_gmt":"2020-09-03T11:20:46","guid":{"rendered":"http:\/\/valenvm.cluster031.hosting.ovh.net\/?page_id=149"},"modified":"2020-09-20T13:36:35","modified_gmt":"2020-09-20T11:36:35","slug":"auberge-du-portage","status":"publish","type":"page","link":"https:\/\/valentine-graphisme.com\/index.php\/auberge-du-portage\/","title":{"rendered":"Auberge du Portage"},"content":{"rendered":"\t\t<div data-elementor-type=\"wp-page\" data-elementor-id=\"149\" class=\"elementor elementor-149\">\n\t\t\t\t\t\t<section class=\"elementor-section elementor-top-section elementor-element elementor-element-591c246b elementor-section-boxed elementor-section-height-default elementor-section-height-default jltma-glass-effect-no\" data-id=\"591c246b\" data-element_type=\"section\" data-e-type=\"section\">\n\t\t\t\t\t\t<div class=\"elementor-container elementor-column-gap-default\">\n\t\t\t\t\t<div class=\"elementor-column elementor-col-100 elementor-top-column elementor-element elementor-element-205902ef jltma-glass-effect-no\" data-id=\"205902ef\" data-element_type=\"column\" data-e-type=\"column\">\n\t\t\t<div class=\"elementor-widget-wrap elementor-element-populated\">\n\t\t\t\t\t\t<div class=\"elementor-element elementor-element-75a48461 jltma-glass-effect-no elementor-widget elementor-widget-heading\" data-id=\"75a48461\" data-element_type=\"widget\" data-e-type=\"widget\" data-widget_type=\"heading.default\">\n\t\t\t\t<div class=\"elementor-widget-container\">\n\t\t\t\t\t<h2 class=\"elementor-heading-title elementor-size-default\">Projet de fin d'\u00e9tudes<\/h2>\t\t\t\t<\/div>\n\t\t\t\t<\/div>\n\t\t\t\t<div class=\"elementor-element elementor-element-6992ffc7 jltma-glass-effect-no elementor-widget elementor-widget-text-editor\" data-id=\"6992ffc7\" data-element_type=\"widget\" data-e-type=\"widget\" data-widget_type=\"text-editor.default\">\n\t\t\t\t<div class=\"elementor-widget-container\">\n\t\t\t\t\t\t\t\t\t<p>Refonte du design du site de l&rsquo;auberge du portage.<\/p>\t\t\t\t\t\t\t\t<\/div>\n\t\t\t\t<\/div>\n\t\t\t\t<div class=\"elementor-element elementor-element-1409589d jltma-glass-effect-no elementor-widget elementor-widget-text-editor\" data-id=\"1409589d\" data-element_type=\"widget\" data-e-type=\"widget\" data-widget_type=\"text-editor.default\">\n\t\t\t\t<div class=\"elementor-widget-container\">\n\t\t\t\t\t\t\t\t\t<p>web design<\/p>\t\t\t\t\t\t\t\t<\/div>\n\t\t\t\t<\/div>\n\t\t\t\t\t<\/div>\n\t\t<\/div>\n\t\t\t\t\t<\/div>\n\t\t<\/section>\n\t\t\t\t<section class=\"elementor-section elementor-top-section elementor-element elementor-element-2822e4da elementor-section-boxed elementor-section-height-default elementor-section-height-default jltma-glass-effect-no\" data-id=\"2822e4da\" data-element_type=\"section\" data-e-type=\"section\">\n\t\t\t\t\t\t<div class=\"elementor-container elementor-column-gap-default\">\n\t\t\t\t\t<div class=\"elementor-column elementor-col-100 elementor-top-column elementor-element elementor-element-47279729 jltma-glass-effect-no\" data-id=\"47279729\" data-element_type=\"column\" data-e-type=\"column\">\n\t\t\t<div class=\"elementor-widget-wrap elementor-element-populated\">\n\t\t\t\t\t\t<div class=\"elementor-element elementor-element-1ab06f9d jltma-glass-effect-no elementor-widget elementor-widget-text-editor\" data-id=\"1ab06f9d\" data-element_type=\"widget\" data-e-type=\"widget\" data-widget_type=\"text-editor.default\">\n\t\t\t\t<div class=\"elementor-widget-container\">\n\t\t\t\t\t\t\t\t\t<p>Projet fictif r\u00e9alis\u00e9 dans le cadre scolaire \u2022 2019<\/p>\t\t\t\t\t\t\t\t<\/div>\n\t\t\t\t<\/div>\n\t\t\t\t\t<\/div>\n\t\t<\/div>\n\t\t\t\t\t<\/div>\n\t\t<\/section>\n\t\t\t\t<section class=\"elementor-section elementor-top-section elementor-element elementor-element-8305b05 elementor-section-stretched elementor-section-boxed elementor-section-height-default elementor-section-height-default jltma-glass-effect-no\" data-id=\"8305b05\" data-element_type=\"section\" data-e-type=\"section\" data-settings=\"{&quot;stretch_section&quot;:&quot;section-stretched&quot;}\">\n\t\t\t\t\t\t<div class=\"elementor-container elementor-column-gap-default\">\n\t\t\t\t\t<div class=\"elementor-column elementor-col-50 elementor-top-column elementor-element elementor-element-6272283 jltma-glass-effect-no\" data-id=\"6272283\" data-element_type=\"column\" data-e-type=\"column\">\n\t\t\t<div class=\"elementor-widget-wrap elementor-element-populated\">\n\t\t\t\t\t\t<div class=\"elementor-element elementor-element-43a2a1c jltma-glass-effect-no elementor-widget elementor-widget-image\" data-id=\"43a2a1c\" data-element_type=\"widget\" data-e-type=\"widget\" data-widget_type=\"image.default\">\n\t\t\t\t<div class=\"elementor-widget-container\">\n\t\t\t\t\t\t\t\t\t\t\t\t\t\t\t<img fetchpriority=\"high\" decoding=\"async\" width=\"880\" height=\"2560\" src=\"https:\/\/valentine-graphisme.com\/wp-content\/uploads\/2020\/09\/web-design-hotellerie-vlentine-redoules-03-04-scaled.jpg\" class=\"attachment-full size-full wp-image-447\" alt=\"\" srcset=\"https:\/\/valentine-graphisme.com\/wp-content\/uploads\/2020\/09\/web-design-hotellerie-vlentine-redoules-03-04-scaled.jpg 880w, https:\/\/valentine-graphisme.com\/wp-content\/uploads\/2020\/09\/web-design-hotellerie-vlentine-redoules-03-04-103x300.jpg 103w, https:\/\/valentine-graphisme.com\/wp-content\/uploads\/2020\/09\/web-design-hotellerie-vlentine-redoules-03-04-352x1024.jpg 352w, https:\/\/valentine-graphisme.com\/wp-content\/uploads\/2020\/09\/web-design-hotellerie-vlentine-redoules-03-04-768x2235.jpg 768w, https:\/\/valentine-graphisme.com\/wp-content\/uploads\/2020\/09\/web-design-hotellerie-vlentine-redoules-03-04-528x1536.jpg 528w, https:\/\/valentine-graphisme.com\/wp-content\/uploads\/2020\/09\/web-design-hotellerie-vlentine-redoules-03-04-704x2048.jpg 704w\" sizes=\"(max-width: 880px) 100vw, 880px\" \/>\t\t\t\t\t\t\t\t\t\t\t\t\t\t\t<\/div>\n\t\t\t\t<\/div>\n\t\t\t\t\t<\/div>\n\t\t<\/div>\n\t\t\t\t<div class=\"elementor-column elementor-col-50 elementor-top-column elementor-element elementor-element-8edb88b jltma-glass-effect-no\" data-id=\"8edb88b\" data-element_type=\"column\" data-e-type=\"column\">\n\t\t\t<div class=\"elementor-widget-wrap elementor-element-populated\">\n\t\t\t\t\t\t<div class=\"elementor-element elementor-element-79c7058 jltma-glass-effect-no elementor-widget elementor-widget-image\" data-id=\"79c7058\" data-element_type=\"widget\" data-e-type=\"widget\" data-widget_type=\"image.default\">\n\t\t\t\t<div class=\"elementor-widget-container\">\n\t\t\t\t\t\t\t\t\t\t\t\t\t\t\t<img decoding=\"async\" width=\"1080\" height=\"2560\" src=\"https:\/\/valentine-graphisme.com\/wp-content\/uploads\/2020\/09\/web-design-hotellerie-vlentine-redoules-03-03-scaled.jpg\" class=\"attachment-full size-full wp-image-448\" alt=\"\" srcset=\"https:\/\/valentine-graphisme.com\/wp-content\/uploads\/2020\/09\/web-design-hotellerie-vlentine-redoules-03-03-scaled.jpg 1080w, https:\/\/valentine-graphisme.com\/wp-content\/uploads\/2020\/09\/web-design-hotellerie-vlentine-redoules-03-03-127x300.jpg 127w, https:\/\/valentine-graphisme.com\/wp-content\/uploads\/2020\/09\/web-design-hotellerie-vlentine-redoules-03-03-432x1024.jpg 432w, https:\/\/valentine-graphisme.com\/wp-content\/uploads\/2020\/09\/web-design-hotellerie-vlentine-redoules-03-03-768x1820.jpg 768w, https:\/\/valentine-graphisme.com\/wp-content\/uploads\/2020\/09\/web-design-hotellerie-vlentine-redoules-03-03-648x1536.jpg 648w, https:\/\/valentine-graphisme.com\/wp-content\/uploads\/2020\/09\/web-design-hotellerie-vlentine-redoules-03-03-864x2048.jpg 864w\" sizes=\"(max-width: 1080px) 100vw, 1080px\" \/>\t\t\t\t\t\t\t\t\t\t\t\t\t\t\t<\/div>\n\t\t\t\t<\/div>\n\t\t\t\t\t<\/div>\n\t\t<\/div>\n\t\t\t\t\t<\/div>\n\t\t<\/section>\n\t\t\t\t<section class=\"elementor-section elementor-top-section elementor-element elementor-element-10a3825 elementor-section-full_width elementor-section-stretched elementor-section-height-default elementor-section-height-default jltma-glass-effect-no\" data-id=\"10a3825\" data-element_type=\"section\" data-e-type=\"section\" data-settings=\"{&quot;stretch_section&quot;:&quot;section-stretched&quot;}\">\n\t\t\t\t\t\t<div class=\"elementor-container elementor-column-gap-default\">\n\t\t\t\t\t<div class=\"elementor-column elementor-col-50 elementor-top-column elementor-element elementor-element-0ecc0e4 jltma-glass-effect-no\" data-id=\"0ecc0e4\" data-element_type=\"column\" data-e-type=\"column\">\n\t\t\t<div class=\"elementor-widget-wrap elementor-element-populated\">\n\t\t\t\t\t\t<div class=\"elementor-element elementor-element-8494b3e jltma-glass-effect-no elementor-widget elementor-widget-image\" data-id=\"8494b3e\" data-element_type=\"widget\" data-e-type=\"widget\" data-widget_type=\"image.default\">\n\t\t\t\t<div class=\"elementor-widget-container\">\n\t\t\t\t\t\t\t\t\t\t\t\t\t\t\t<img decoding=\"async\" width=\"2560\" height=\"1440\" src=\"https:\/\/valentine-graphisme.com\/wp-content\/uploads\/2020\/09\/web-design-hotellerie-vlentine-redoules_Plan-de-travail-1-scaled.jpg\" class=\"attachment-full size-full wp-image-446\" alt=\"\" srcset=\"https:\/\/valentine-graphisme.com\/wp-content\/uploads\/2020\/09\/web-design-hotellerie-vlentine-redoules_Plan-de-travail-1-scaled.jpg 2560w, https:\/\/valentine-graphisme.com\/wp-content\/uploads\/2020\/09\/web-design-hotellerie-vlentine-redoules_Plan-de-travail-1-300x169.jpg 300w, https:\/\/valentine-graphisme.com\/wp-content\/uploads\/2020\/09\/web-design-hotellerie-vlentine-redoules_Plan-de-travail-1-1024x576.jpg 1024w, https:\/\/valentine-graphisme.com\/wp-content\/uploads\/2020\/09\/web-design-hotellerie-vlentine-redoules_Plan-de-travail-1-768x432.jpg 768w, https:\/\/valentine-graphisme.com\/wp-content\/uploads\/2020\/09\/web-design-hotellerie-vlentine-redoules_Plan-de-travail-1-1536x864.jpg 1536w, https:\/\/valentine-graphisme.com\/wp-content\/uploads\/2020\/09\/web-design-hotellerie-vlentine-redoules_Plan-de-travail-1-2048x1152.jpg 2048w\" sizes=\"(max-width: 2560px) 100vw, 2560px\" \/>\t\t\t\t\t\t\t\t\t\t\t\t\t\t\t<\/div>\n\t\t\t\t<\/div>\n\t\t\t\t\t<\/div>\n\t\t<\/div>\n\t\t\t\t<div class=\"elementor-column elementor-col-50 elementor-top-column elementor-element elementor-element-e1c0eed jltma-glass-effect-no\" data-id=\"e1c0eed\" data-element_type=\"column\" data-e-type=\"column\">\n\t\t\t<div class=\"elementor-widget-wrap elementor-element-populated\">\n\t\t\t\t\t\t<div class=\"elementor-element elementor-element-7bd3345 jltma-glass-effect-no elementor-widget elementor-widget-image\" data-id=\"7bd3345\" data-element_type=\"widget\" data-e-type=\"widget\" data-widget_type=\"image.default\">\n\t\t\t\t<div class=\"elementor-widget-container\">\n\t\t\t\t\t\t\t\t\t\t\t\t\t\t\t<img loading=\"lazy\" decoding=\"async\" width=\"2560\" height=\"1440\" src=\"https:\/\/valentine-graphisme.com\/wp-content\/uploads\/2020\/09\/web-design-hotellerie-vlentine-redoules_Plan-de-travail-1-copie-scaled.jpg\" class=\"attachment-full size-full wp-image-445\" alt=\"\" srcset=\"https:\/\/valentine-graphisme.com\/wp-content\/uploads\/2020\/09\/web-design-hotellerie-vlentine-redoules_Plan-de-travail-1-copie-scaled.jpg 2560w, https:\/\/valentine-graphisme.com\/wp-content\/uploads\/2020\/09\/web-design-hotellerie-vlentine-redoules_Plan-de-travail-1-copie-300x169.jpg 300w, https:\/\/valentine-graphisme.com\/wp-content\/uploads\/2020\/09\/web-design-hotellerie-vlentine-redoules_Plan-de-travail-1-copie-1024x576.jpg 1024w, https:\/\/valentine-graphisme.com\/wp-content\/uploads\/2020\/09\/web-design-hotellerie-vlentine-redoules_Plan-de-travail-1-copie-768x432.jpg 768w, https:\/\/valentine-graphisme.com\/wp-content\/uploads\/2020\/09\/web-design-hotellerie-vlentine-redoules_Plan-de-travail-1-copie-1536x864.jpg 1536w, https:\/\/valentine-graphisme.com\/wp-content\/uploads\/2020\/09\/web-design-hotellerie-vlentine-redoules_Plan-de-travail-1-copie-2048x1152.jpg 2048w\" sizes=\"(max-width: 2560px) 100vw, 2560px\" \/>\t\t\t\t\t\t\t\t\t\t\t\t\t\t\t<\/div>\n\t\t\t\t<\/div>\n\t\t\t\t\t<\/div>\n\t\t<\/div>\n\t\t\t\t\t<\/div>\n\t\t<\/section>\n\t\t\t\t<\/div>\n\t\t","protected":false},"excerpt":{"rendered":"<p>Projet de fin d&rsquo;\u00e9tudes Refonte du design du site de l&rsquo;auberge du portage. web design Projet fictif r\u00e9alis\u00e9 dans le cadre scolaire \u2022 2019<\/p>\n","protected":false},"author":1,"featured_media":0,"parent":0,"menu_order":5,"comment_status":"closed","ping_status":"closed","template":"","meta":{"ocean_post_layout":"","ocean_both_sidebars_style":"","ocean_both_sidebars_content_width":0,"ocean_both_sidebars_sidebars_width":0,"ocean_sidebar":"0","ocean_second_sidebar":"0","ocean_disable_margins":"enable","ocean_add_body_class":"","ocean_shortcode_before_top_bar":"","ocean_shortcode_after_top_bar":"","ocean_shortcode_before_header":"","ocean_shortcode_after_header":"","ocean_has_shortcode":"","ocean_shortcode_after_title":"","ocean_shortcode_before_footer_widgets":"","ocean_shortcode_after_footer_widgets":"","ocean_shortcode_before_footer_bottom":"","ocean_shortcode_after_footer_bottom":"","ocean_display_top_bar":"default","ocean_display_header":"default","ocean_header_style":"","ocean_center_header_left_menu":"0","ocean_custom_header_template":"0","ocean_custom_logo":0,"ocean_custom_retina_logo":0,"ocean_custom_logo_max_width":0,"ocean_custom_logo_tablet_max_width":0,"ocean_custom_logo_mobile_max_width":0,"ocean_custom_logo_max_height":0,"ocean_custom_logo_tablet_max_height":0,"ocean_custom_logo_mobile_max_height":0,"ocean_header_custom_menu":"0","ocean_menu_typo_font_family":"0","ocean_menu_typo_font_subset":"","ocean_menu_typo_font_size":0,"ocean_menu_typo_font_size_tablet":0,"ocean_menu_typo_font_size_mobile":0,"ocean_menu_typo_font_size_unit":"px","ocean_menu_typo_font_weight":"","ocean_menu_typo_font_weight_tablet":"","ocean_menu_typo_font_weight_mobile":"","ocean_menu_typo_transform":"","ocean_menu_typo_transform_tablet":"","ocean_menu_typo_transform_mobile":"","ocean_menu_typo_line_height":0,"ocean_menu_typo_line_height_tablet":0,"ocean_menu_typo_line_height_mobile":0,"ocean_menu_typo_line_height_unit":"","ocean_menu_typo_spacing":0,"ocean_menu_typo_spacing_tablet":0,"ocean_menu_typo_spacing_mobile":0,"ocean_menu_typo_spacing_unit":"","ocean_menu_link_color":"","ocean_menu_link_color_hover":"","ocean_menu_link_color_active":"","ocean_menu_link_background":"","ocean_menu_link_hover_background":"","ocean_menu_link_active_background":"","ocean_menu_social_links_bg":"","ocean_menu_social_hover_links_bg":"","ocean_menu_social_links_color":"","ocean_menu_social_hover_links_color":"","ocean_disable_title":"on","ocean_disable_heading":"default","ocean_post_title":"","ocean_post_subheading":"","ocean_post_title_style":"","ocean_post_title_background_color":"","ocean_post_title_background":0,"ocean_post_title_bg_image_position":"","ocean_post_title_bg_image_attachment":"","ocean_post_title_bg_image_repeat":"","ocean_post_title_bg_image_size":"","ocean_post_title_height":0,"ocean_post_title_bg_overlay":0.5,"ocean_post_title_bg_overlay_color":"","ocean_disable_breadcrumbs":"default","ocean_breadcrumbs_color":"","ocean_breadcrumbs_separator_color":"","ocean_breadcrumbs_links_color":"","ocean_breadcrumbs_links_hover_color":"","ocean_display_footer_widgets":"default","ocean_display_footer_bottom":"default","ocean_custom_footer_template":"0","footnotes":""},"class_list":["post-149","page","type-page","status-publish","hentry","entry"],"_links":{"self":[{"href":"https:\/\/valentine-graphisme.com\/index.php\/wp-json\/wp\/v2\/pages\/149","targetHints":{"allow":["GET"]}}],"collection":[{"href":"https:\/\/valentine-graphisme.com\/index.php\/wp-json\/wp\/v2\/pages"}],"about":[{"href":"https:\/\/valentine-graphisme.com\/index.php\/wp-json\/wp\/v2\/types\/page"}],"author":[{"embeddable":true,"href":"https:\/\/valentine-graphisme.com\/index.php\/wp-json\/wp\/v2\/users\/1"}],"replies":[{"embeddable":true,"href":"https:\/\/valentine-graphisme.com\/index.php\/wp-json\/wp\/v2\/comments?post=149"}],"version-history":[{"count":3,"href":"https:\/\/valentine-graphisme.com\/index.php\/wp-json\/wp\/v2\/pages\/149\/revisions"}],"predecessor-version":[{"id":449,"href":"https:\/\/valentine-graphisme.com\/index.php\/wp-json\/wp\/v2\/pages\/149\/revisions\/449"}],"wp:attachment":[{"href":"https:\/\/valentine-graphisme.com\/index.php\/wp-json\/wp\/v2\/media?parent=149"}],"curies":[{"name":"wp","href":"https:\/\/api.w.org\/{rel}","templated":true}]}}