{"id":1324,"date":"2023-09-19T11:07:24","date_gmt":"2023-09-19T09:07:24","guid":{"rendered":"https:\/\/valentine-graphisme.com\/?page_id=1324"},"modified":"2023-10-18T09:18:09","modified_gmt":"2023-10-18T07:18:09","slug":"dans-la-vie-de-petit-bonhomme","status":"publish","type":"page","link":"https:\/\/valentine-graphisme.com\/index.php\/dans-la-vie-de-petit-bonhomme\/","title":{"rendered":"Dans la vie de Petit Bonhomme"},"content":{"rendered":"\t\t<div data-elementor-type=\"wp-page\" data-elementor-id=\"1324\" class=\"elementor elementor-1324\">\n\t\t\t\t\t\t<section class=\"elementor-section elementor-top-section elementor-element elementor-element-1ff2302b elementor-section-boxed elementor-section-height-default elementor-section-height-default jltma-glass-effect-no\" data-id=\"1ff2302b\" data-element_type=\"section\" data-e-type=\"section\">\n\t\t\t\t\t\t<div class=\"elementor-container elementor-column-gap-default\">\n\t\t\t\t\t<div class=\"elementor-column elementor-col-100 elementor-top-column elementor-element elementor-element-6cfa257e jltma-glass-effect-no\" data-id=\"6cfa257e\" data-element_type=\"column\" data-e-type=\"column\">\n\t\t\t<div class=\"elementor-widget-wrap elementor-element-populated\">\n\t\t\t\t\t\t<div class=\"elementor-element elementor-element-3050f990 jltma-glass-effect-no elementor-widget elementor-widget-heading\" data-id=\"3050f990\" data-element_type=\"widget\" data-e-type=\"widget\" data-widget_type=\"heading.default\">\n\t\t\t\t<div class=\"elementor-widget-container\">\n\t\t\t\t\t<h2 class=\"elementor-heading-title elementor-size-default\">Dans la vie de Petit Bonhomme<\/h2>\t\t\t\t<\/div>\n\t\t\t\t<\/div>\n\t\t\t\t<div class=\"elementor-element elementor-element-3f078b27 jltma-glass-effect-no elementor-widget elementor-widget-text-editor\" data-id=\"3f078b27\" data-element_type=\"widget\" data-e-type=\"widget\" data-widget_type=\"text-editor.default\">\n\t\t\t\t<div class=\"elementor-widget-container\">\n\t\t\t\t\t\t\t\t\t<p>Bienvenue dans l&rsquo;univers color\u00e9 et joyeux de Petit Bonhomme.<\/p>\t\t\t\t\t\t\t\t<\/div>\n\t\t\t\t<\/div>\n\t\t\t\t\t<\/div>\n\t\t<\/div>\n\t\t\t\t\t<\/div>\n\t\t<\/section>\n\t\t\t\t<section class=\"elementor-section elementor-top-section elementor-element elementor-element-5bb031a elementor-section-boxed elementor-section-height-default elementor-section-height-default jltma-glass-effect-no\" data-id=\"5bb031a\" data-element_type=\"section\" data-e-type=\"section\">\n\t\t\t\t\t\t<div class=\"elementor-container elementor-column-gap-default\">\n\t\t\t\t\t<div class=\"elementor-column elementor-col-100 elementor-top-column elementor-element elementor-element-3cb9b773 jltma-glass-effect-no\" data-id=\"3cb9b773\" data-element_type=\"column\" data-e-type=\"column\">\n\t\t\t<div class=\"elementor-widget-wrap elementor-element-populated\">\n\t\t\t\t\t\t<div class=\"elementor-element elementor-element-5a0f2ae jltma-glass-effect-no elementor-widget elementor-widget-powerfolio_gallery\" data-id=\"5a0f2ae\" data-element_type=\"widget\" data-e-type=\"widget\" data-widget_type=\"powerfolio_gallery.default\">\n\t\t\t\t<div class=\"elementor-widget-container\">\n\t\t\t\t\t<div class=\"elpt-portfolio elpt_powerfolio_14702\"><div class=\"elpt-portfolio-content elpt-portfolio-content-isotope elpt-portfolio-style-masonry  simple elpt-portfolio-columns-3  elpt-portfolio-margin\"><div class=\"portfolio-item-wrapper  elemenfoliocategory-\"><a href=\"https:\/\/valentine-graphisme.com\/wp-content\/uploads\/2023\/09\/illustration-nantes-enfant.jpg\" class=\"portfolio-item elpt-portfolio-lightbox\" rel=\"elpt-portfolio_elpt_powerfolio_14702\" style=\"background-image: url(https:\/\/valentine-graphisme.com\/wp-content\/uploads\/2023\/09\/illustration-nantes-enfant.jpg)\" title=\"Jardin int\u00e9rieur\"><img decoding=\"async\" src=\"https:\/\/valentine-graphisme.com\/wp-content\/uploads\/2023\/09\/illustration-nantes-enfant.jpg\" class=\"elpt-main-image\" title=\"Jardin int\u00e9rieur\" alt=\"Jardin int\u00e9rieur\" \/><div class=\"portfolio-item-infos-wrapper\" style=\"background-color:\"><div class=\"portfolio-item-infos\"><div class=\"portfolio-item-title\"><span class=\"portfolio-item-title-span\">Jardin int\u00e9rieur<\/span><\/div><div class=\"portfolio-item-category\"><span class=\"elpt-portfolio-cat\"><\/span><\/div><\/div><\/div><\/a><\/div><div class=\"portfolio-item-wrapper  elemenfoliocategory-\"><a href=\"https:\/\/valentine-graphisme.com\/wp-content\/uploads\/2023\/09\/illustration-personnage-jeunesse-nantes.jpg\" class=\"portfolio-item elpt-portfolio-lightbox\" rel=\"elpt-portfolio_elpt_powerfolio_14702\" style=\"background-image: url(https:\/\/valentine-graphisme.com\/wp-content\/uploads\/2023\/09\/illustration-personnage-jeunesse-nantes.jpg)\" title=\"Au parc des douves de Montaigu\"><img decoding=\"async\" src=\"https:\/\/valentine-graphisme.com\/wp-content\/uploads\/2023\/09\/illustration-personnage-jeunesse-nantes.jpg\" class=\"elpt-main-image\" title=\"Au parc des douves de Montaigu\" alt=\"Au parc des douves de Montaigu\" \/><div class=\"portfolio-item-infos-wrapper\" style=\"background-color:\"><div class=\"portfolio-item-infos\"><div class=\"portfolio-item-title\"><span class=\"portfolio-item-title-span\">Au parc des douves de Montaigu<\/span><\/div><div class=\"portfolio-item-category\"><span class=\"elpt-portfolio-cat\"><\/span><\/div><\/div><\/div><\/a><\/div><div class=\"portfolio-item-wrapper  elemenfoliocategory-\"><a href=\"https:\/\/valentine-graphisme.com\/wp-content\/uploads\/2023\/09\/valentine-redoules-illustration.jpg\" class=\"portfolio-item elpt-portfolio-lightbox\" rel=\"elpt-portfolio_elpt_powerfolio_14702\" style=\"background-image: url(https:\/\/valentine-graphisme.com\/wp-content\/uploads\/2023\/09\/valentine-redoules-illustration.jpg)\" title=\"Petit Bonhomme fait des cr\u00eapes\"><img decoding=\"async\" src=\"https:\/\/valentine-graphisme.com\/wp-content\/uploads\/2023\/09\/valentine-redoules-illustration.jpg\" class=\"elpt-main-image\" title=\"Petit Bonhomme fait des cr\u00eapes\" alt=\"Petit Bonhomme fait des cr\u00eapes\" \/><div class=\"portfolio-item-infos-wrapper\" style=\"background-color:\"><div class=\"portfolio-item-infos\"><div class=\"portfolio-item-title\"><span class=\"portfolio-item-title-span\">Petit Bonhomme fait des cr\u00eapes<\/span><\/div><div class=\"portfolio-item-category\"><span class=\"elpt-portfolio-cat\"><\/span><\/div><\/div><\/div><\/a><\/div><div class=\"portfolio-item-wrapper  elemenfoliocategory-\"><a href=\"https:\/\/valentine-graphisme.com\/wp-content\/uploads\/2023\/09\/illustration-artiste-redoules-nantes.jpg\" class=\"portfolio-item elpt-portfolio-lightbox\" rel=\"elpt-portfolio_elpt_powerfolio_14702\" style=\"background-image: url(https:\/\/valentine-graphisme.com\/wp-content\/uploads\/2023\/09\/illustration-artiste-redoules-nantes.jpg)\" title=\"Petit Bonhomme dessine\"><img decoding=\"async\" src=\"https:\/\/valentine-graphisme.com\/wp-content\/uploads\/2023\/09\/illustration-artiste-redoules-nantes.jpg\" class=\"elpt-main-image\" title=\"Petit Bonhomme dessine\" alt=\"Petit Bonhomme dessine\" \/><div class=\"portfolio-item-infos-wrapper\" style=\"background-color:\"><div class=\"portfolio-item-infos\"><div class=\"portfolio-item-title\"><span class=\"portfolio-item-title-span\">Petit Bonhomme dessine<\/span><\/div><div class=\"portfolio-item-category\"><span class=\"elpt-portfolio-cat\"><\/span><\/div><\/div><\/div><\/a><\/div><\/div><\/div>\t\t\t\t\t\t<\/div>\n\t\t\t\t<\/div>\n\t\t\t\t\t<\/div>\n\t\t<\/div>\n\t\t\t\t\t<\/div>\n\t\t<\/section>\n\t\t\t\t<section class=\"elementor-section elementor-top-section elementor-element elementor-element-36dfe0a9 elementor-section-boxed elementor-section-height-default elementor-section-height-default jltma-glass-effect-no\" data-id=\"36dfe0a9\" data-element_type=\"section\" data-e-type=\"section\">\n\t\t\t\t\t\t<div class=\"elementor-container elementor-column-gap-default\">\n\t\t\t\t\t<div class=\"elementor-column elementor-col-100 elementor-top-column elementor-element elementor-element-5922c64c jltma-glass-effect-no\" data-id=\"5922c64c\" data-element_type=\"column\" data-e-type=\"column\">\n\t\t\t<div class=\"elementor-widget-wrap elementor-element-populated\">\n\t\t\t\t\t\t<div class=\"elementor-element elementor-element-7f9c7555 jltma-glass-effect-no elementor-widget elementor-widget-text-editor\" data-id=\"7f9c7555\" data-element_type=\"widget\" data-e-type=\"widget\" data-widget_type=\"text-editor.default\">\n\t\t\t\t<div class=\"elementor-widget-container\">\n\t\t\t\t\t\t\t\t\t<p>Illustrations \u2022 2023<\/p>\t\t\t\t\t\t\t\t<\/div>\n\t\t\t\t<\/div>\n\t\t\t\t\t<\/div>\n\t\t<\/div>\n\t\t\t\t\t<\/div>\n\t\t<\/section>\n\t\t\t\t<\/div>\n\t\t","protected":false},"excerpt":{"rendered":"<p>Dans la vie de Petit Bonhomme Bienvenue dans l&rsquo;univers color\u00e9 et joyeux de Petit Bonhomme. Jardin int\u00e9rieurAu parc des douves de MontaiguPetit Bonhomme fait des cr\u00eapesPetit Bonhomme dessine Illustrations \u2022 2023<\/p>\n","protected":false},"author":1,"featured_media":0,"parent":0,"menu_order":0,"comment_status":"closed","ping_status":"closed","template":"","meta":{"ocean_post_layout":"","ocean_both_sidebars_style":"","ocean_both_sidebars_content_width":0,"ocean_both_sidebars_sidebars_width":0,"ocean_sidebar":"0","ocean_second_sidebar":"0","ocean_disable_margins":"enable","ocean_add_body_class":"","ocean_shortcode_before_top_bar":"","ocean_shortcode_after_top_bar":"","ocean_shortcode_before_header":"","ocean_shortcode_after_header":"","ocean_has_shortcode":"","ocean_shortcode_after_title":"","ocean_shortcode_before_footer_widgets":"","ocean_shortcode_after_footer_widgets":"","ocean_shortcode_before_footer_bottom":"","ocean_shortcode_after_footer_bottom":"","ocean_display_top_bar":"default","ocean_display_header":"default","ocean_header_style":"","ocean_center_header_left_menu":"0","ocean_custom_header_template":"0","ocean_custom_logo":0,"ocean_custom_retina_logo":0,"ocean_custom_logo_max_width":0,"ocean_custom_logo_tablet_max_width":0,"ocean_custom_logo_mobile_max_width":0,"ocean_custom_logo_max_height":0,"ocean_custom_logo_tablet_max_height":0,"ocean_custom_logo_mobile_max_height":0,"ocean_header_custom_menu":"0","ocean_menu_typo_font_family":"0","ocean_menu_typo_font_subset":"","ocean_menu_typo_font_size":0,"ocean_menu_typo_font_size_tablet":0,"ocean_menu_typo_font_size_mobile":0,"ocean_menu_typo_font_size_unit":"px","ocean_menu_typo_font_weight":"","ocean_menu_typo_font_weight_tablet":"","ocean_menu_typo_font_weight_mobile":"","ocean_menu_typo_transform":"","ocean_menu_typo_transform_tablet":"","ocean_menu_typo_transform_mobile":"","ocean_menu_typo_line_height":0,"ocean_menu_typo_line_height_tablet":0,"ocean_menu_typo_line_height_mobile":0,"ocean_menu_typo_line_height_unit":"","ocean_menu_typo_spacing":0,"ocean_menu_typo_spacing_tablet":0,"ocean_menu_typo_spacing_mobile":0,"ocean_menu_typo_spacing_unit":"","ocean_menu_link_color":"","ocean_menu_link_color_hover":"","ocean_menu_link_color_active":"","ocean_menu_link_background":"","ocean_menu_link_hover_background":"","ocean_menu_link_active_background":"","ocean_menu_social_links_bg":"","ocean_menu_social_hover_links_bg":"","ocean_menu_social_links_color":"","ocean_menu_social_hover_links_color":"","ocean_disable_title":"on","ocean_disable_heading":"default","ocean_post_title":"","ocean_post_subheading":"","ocean_post_title_style":"","ocean_post_title_background_color":"","ocean_post_title_background":0,"ocean_post_title_bg_image_position":"","ocean_post_title_bg_image_attachment":"","ocean_post_title_bg_image_repeat":"","ocean_post_title_bg_image_size":"","ocean_post_title_height":0,"ocean_post_title_bg_overlay":0.5,"ocean_post_title_bg_overlay_color":"","ocean_disable_breadcrumbs":"default","ocean_breadcrumbs_color":"","ocean_breadcrumbs_separator_color":"","ocean_breadcrumbs_links_color":"","ocean_breadcrumbs_links_hover_color":"","ocean_display_footer_widgets":"default","ocean_display_footer_bottom":"default","ocean_custom_footer_template":"0","footnotes":""},"class_list":["post-1324","page","type-page","status-publish","hentry","entry"],"_links":{"self":[{"href":"https:\/\/valentine-graphisme.com\/index.php\/wp-json\/wp\/v2\/pages\/1324","targetHints":{"allow":["GET"]}}],"collection":[{"href":"https:\/\/valentine-graphisme.com\/index.php\/wp-json\/wp\/v2\/pages"}],"about":[{"href":"https:\/\/valentine-graphisme.com\/index.php\/wp-json\/wp\/v2\/types\/page"}],"author":[{"embeddable":true,"href":"https:\/\/valentine-graphisme.com\/index.php\/wp-json\/wp\/v2\/users\/1"}],"replies":[{"embeddable":true,"href":"https:\/\/valentine-graphisme.com\/index.php\/wp-json\/wp\/v2\/comments?post=1324"}],"version-history":[{"count":12,"href":"https:\/\/valentine-graphisme.com\/index.php\/wp-json\/wp\/v2\/pages\/1324\/revisions"}],"predecessor-version":[{"id":1371,"href":"https:\/\/valentine-graphisme.com\/index.php\/wp-json\/wp\/v2\/pages\/1324\/revisions\/1371"}],"wp:attachment":[{"href":"https:\/\/valentine-graphisme.com\/index.php\/wp-json\/wp\/v2\/media?parent=1324"}],"curies":[{"name":"wp","href":"https:\/\/api.w.org\/{rel}","templated":true}]}}