{"id":1201,"date":"2023-06-15T16:07:27","date_gmt":"2023-06-15T14:07:27","guid":{"rendered":"https:\/\/valentine-graphisme.com\/?page_id=1201"},"modified":"2024-03-26T14:50:29","modified_gmt":"2024-03-26T13:50:29","slug":"communication","status":"publish","type":"page","link":"https:\/\/valentine-graphisme.com\/index.php\/communication\/","title":{"rendered":"Communication"},"content":{"rendered":"\t\t<div data-elementor-type=\"wp-page\" data-elementor-id=\"1201\" class=\"elementor elementor-1201\">\n\t\t\t\t\t\t<section class=\"elementor-section elementor-top-section elementor-element elementor-element-2dbd0b95 elementor-section-boxed elementor-section-height-default elementor-section-height-default jltma-glass-effect-no\" data-id=\"2dbd0b95\" data-element_type=\"section\" data-e-type=\"section\">\n\t\t\t\t\t\t<div class=\"elementor-container elementor-column-gap-default\">\n\t\t\t\t\t<div class=\"elementor-column elementor-col-100 elementor-top-column elementor-element elementor-element-47ddbfad jltma-glass-effect-no\" data-id=\"47ddbfad\" data-element_type=\"column\" data-e-type=\"column\">\n\t\t\t<div class=\"elementor-widget-wrap elementor-element-populated\">\n\t\t\t\t\t\t<div class=\"elementor-element elementor-element-29bbca7c jltma-glass-effect-no elementor-widget elementor-widget-heading\" data-id=\"29bbca7c\" data-element_type=\"widget\" data-e-type=\"widget\" data-widget_type=\"heading.default\">\n\t\t\t\t<div class=\"elementor-widget-container\">\n\t\t\t\t\t<h2 class=\"elementor-heading-title elementor-size-default\">Communication \u00e0 R\u00e9seau Canop\u00e9<\/h2>\t\t\t\t<\/div>\n\t\t\t\t<\/div>\n\t\t\t\t<div class=\"elementor-element elementor-element-19a55d89 jltma-glass-effect-no elementor-widget elementor-widget-text-editor\" data-id=\"19a55d89\" data-element_type=\"widget\" data-e-type=\"widget\" data-widget_type=\"text-editor.default\">\n\t\t\t\t<div class=\"elementor-widget-container\">\n\t\t\t\t\t\t\t\t\t<p>Affiches, flyers, illustrations, communication r\u00e9seaux sociaux<\/p><p>R\u00e9seau canop\u00e9 organise de nombreux \u00e9v\u00e9nements comme des webinaires, des ateliers, des formations aupr\u00e8s d&rsquo;enseignants ou de collectivit\u00e9s et de partenaires.<\/p>\t\t\t\t\t\t\t\t<\/div>\n\t\t\t\t<\/div>\n\t\t\t\t<div class=\"elementor-element elementor-element-5c463854 jltma-glass-effect-no elementor-widget elementor-widget-text-editor\" data-id=\"5c463854\" data-element_type=\"widget\" data-e-type=\"widget\" data-widget_type=\"text-editor.default\">\n\t\t\t\t<div class=\"elementor-widget-container\">\n\t\t\t\t\t\t\t\t\t<p>Illustration \u2022 mise en page<\/p>\t\t\t\t\t\t\t\t<\/div>\n\t\t\t\t<\/div>\n\t\t\t\t\t<\/div>\n\t\t<\/div>\n\t\t\t\t\t<\/div>\n\t\t<\/section>\n\t\t\t\t<section class=\"elementor-section elementor-top-section elementor-element elementor-element-c74bf07 elementor-section-boxed elementor-section-height-default elementor-section-height-default jltma-glass-effect-no\" data-id=\"c74bf07\" data-element_type=\"section\" data-e-type=\"section\">\n\t\t\t\t\t\t<div class=\"elementor-container elementor-column-gap-default\">\n\t\t\t\t\t<div class=\"elementor-column elementor-col-100 elementor-top-column elementor-element elementor-element-ad091e7 jltma-glass-effect-no\" data-id=\"ad091e7\" data-element_type=\"column\" data-e-type=\"column\">\n\t\t\t<div class=\"elementor-widget-wrap elementor-element-populated\">\n\t\t\t\t\t\t<div class=\"elementor-element elementor-element-6183467 elementor-arrows-position-inside elementor-pagination-position-outside jltma-glass-effect-no elementor-widget elementor-widget-image-carousel\" data-id=\"6183467\" data-element_type=\"widget\" data-e-type=\"widget\" data-settings=\"{&quot;slides_to_show&quot;:&quot;1&quot;,&quot;navigation&quot;:&quot;both&quot;,&quot;autoplay&quot;:&quot;yes&quot;,&quot;pause_on_hover&quot;:&quot;yes&quot;,&quot;pause_on_interaction&quot;:&quot;yes&quot;,&quot;autoplay_speed&quot;:5000,&quot;infinite&quot;:&quot;yes&quot;,&quot;effect&quot;:&quot;slide&quot;,&quot;speed&quot;:500}\" data-widget_type=\"image-carousel.default\">\n\t\t\t\t<div class=\"elementor-widget-container\">\n\t\t\t\t\t\t\t<div class=\"elementor-image-carousel-wrapper swiper\" role=\"region\" aria-roledescription=\"carousel\" aria-label=\"Carrousel d\u2019images\" dir=\"ltr\">\n\t\t\t<div class=\"elementor-image-carousel swiper-wrapper\" aria-live=\"off\">\n\t\t\t\t\t\t\t\t<div class=\"swiper-slide\" role=\"group\" aria-roledescription=\"slide\" aria-label=\"1 sur 7\"><figure class=\"swiper-slide-inner\"><img decoding=\"async\" class=\"swiper-slide-image\" src=\"https:\/\/valentine-graphisme.com\/wp-content\/uploads\/2023\/06\/cycle-inclusion-affcihe-a3.jpg\" alt=\"L&#039;\u00e9cole inclusive\" \/><\/figure><\/div><div class=\"swiper-slide\" role=\"group\" aria-roledescription=\"slide\" aria-label=\"2 sur 7\"><figure class=\"swiper-slide-inner\"><img decoding=\"async\" class=\"swiper-slide-image\" src=\"https:\/\/valentine-graphisme.com\/wp-content\/uploads\/2023\/06\/salon-jeu-affcihe-a3.jpg\" alt=\"Salon du jeu\" \/><\/figure><\/div><div class=\"swiper-slide\" role=\"group\" aria-roledescription=\"slide\" aria-label=\"3 sur 7\"><figure class=\"swiper-slide-inner\"><img decoding=\"async\" class=\"swiper-slide-image\" src=\"https:\/\/valentine-graphisme.com\/wp-content\/uploads\/2023\/06\/lire-c-est-partir-affiche.jpg\" alt=\"Lire c&#039;est partir\" \/><\/figure><\/div><div class=\"swiper-slide\" role=\"group\" aria-roledescription=\"slide\" aria-label=\"4 sur 7\"><figure class=\"swiper-slide-inner\"><img decoding=\"async\" class=\"swiper-slide-image\" src=\"https:\/\/valentine-graphisme.com\/wp-content\/uploads\/2023\/06\/classe-flexible-affiche-V2.jpg\" alt=\"La classe flexible\" \/><\/figure><\/div><div class=\"swiper-slide\" role=\"group\" aria-roledescription=\"slide\" aria-label=\"5 sur 7\"><figure class=\"swiper-slide-inner\"><img decoding=\"async\" class=\"swiper-slide-image\" src=\"https:\/\/valentine-graphisme.com\/wp-content\/uploads\/2023\/06\/recit-interactif-affcihe-a3.jpg\" alt=\"R\u00e9cit interactif\" \/><\/figure><\/div><div class=\"swiper-slide\" role=\"group\" aria-roledescription=\"slide\" aria-label=\"6 sur 7\"><figure class=\"swiper-slide-inner\"><img decoding=\"async\" class=\"swiper-slide-image\" src=\"https:\/\/valentine-graphisme.com\/wp-content\/uploads\/2023\/06\/autorite-confiance-53.jpg\" alt=\"L&#039;autorit\u00e9 par la confiance\" \/><\/figure><\/div><div class=\"swiper-slide\" role=\"group\" aria-roledescription=\"slide\" aria-label=\"7 sur 7\"><figure class=\"swiper-slide-inner\"><img decoding=\"async\" class=\"swiper-slide-image\" src=\"https:\/\/valentine-graphisme.com\/wp-content\/uploads\/2023\/06\/heros-litterature-conference-affiche.jpg\" alt=\"H\u00e9ros et h\u00e9ro\u00efnes\" \/><\/figure><\/div>\t\t\t<\/div>\n\t\t\t\t\t\t\t\t\t\t\t\t<div class=\"elementor-swiper-button elementor-swiper-button-prev\" role=\"button\" tabindex=\"0\">\n\t\t\t\t\t\t<i aria-hidden=\"true\" class=\"eicon-chevron-left\"><\/i>\t\t\t\t\t<\/div>\n\t\t\t\t\t<div class=\"elementor-swiper-button elementor-swiper-button-next\" role=\"button\" tabindex=\"0\">\n\t\t\t\t\t\t<i aria-hidden=\"true\" class=\"eicon-chevron-right\"><\/i>\t\t\t\t\t<\/div>\n\t\t\t\t\n\t\t\t\t\t\t\t\t\t<div class=\"swiper-pagination\"><\/div>\n\t\t\t\t\t\t\t\t\t<\/div>\n\t\t\t\t\t\t<\/div>\n\t\t\t\t<\/div>\n\t\t\t\t<div class=\"elementor-element elementor-element-7d3f71d jltma-glass-effect-no elementor-widget elementor-widget-powerfolio_gallery\" data-id=\"7d3f71d\" data-element_type=\"widget\" data-e-type=\"widget\" data-widget_type=\"powerfolio_gallery.default\">\n\t\t\t\t<div class=\"elementor-widget-container\">\n\t\t\t\t\t<div class=\"elpt-portfolio elpt_powerfolio_37825\"><div class=\"elpt-portfolio-content elpt-portfolio-content-isotope elpt-portfolio-purchased-grid  simple elpt-portfolio-columns-3  elpt-portfolio-margin\"><div class=\"portfolio-item-wrapper  elemenfoliocategory-\"><a href=\"https:\/\/valentine-graphisme.com\/wp-content\/uploads\/2023\/06\/intelligence-artificielle-scaled.jpg\" class=\"portfolio-item elpt-portfolio-lightbox\" rel=\"elpt-portfolio_elpt_powerfolio_37825\" style=\"background-image: url(https:\/\/valentine-graphisme.com\/wp-content\/uploads\/2023\/06\/intelligence-artificielle-scaled.jpg)\" title=\"Intelligence artificielle\"><img decoding=\"async\" src=\"https:\/\/valentine-graphisme.com\/wp-content\/uploads\/2023\/06\/intelligence-artificielle-scaled.jpg\" class=\"elpt-main-image\" title=\"Intelligence artificielle\" alt=\"Intelligence artificielle\" \/><div class=\"portfolio-item-infos-wrapper\" style=\"background-color:\"><div class=\"portfolio-item-infos\"><div class=\"portfolio-item-title\"><span class=\"portfolio-item-title-span\">Intelligence artificielle<\/span><\/div><div class=\"portfolio-item-category\"><span class=\"elpt-portfolio-cat\"><\/span><\/div><\/div><\/div><\/a><\/div><div class=\"portfolio-item-wrapper  elemenfoliocategory-\"><a href=\"https:\/\/valentine-graphisme.com\/wp-content\/uploads\/2023\/06\/salon-du-jeu-scaled.jpg\" class=\"portfolio-item elpt-portfolio-lightbox\" rel=\"elpt-portfolio_elpt_powerfolio_37825\" style=\"background-image: url(https:\/\/valentine-graphisme.com\/wp-content\/uploads\/2023\/06\/salon-du-jeu-scaled.jpg)\" title=\"Salon du jeu\"><img decoding=\"async\" src=\"https:\/\/valentine-graphisme.com\/wp-content\/uploads\/2023\/06\/salon-du-jeu-scaled.jpg\" class=\"elpt-main-image\" title=\"Salon du jeu\" alt=\"Salon du jeu\" \/><div class=\"portfolio-item-infos-wrapper\" style=\"background-color:\"><div class=\"portfolio-item-infos\"><div class=\"portfolio-item-title\"><span class=\"portfolio-item-title-span\">Salon du jeu<\/span><\/div><div class=\"portfolio-item-category\"><span class=\"elpt-portfolio-cat\"><\/span><\/div><\/div><\/div><\/a><\/div><div class=\"portfolio-item-wrapper  elemenfoliocategory-\"><a href=\"https:\/\/valentine-graphisme.com\/wp-content\/uploads\/2023\/06\/Lecture_En_Scene_.jpg\" class=\"portfolio-item elpt-portfolio-lightbox\" rel=\"elpt-portfolio_elpt_powerfolio_37825\" style=\"background-image: url(https:\/\/valentine-graphisme.com\/wp-content\/uploads\/2023\/06\/Lecture_En_Scene_.jpg)\" title=\"Lecture en sc\u00e8ne\"><img decoding=\"async\" src=\"https:\/\/valentine-graphisme.com\/wp-content\/uploads\/2023\/06\/Lecture_En_Scene_.jpg\" class=\"elpt-main-image\" title=\"Lecture en sc\u00e8ne\" alt=\"Lecture en sc\u00e8ne\" \/><div class=\"portfolio-item-infos-wrapper\" style=\"background-color:\"><div class=\"portfolio-item-infos\"><div class=\"portfolio-item-title\"><span class=\"portfolio-item-title-span\">Lecture en sc\u00e8ne<\/span><\/div><div class=\"portfolio-item-category\"><span class=\"elpt-portfolio-cat\"><\/span><\/div><\/div><\/div><\/a><\/div><div class=\"portfolio-item-wrapper  elemenfoliocategory-\"><a href=\"https:\/\/valentine-graphisme.com\/wp-content\/uploads\/2023\/06\/Escape-game-scaled.jpg\" class=\"portfolio-item elpt-portfolio-lightbox\" rel=\"elpt-portfolio_elpt_powerfolio_37825\" style=\"background-image: url(https:\/\/valentine-graphisme.com\/wp-content\/uploads\/2023\/06\/Escape-game-scaled.jpg)\" title=\"Escape game\"><img decoding=\"async\" src=\"https:\/\/valentine-graphisme.com\/wp-content\/uploads\/2023\/06\/Escape-game-scaled.jpg\" class=\"elpt-main-image\" title=\"Escape game\" alt=\"Escape game\" \/><div class=\"portfolio-item-infos-wrapper\" style=\"background-color:\"><div class=\"portfolio-item-infos\"><div class=\"portfolio-item-title\"><span class=\"portfolio-item-title-span\">Escape game<\/span><\/div><div class=\"portfolio-item-category\"><span class=\"elpt-portfolio-cat\"><\/span><\/div><\/div><\/div><\/a><\/div><div class=\"portfolio-item-wrapper  elemenfoliocategory-\"><a href=\"https:\/\/valentine-graphisme.com\/wp-content\/uploads\/2023\/06\/Fonctionnement-cerebral-enfant_-scaled.jpg\" class=\"portfolio-item elpt-portfolio-lightbox\" rel=\"elpt-portfolio_elpt_powerfolio_37825\" style=\"background-image: url(https:\/\/valentine-graphisme.com\/wp-content\/uploads\/2023\/06\/Fonctionnement-cerebral-enfant_-scaled.jpg)\" title=\"Fonctionnement c\u00e9r\u00e9bral de l&#039;enfant\"><img decoding=\"async\" src=\"https:\/\/valentine-graphisme.com\/wp-content\/uploads\/2023\/06\/Fonctionnement-cerebral-enfant_-scaled.jpg\" class=\"elpt-main-image\" title=\"Fonctionnement c\u00e9r\u00e9bral de l&#039;enfant\" alt=\"Fonctionnement c\u00e9r\u00e9bral de l&#039;enfant\" \/><div class=\"portfolio-item-infos-wrapper\" style=\"background-color:\"><div class=\"portfolio-item-infos\"><div class=\"portfolio-item-title\"><span class=\"portfolio-item-title-span\">Fonctionnement c\u00e9r\u00e9bral de l'enfant<\/span><\/div><div class=\"portfolio-item-category\"><span class=\"elpt-portfolio-cat\"><\/span><\/div><\/div><\/div><\/a><\/div><div class=\"portfolio-item-wrapper  elemenfoliocategory-\"><a href=\"https:\/\/valentine-graphisme.com\/wp-content\/uploads\/2023\/06\/Pix-formations-numerique-scaled.jpg\" class=\"portfolio-item elpt-portfolio-lightbox\" rel=\"elpt-portfolio_elpt_powerfolio_37825\" style=\"background-image: url(https:\/\/valentine-graphisme.com\/wp-content\/uploads\/2023\/06\/Pix-formations-numerique-scaled.jpg)\" title=\"Formations\"><img decoding=\"async\" src=\"https:\/\/valentine-graphisme.com\/wp-content\/uploads\/2023\/06\/Pix-formations-numerique-scaled.jpg\" class=\"elpt-main-image\" title=\"Formations\" alt=\"Formations\" \/><div class=\"portfolio-item-infos-wrapper\" style=\"background-color:\"><div class=\"portfolio-item-infos\"><div class=\"portfolio-item-title\"><span class=\"portfolio-item-title-span\">Formations<\/span><\/div><div class=\"portfolio-item-category\"><span class=\"elpt-portfolio-cat\"><\/span><\/div><\/div><\/div><\/a><\/div><div class=\"portfolio-item-wrapper  elemenfoliocategory-\"><a href=\"https:\/\/valentine-graphisme.com\/wp-content\/uploads\/2023\/06\/Climat-scolaire_-scaled.jpg\" class=\"portfolio-item elpt-portfolio-lightbox\" rel=\"elpt-portfolio_elpt_powerfolio_37825\" style=\"background-image: url(https:\/\/valentine-graphisme.com\/wp-content\/uploads\/2023\/06\/Climat-scolaire_-scaled.jpg)\" title=\"Le climat scolaire\"><img decoding=\"async\" src=\"https:\/\/valentine-graphisme.com\/wp-content\/uploads\/2023\/06\/Climat-scolaire_-scaled.jpg\" class=\"elpt-main-image\" title=\"Le climat scolaire\" alt=\"Le climat scolaire\" \/><div class=\"portfolio-item-infos-wrapper\" style=\"background-color:\"><div class=\"portfolio-item-infos\"><div class=\"portfolio-item-title\"><span class=\"portfolio-item-title-span\">Le climat scolaire<\/span><\/div><div class=\"portfolio-item-category\"><span class=\"elpt-portfolio-cat\"><\/span><\/div><\/div><\/div><\/a><\/div><div class=\"portfolio-item-wrapper  elemenfoliocategory-\"><a href=\"https:\/\/valentine-graphisme.com\/wp-content\/uploads\/2023\/06\/autorite-confiance-scaled.jpg\" class=\"portfolio-item elpt-portfolio-lightbox\" rel=\"elpt-portfolio_elpt_powerfolio_37825\" style=\"background-image: url(https:\/\/valentine-graphisme.com\/wp-content\/uploads\/2023\/06\/autorite-confiance-scaled.jpg)\" title=\"L&#039;autorit\u00e9 par la confiance\"><img decoding=\"async\" src=\"https:\/\/valentine-graphisme.com\/wp-content\/uploads\/2023\/06\/autorite-confiance-scaled.jpg\" class=\"elpt-main-image\" title=\"L&#039;autorit\u00e9 par la confiance\" alt=\"L&#039;autorit\u00e9 par la confiance\" \/><div class=\"portfolio-item-infos-wrapper\" style=\"background-color:\"><div class=\"portfolio-item-infos\"><div class=\"portfolio-item-title\"><span class=\"portfolio-item-title-span\">L'autorit\u00e9 par la confiance<\/span><\/div><div class=\"portfolio-item-category\"><span class=\"elpt-portfolio-cat\"><\/span><\/div><\/div><\/div><\/a><\/div><div class=\"portfolio-item-wrapper  elemenfoliocategory-\"><a href=\"https:\/\/valentine-graphisme.com\/wp-content\/uploads\/2023\/06\/classe-flexible-scaled.jpg\" class=\"portfolio-item elpt-portfolio-lightbox\" rel=\"elpt-portfolio_elpt_powerfolio_37825\" style=\"background-image: url(https:\/\/valentine-graphisme.com\/wp-content\/uploads\/2023\/06\/classe-flexible-scaled.jpg)\" title=\"La classe flexible\"><img decoding=\"async\" src=\"https:\/\/valentine-graphisme.com\/wp-content\/uploads\/2023\/06\/classe-flexible-scaled.jpg\" class=\"elpt-main-image\" title=\"La classe flexible\" alt=\"La classe flexible\" \/><div class=\"portfolio-item-infos-wrapper\" style=\"background-color:\"><div class=\"portfolio-item-infos\"><div class=\"portfolio-item-title\"><span class=\"portfolio-item-title-span\">La classe flexible<\/span><\/div><div class=\"portfolio-item-category\"><span class=\"elpt-portfolio-cat\"><\/span><\/div><\/div><\/div><\/a><\/div><div class=\"portfolio-item-wrapper  elemenfoliocategory-\"><a href=\"https:\/\/valentine-graphisme.com\/wp-content\/uploads\/2023\/06\/competences-psychosociales.jpg\" class=\"portfolio-item elpt-portfolio-lightbox\" rel=\"elpt-portfolio_elpt_powerfolio_37825\" style=\"background-image: url(https:\/\/valentine-graphisme.com\/wp-content\/uploads\/2023\/06\/competences-psychosociales.jpg)\" title=\"Les comp\u00e9tences psychosociales\"><img decoding=\"async\" src=\"https:\/\/valentine-graphisme.com\/wp-content\/uploads\/2023\/06\/competences-psychosociales.jpg\" class=\"elpt-main-image\" title=\"Les comp\u00e9tences psychosociales\" alt=\"Les comp\u00e9tences psychosociales\" \/><div class=\"portfolio-item-infos-wrapper\" style=\"background-color:\"><div class=\"portfolio-item-infos\"><div class=\"portfolio-item-title\"><span class=\"portfolio-item-title-span\">Les comp\u00e9tences psychosociales<\/span><\/div><div class=\"portfolio-item-category\"><span class=\"elpt-portfolio-cat\"><\/span><\/div><\/div><\/div><\/a><\/div><div class=\"portfolio-item-wrapper  elemenfoliocategory-\"><a href=\"https:\/\/valentine-graphisme.com\/wp-content\/uploads\/2023\/06\/ecriture-interactive.jpg\" class=\"portfolio-item elpt-portfolio-lightbox\" rel=\"elpt-portfolio_elpt_powerfolio_37825\" style=\"background-image: url(https:\/\/valentine-graphisme.com\/wp-content\/uploads\/2023\/06\/ecriture-interactive.jpg)\" title=\"L&#039;\u00e9criture interactive\"><img decoding=\"async\" src=\"https:\/\/valentine-graphisme.com\/wp-content\/uploads\/2023\/06\/ecriture-interactive.jpg\" class=\"elpt-main-image\" title=\"L&#039;\u00e9criture interactive\" alt=\"L&#039;\u00e9criture interactive\" \/><div class=\"portfolio-item-infos-wrapper\" style=\"background-color:\"><div class=\"portfolio-item-infos\"><div class=\"portfolio-item-title\"><span class=\"portfolio-item-title-span\">L'\u00e9criture interactive<\/span><\/div><div class=\"portfolio-item-category\"><span class=\"elpt-portfolio-cat\"><\/span><\/div><\/div><\/div><\/a><\/div><div class=\"portfolio-item-wrapper  elemenfoliocategory-\"><a href=\"https:\/\/valentine-graphisme.com\/wp-content\/uploads\/2023\/06\/Realite_Augmentee-scaled.jpg\" class=\"portfolio-item elpt-portfolio-lightbox\" rel=\"elpt-portfolio_elpt_powerfolio_37825\" style=\"background-image: url(https:\/\/valentine-graphisme.com\/wp-content\/uploads\/2023\/06\/Realite_Augmentee-scaled.jpg)\" title=\"R\u00e9alit\u00e9 augment\u00e9e\"><img decoding=\"async\" src=\"https:\/\/valentine-graphisme.com\/wp-content\/uploads\/2023\/06\/Realite_Augmentee-scaled.jpg\" class=\"elpt-main-image\" title=\"R\u00e9alit\u00e9 augment\u00e9e\" alt=\"R\u00e9alit\u00e9 augment\u00e9e\" \/><div class=\"portfolio-item-infos-wrapper\" style=\"background-color:\"><div class=\"portfolio-item-infos\"><div class=\"portfolio-item-title\"><span class=\"portfolio-item-title-span\">R\u00e9alit\u00e9 augment\u00e9e<\/span><\/div><div class=\"portfolio-item-category\"><span class=\"elpt-portfolio-cat\"><\/span><\/div><\/div><\/div><\/a><\/div><div class=\"portfolio-item-wrapper  elemenfoliocategory-\"><a href=\"https:\/\/valentine-graphisme.com\/wp-content\/uploads\/2023\/06\/heros-scaled.jpg\" class=\"portfolio-item elpt-portfolio-lightbox\" rel=\"elpt-portfolio_elpt_powerfolio_37825\" style=\"background-image: url(https:\/\/valentine-graphisme.com\/wp-content\/uploads\/2023\/06\/heros-scaled.jpg)\" title=\"H\u00e9ros et H\u00e9ro\u00efnes de la litt\u00e9rature jeunesse\"><img decoding=\"async\" src=\"https:\/\/valentine-graphisme.com\/wp-content\/uploads\/2023\/06\/heros-scaled.jpg\" class=\"elpt-main-image\" title=\"H\u00e9ros et H\u00e9ro\u00efnes de la litt\u00e9rature jeunesse\" alt=\"H\u00e9ros et H\u00e9ro\u00efnes de la litt\u00e9rature jeunesse\" \/><div class=\"portfolio-item-infos-wrapper\" style=\"background-color:\"><div class=\"portfolio-item-infos\"><div class=\"portfolio-item-title\"><span class=\"portfolio-item-title-span\">H\u00e9ros et H\u00e9ro\u00efnes de la litt\u00e9rature jeunesse<\/span><\/div><div class=\"portfolio-item-category\"><span class=\"elpt-portfolio-cat\"><\/span><\/div><\/div><\/div><\/a><\/div><div class=\"portfolio-item-wrapper  elemenfoliocategory-\"><a href=\"https:\/\/valentine-graphisme.com\/wp-content\/uploads\/2023\/06\/fab-lab.jpg\" class=\"portfolio-item elpt-portfolio-lightbox\" rel=\"elpt-portfolio_elpt_powerfolio_37825\" style=\"background-image: url(https:\/\/valentine-graphisme.com\/wp-content\/uploads\/2023\/06\/fab-lab.jpg)\" title=\"Fabrique \u00e0 escape game\"><img decoding=\"async\" src=\"https:\/\/valentine-graphisme.com\/wp-content\/uploads\/2023\/06\/fab-lab.jpg\" class=\"elpt-main-image\" title=\"Fabrique \u00e0 escape game\" alt=\"Fabrique \u00e0 escape game\" \/><div class=\"portfolio-item-infos-wrapper\" style=\"background-color:\"><div class=\"portfolio-item-infos\"><div class=\"portfolio-item-title\"><span class=\"portfolio-item-title-span\">Fabrique \u00e0 escape game<\/span><\/div><div class=\"portfolio-item-category\"><span class=\"elpt-portfolio-cat\"><\/span><\/div><\/div><\/div><\/a><\/div><div class=\"portfolio-item-wrapper  elemenfoliocategory-\"><a href=\"https:\/\/valentine-graphisme.com\/wp-content\/uploads\/2023\/06\/salon-du-jeu-2.jpg\" class=\"portfolio-item elpt-portfolio-lightbox\" rel=\"elpt-portfolio_elpt_powerfolio_37825\" style=\"background-image: url(https:\/\/valentine-graphisme.com\/wp-content\/uploads\/2023\/06\/salon-du-jeu-2.jpg)\" title=\"Salon du jeu\"><img decoding=\"async\" src=\"https:\/\/valentine-graphisme.com\/wp-content\/uploads\/2023\/06\/salon-du-jeu-2.jpg\" class=\"elpt-main-image\" title=\"Salon du jeu\" alt=\"Salon du jeu\" \/><div class=\"portfolio-item-infos-wrapper\" style=\"background-color:\"><div class=\"portfolio-item-infos\"><div class=\"portfolio-item-title\"><span class=\"portfolio-item-title-span\">Salon du jeu<\/span><\/div><div class=\"portfolio-item-category\"><span class=\"elpt-portfolio-cat\"><\/span><\/div><\/div><\/div><\/a><\/div><\/div><\/div>\t\t\t\t\t\t<\/div>\n\t\t\t\t<\/div>\n\t\t\t\t\t<\/div>\n\t\t<\/div>\n\t\t\t\t\t<\/div>\n\t\t<\/section>\n\t\t\t\t<\/div>\n\t\t","protected":false},"excerpt":{"rendered":"<p>Communication \u00e0 R\u00e9seau Canop\u00e9 Affiches, flyers, illustrations, communication r\u00e9seaux sociaux R\u00e9seau canop\u00e9 organise de nombreux \u00e9v\u00e9nements comme des webinaires, des ateliers, des formations aupr\u00e8s d&rsquo;enseignants ou de collectivit\u00e9s et de partenaires. Illustration \u2022 mise en page Intelligence artificielleSalon du jeuLecture en sc\u00e8neEscape gameFonctionnement c\u00e9r\u00e9bral de l&rsquo;enfantFormationsLe climat scolaireL&rsquo;autorit\u00e9 par la confianceLa classe flexibleLes comp\u00e9tences psychosocialesL&rsquo;\u00e9criture [&hellip;]<\/p>\n","protected":false},"author":1,"featured_media":165,"parent":0,"menu_order":5,"comment_status":"closed","ping_status":"closed","template":"","meta":{"ocean_post_layout":"","ocean_both_sidebars_style":"","ocean_both_sidebars_content_width":0,"ocean_both_sidebars_sidebars_width":0,"ocean_sidebar":"0","ocean_second_sidebar":"0","ocean_disable_margins":"enable","ocean_add_body_class":"","ocean_shortcode_before_top_bar":"","ocean_shortcode_after_top_bar":"","ocean_shortcode_before_header":"","ocean_shortcode_after_header":"","ocean_has_shortcode":"","ocean_shortcode_after_title":"","ocean_shortcode_before_footer_widgets":"","ocean_shortcode_after_footer_widgets":"","ocean_shortcode_before_footer_bottom":"","ocean_shortcode_after_footer_bottom":"","ocean_display_top_bar":"default","ocean_display_header":"default","ocean_header_style":"","ocean_center_header_left_menu":"0","ocean_custom_header_template":"0","ocean_custom_logo":0,"ocean_custom_retina_logo":0,"ocean_custom_logo_max_width":0,"ocean_custom_logo_tablet_max_width":0,"ocean_custom_logo_mobile_max_width":0,"ocean_custom_logo_max_height":0,"ocean_custom_logo_tablet_max_height":0,"ocean_custom_logo_mobile_max_height":0,"ocean_header_custom_menu":"0","ocean_menu_typo_font_family":"0","ocean_menu_typo_font_subset":"","ocean_menu_typo_font_size":0,"ocean_menu_typo_font_size_tablet":0,"ocean_menu_typo_font_size_mobile":0,"ocean_menu_typo_font_size_unit":"px","ocean_menu_typo_font_weight":"","ocean_menu_typo_font_weight_tablet":"","ocean_menu_typo_font_weight_mobile":"","ocean_menu_typo_transform":"","ocean_menu_typo_transform_tablet":"","ocean_menu_typo_transform_mobile":"","ocean_menu_typo_line_height":0,"ocean_menu_typo_line_height_tablet":0,"ocean_menu_typo_line_height_mobile":0,"ocean_menu_typo_line_height_unit":"","ocean_menu_typo_spacing":0,"ocean_menu_typo_spacing_tablet":0,"ocean_menu_typo_spacing_mobile":0,"ocean_menu_typo_spacing_unit":"","ocean_menu_link_color":"","ocean_menu_link_color_hover":"","ocean_menu_link_color_active":"","ocean_menu_link_background":"","ocean_menu_link_hover_background":"","ocean_menu_link_active_background":"","ocean_menu_social_links_bg":"","ocean_menu_social_hover_links_bg":"","ocean_menu_social_links_color":"","ocean_menu_social_hover_links_color":"","ocean_disable_title":"on","ocean_disable_heading":"default","ocean_post_title":"","ocean_post_subheading":"","ocean_post_title_style":"","ocean_post_title_background_color":"","ocean_post_title_background":0,"ocean_post_title_bg_image_position":"","ocean_post_title_bg_image_attachment":"","ocean_post_title_bg_image_repeat":"","ocean_post_title_bg_image_size":"","ocean_post_title_height":0,"ocean_post_title_bg_overlay":0.5,"ocean_post_title_bg_overlay_color":"","ocean_disable_breadcrumbs":"default","ocean_breadcrumbs_color":"","ocean_breadcrumbs_separator_color":"","ocean_breadcrumbs_links_color":"","ocean_breadcrumbs_links_hover_color":"","ocean_display_footer_widgets":"default","ocean_display_footer_bottom":"default","ocean_custom_footer_template":"0","footnotes":""},"class_list":["post-1201","page","type-page","status-publish","has-post-thumbnail","hentry","entry","has-media"],"_links":{"self":[{"href":"https:\/\/valentine-graphisme.com\/index.php\/wp-json\/wp\/v2\/pages\/1201","targetHints":{"allow":["GET"]}}],"collection":[{"href":"https:\/\/valentine-graphisme.com\/index.php\/wp-json\/wp\/v2\/pages"}],"about":[{"href":"https:\/\/valentine-graphisme.com\/index.php\/wp-json\/wp\/v2\/types\/page"}],"author":[{"embeddable":true,"href":"https:\/\/valentine-graphisme.com\/index.php\/wp-json\/wp\/v2\/users\/1"}],"replies":[{"embeddable":true,"href":"https:\/\/valentine-graphisme.com\/index.php\/wp-json\/wp\/v2\/comments?post=1201"}],"version-history":[{"count":20,"href":"https:\/\/valentine-graphisme.com\/index.php\/wp-json\/wp\/v2\/pages\/1201\/revisions"}],"predecessor-version":[{"id":1652,"href":"https:\/\/valentine-graphisme.com\/index.php\/wp-json\/wp\/v2\/pages\/1201\/revisions\/1652"}],"wp:featuredmedia":[{"embeddable":true,"href":"https:\/\/valentine-graphisme.com\/index.php\/wp-json\/wp\/v2\/media\/165"}],"wp:attachment":[{"href":"https:\/\/valentine-graphisme.com\/index.php\/wp-json\/wp\/v2\/media?parent=1201"}],"curies":[{"name":"wp","href":"https:\/\/api.w.org\/{rel}","templated":true}]}}