{"id":110,"date":"2020-08-20T12:35:07","date_gmt":"2020-08-20T10:35:07","guid":{"rendered":"http:\/\/valenvm.cluster031.hosting.ovh.net\/?page_id=110"},"modified":"2020-09-14T14:06:24","modified_gmt":"2020-09-14T12:06:24","slug":"ghostbusters","status":"publish","type":"page","link":"https:\/\/valentine-graphisme.com\/index.php\/ghostbusters\/","title":{"rendered":"Ghostbusters"},"content":{"rendered":"\t\t<div data-elementor-type=\"wp-page\" data-elementor-id=\"110\" class=\"elementor elementor-110\">\n\t\t\t\t\t\t<section class=\"elementor-section elementor-top-section elementor-element elementor-element-7eb22c9 elementor-section-boxed elementor-section-height-default elementor-section-height-default jltma-glass-effect-no\" data-id=\"7eb22c9\" data-element_type=\"section\" data-e-type=\"section\">\n\t\t\t\t\t\t<div class=\"elementor-container elementor-column-gap-default\">\n\t\t\t\t\t<div class=\"elementor-column elementor-col-100 elementor-top-column elementor-element elementor-element-c5f0f2d jltma-glass-effect-no\" data-id=\"c5f0f2d\" data-element_type=\"column\" data-e-type=\"column\">\n\t\t\t<div class=\"elementor-widget-wrap elementor-element-populated\">\n\t\t\t\t\t\t<div class=\"elementor-element elementor-element-406e2fe7 jltma-glass-effect-no elementor-widget elementor-widget-heading\" data-id=\"406e2fe7\" data-element_type=\"widget\" data-e-type=\"widget\" data-widget_type=\"heading.default\">\n\t\t\t\t<div class=\"elementor-widget-container\">\n\t\t\t\t\t<h2 class=\"elementor-heading-title elementor-size-default\">Ghostbusters<\/h2>\t\t\t\t<\/div>\n\t\t\t\t<\/div>\n\t\t\t\t<div class=\"elementor-element elementor-element-7be3ddaa jltma-glass-effect-no elementor-widget elementor-widget-text-editor\" data-id=\"7be3ddaa\" data-element_type=\"widget\" data-e-type=\"widget\" data-widget_type=\"text-editor.default\">\n\t\t\t\t<div class=\"elementor-widget-container\">\n\t\t\t\t\t\t\t\t\t<p>Dans ce projet il \u00e9tait question de reprendre le logo original de Ghostbusters pour en faire un logo de plateforme immobili\u00e8re. Imagination d&rsquo;un concept, d&rsquo;une identit\u00e9 visuelle ainsi que d&rsquo;une op\u00e9ration marketing visant \u00e0 lancer la nouvelle plateforme.<\/p>\t\t\t\t\t\t\t\t<\/div>\n\t\t\t\t<\/div>\n\t\t\t\t<div class=\"elementor-element elementor-element-639d4950 jltma-glass-effect-no elementor-widget elementor-widget-text-editor\" data-id=\"639d4950\" data-element_type=\"widget\" data-e-type=\"widget\" data-widget_type=\"text-editor.default\">\n\t\t\t\t<div class=\"elementor-widget-container\">\n\t\t\t\t\t\t\t\t\t<p>Identit\u00e9 visuelle \u00a0\u2022 PUBLICIT\u00c9<\/p>\t\t\t\t\t\t\t\t<\/div>\n\t\t\t\t<\/div>\n\t\t\t\t\t<\/div>\n\t\t<\/div>\n\t\t\t\t\t<\/div>\n\t\t<\/section>\n\t\t\t\t<section class=\"elementor-section elementor-top-section elementor-element elementor-element-107f338 elementor-section-stretched elementor-section-boxed elementor-section-height-default elementor-section-height-default jltma-glass-effect-no\" data-id=\"107f338\" data-element_type=\"section\" data-e-type=\"section\" data-settings=\"{&quot;stretch_section&quot;:&quot;section-stretched&quot;}\">\n\t\t\t\t\t\t<div class=\"elementor-container elementor-column-gap-default\">\n\t\t\t\t\t<div class=\"elementor-column elementor-col-100 elementor-top-column elementor-element elementor-element-9668c56 jltma-glass-effect-no\" data-id=\"9668c56\" data-element_type=\"column\" data-e-type=\"column\">\n\t\t\t<div class=\"elementor-widget-wrap elementor-element-populated\">\n\t\t\t\t\t\t<div class=\"elementor-element elementor-element-77bfcb5 jltma-glass-effect-no elementor-widget elementor-widget-image\" data-id=\"77bfcb5\" data-element_type=\"widget\" data-e-type=\"widget\" data-widget_type=\"image.default\">\n\t\t\t\t<div class=\"elementor-widget-container\">\n\t\t\t\t\t\t\t\t\t\t\t\t\t\t\t<img fetchpriority=\"high\" decoding=\"async\" width=\"1920\" height=\"1080\" src=\"https:\/\/valentine-graphisme.com\/wp-content\/uploads\/2020\/08\/pinPlan-de-travail-1-50.jpg\" class=\"attachment-full size-full wp-image-132\" alt=\"\" srcset=\"https:\/\/valentine-graphisme.com\/wp-content\/uploads\/2020\/08\/pinPlan-de-travail-1-50.jpg 1920w, https:\/\/valentine-graphisme.com\/wp-content\/uploads\/2020\/08\/pinPlan-de-travail-1-50-300x169.jpg 300w, https:\/\/valentine-graphisme.com\/wp-content\/uploads\/2020\/08\/pinPlan-de-travail-1-50-1024x576.jpg 1024w, https:\/\/valentine-graphisme.com\/wp-content\/uploads\/2020\/08\/pinPlan-de-travail-1-50-768x432.jpg 768w, https:\/\/valentine-graphisme.com\/wp-content\/uploads\/2020\/08\/pinPlan-de-travail-1-50-1536x864.jpg 1536w\" sizes=\"(max-width: 1920px) 100vw, 1920px\" \/>\t\t\t\t\t\t\t\t\t\t\t\t\t\t\t<\/div>\n\t\t\t\t<\/div>\n\t\t\t\t<div class=\"elementor-element elementor-element-0bfb979 jltma-glass-effect-no elementor-widget elementor-widget-image\" data-id=\"0bfb979\" data-element_type=\"widget\" data-e-type=\"widget\" data-widget_type=\"image.default\">\n\t\t\t\t<div class=\"elementor-widget-container\">\n\t\t\t\t\t\t\t\t\t\t\t\t\t\t\t<img decoding=\"async\" width=\"1920\" height=\"1080\" src=\"https:\/\/valentine-graphisme.com\/wp-content\/uploads\/2020\/08\/pinPlan-de-travail-1-copie-50.jpg\" class=\"attachment-full size-full wp-image-131\" alt=\"\" srcset=\"https:\/\/valentine-graphisme.com\/wp-content\/uploads\/2020\/08\/pinPlan-de-travail-1-copie-50.jpg 1920w, https:\/\/valentine-graphisme.com\/wp-content\/uploads\/2020\/08\/pinPlan-de-travail-1-copie-50-300x169.jpg 300w, https:\/\/valentine-graphisme.com\/wp-content\/uploads\/2020\/08\/pinPlan-de-travail-1-copie-50-1024x576.jpg 1024w, https:\/\/valentine-graphisme.com\/wp-content\/uploads\/2020\/08\/pinPlan-de-travail-1-copie-50-768x432.jpg 768w, https:\/\/valentine-graphisme.com\/wp-content\/uploads\/2020\/08\/pinPlan-de-travail-1-copie-50-1536x864.jpg 1536w\" sizes=\"(max-width: 1920px) 100vw, 1920px\" \/>\t\t\t\t\t\t\t\t\t\t\t\t\t\t\t<\/div>\n\t\t\t\t<\/div>\n\t\t\t\t<div class=\"elementor-element elementor-element-d0b2a73 jltma-glass-effect-no elementor-widget elementor-widget-image\" data-id=\"d0b2a73\" data-element_type=\"widget\" data-e-type=\"widget\" data-widget_type=\"image.default\">\n\t\t\t\t<div class=\"elementor-widget-container\">\n\t\t\t\t\t\t\t\t\t\t\t\t\t\t\t<img decoding=\"async\" width=\"1920\" height=\"1080\" src=\"https:\/\/valentine-graphisme.com\/wp-content\/uploads\/2020\/08\/pinPlan-de-travail-1-copie-2-50.jpg\" class=\"attachment-full size-full wp-image-127\" alt=\"\" srcset=\"https:\/\/valentine-graphisme.com\/wp-content\/uploads\/2020\/08\/pinPlan-de-travail-1-copie-2-50.jpg 1920w, https:\/\/valentine-graphisme.com\/wp-content\/uploads\/2020\/08\/pinPlan-de-travail-1-copie-2-50-300x169.jpg 300w, https:\/\/valentine-graphisme.com\/wp-content\/uploads\/2020\/08\/pinPlan-de-travail-1-copie-2-50-1024x576.jpg 1024w, https:\/\/valentine-graphisme.com\/wp-content\/uploads\/2020\/08\/pinPlan-de-travail-1-copie-2-50-768x432.jpg 768w, https:\/\/valentine-graphisme.com\/wp-content\/uploads\/2020\/08\/pinPlan-de-travail-1-copie-2-50-1536x864.jpg 1536w\" sizes=\"(max-width: 1920px) 100vw, 1920px\" \/>\t\t\t\t\t\t\t\t\t\t\t\t\t\t\t<\/div>\n\t\t\t\t<\/div>\n\t\t\t\t<div class=\"elementor-element elementor-element-b4a3809 jltma-glass-effect-no elementor-widget elementor-widget-image\" data-id=\"b4a3809\" data-element_type=\"widget\" data-e-type=\"widget\" data-widget_type=\"image.default\">\n\t\t\t\t<div class=\"elementor-widget-container\">\n\t\t\t\t\t\t\t\t\t\t\t\t\t\t\t<img loading=\"lazy\" decoding=\"async\" width=\"1920\" height=\"1080\" src=\"https:\/\/valentine-graphisme.com\/wp-content\/uploads\/2020\/08\/pinPlan-de-travail-1-copie-3-50.jpg\" class=\"attachment-full size-full wp-image-128\" alt=\"\" srcset=\"https:\/\/valentine-graphisme.com\/wp-content\/uploads\/2020\/08\/pinPlan-de-travail-1-copie-3-50.jpg 1920w, https:\/\/valentine-graphisme.com\/wp-content\/uploads\/2020\/08\/pinPlan-de-travail-1-copie-3-50-300x169.jpg 300w, https:\/\/valentine-graphisme.com\/wp-content\/uploads\/2020\/08\/pinPlan-de-travail-1-copie-3-50-1024x576.jpg 1024w, https:\/\/valentine-graphisme.com\/wp-content\/uploads\/2020\/08\/pinPlan-de-travail-1-copie-3-50-768x432.jpg 768w, https:\/\/valentine-graphisme.com\/wp-content\/uploads\/2020\/08\/pinPlan-de-travail-1-copie-3-50-1536x864.jpg 1536w\" sizes=\"(max-width: 1920px) 100vw, 1920px\" \/>\t\t\t\t\t\t\t\t\t\t\t\t\t\t\t<\/div>\n\t\t\t\t<\/div>\n\t\t\t\t<div class=\"elementor-element elementor-element-3fd66a7 jltma-glass-effect-no elementor-widget elementor-widget-image\" data-id=\"3fd66a7\" data-element_type=\"widget\" data-e-type=\"widget\" data-widget_type=\"image.default\">\n\t\t\t\t<div class=\"elementor-widget-container\">\n\t\t\t\t\t\t\t\t\t\t\t\t\t\t\t<img loading=\"lazy\" decoding=\"async\" width=\"1920\" height=\"1080\" src=\"https:\/\/valentine-graphisme.com\/wp-content\/uploads\/2020\/08\/pinPlan-de-travail-1-copie-4-50.jpg\" class=\"attachment-full size-full wp-image-129\" alt=\"\" srcset=\"https:\/\/valentine-graphisme.com\/wp-content\/uploads\/2020\/08\/pinPlan-de-travail-1-copie-4-50.jpg 1920w, https:\/\/valentine-graphisme.com\/wp-content\/uploads\/2020\/08\/pinPlan-de-travail-1-copie-4-50-300x169.jpg 300w, https:\/\/valentine-graphisme.com\/wp-content\/uploads\/2020\/08\/pinPlan-de-travail-1-copie-4-50-1024x576.jpg 1024w, https:\/\/valentine-graphisme.com\/wp-content\/uploads\/2020\/08\/pinPlan-de-travail-1-copie-4-50-768x432.jpg 768w, https:\/\/valentine-graphisme.com\/wp-content\/uploads\/2020\/08\/pinPlan-de-travail-1-copie-4-50-1536x864.jpg 1536w\" sizes=\"(max-width: 1920px) 100vw, 1920px\" \/>\t\t\t\t\t\t\t\t\t\t\t\t\t\t\t<\/div>\n\t\t\t\t<\/div>\n\t\t\t\t<div class=\"elementor-element elementor-element-ad18255 jltma-glass-effect-no elementor-widget elementor-widget-image\" data-id=\"ad18255\" data-element_type=\"widget\" data-e-type=\"widget\" data-widget_type=\"image.default\">\n\t\t\t\t<div class=\"elementor-widget-container\">\n\t\t\t\t\t\t\t\t\t\t\t\t\t\t\t<img loading=\"lazy\" decoding=\"async\" width=\"1920\" height=\"1080\" src=\"https:\/\/valentine-graphisme.com\/wp-content\/uploads\/2020\/08\/pinPlan-de-travail-1-copie-5-50-1.jpg\" class=\"attachment-full size-full wp-image-130\" alt=\"\" srcset=\"https:\/\/valentine-graphisme.com\/wp-content\/uploads\/2020\/08\/pinPlan-de-travail-1-copie-5-50-1.jpg 1920w, https:\/\/valentine-graphisme.com\/wp-content\/uploads\/2020\/08\/pinPlan-de-travail-1-copie-5-50-1-300x169.jpg 300w, https:\/\/valentine-graphisme.com\/wp-content\/uploads\/2020\/08\/pinPlan-de-travail-1-copie-5-50-1-1024x576.jpg 1024w, https:\/\/valentine-graphisme.com\/wp-content\/uploads\/2020\/08\/pinPlan-de-travail-1-copie-5-50-1-768x432.jpg 768w, https:\/\/valentine-graphisme.com\/wp-content\/uploads\/2020\/08\/pinPlan-de-travail-1-copie-5-50-1-1536x864.jpg 1536w\" sizes=\"(max-width: 1920px) 100vw, 1920px\" \/>\t\t\t\t\t\t\t\t\t\t\t\t\t\t\t<\/div>\n\t\t\t\t<\/div>\n\t\t\t\t<div class=\"elementor-element elementor-element-cde0da8 jltma-glass-effect-no elementor-widget elementor-widget-image\" data-id=\"cde0da8\" data-element_type=\"widget\" data-e-type=\"widget\" data-widget_type=\"image.default\">\n\t\t\t\t<div class=\"elementor-widget-container\">\n\t\t\t\t\t\t\t\t\t\t\t\t\t\t\t<img loading=\"lazy\" decoding=\"async\" width=\"1920\" height=\"1080\" src=\"https:\/\/valentine-graphisme.com\/wp-content\/uploads\/2020\/08\/pinPlan-de-travail-29-50.jpg\" class=\"attachment-full size-full wp-image-133\" alt=\"\" srcset=\"https:\/\/valentine-graphisme.com\/wp-content\/uploads\/2020\/08\/pinPlan-de-travail-29-50.jpg 1920w, https:\/\/valentine-graphisme.com\/wp-content\/uploads\/2020\/08\/pinPlan-de-travail-29-50-300x169.jpg 300w, https:\/\/valentine-graphisme.com\/wp-content\/uploads\/2020\/08\/pinPlan-de-travail-29-50-1024x576.jpg 1024w, https:\/\/valentine-graphisme.com\/wp-content\/uploads\/2020\/08\/pinPlan-de-travail-29-50-768x432.jpg 768w, https:\/\/valentine-graphisme.com\/wp-content\/uploads\/2020\/08\/pinPlan-de-travail-29-50-1536x864.jpg 1536w\" sizes=\"(max-width: 1920px) 100vw, 1920px\" \/>\t\t\t\t\t\t\t\t\t\t\t\t\t\t\t<\/div>\n\t\t\t\t<\/div>\n\t\t\t\t<div class=\"elementor-element elementor-element-f8904e1 jltma-glass-effect-no elementor-widget elementor-widget-image\" data-id=\"f8904e1\" data-element_type=\"widget\" data-e-type=\"widget\" data-widget_type=\"image.default\">\n\t\t\t\t<div class=\"elementor-widget-container\">\n\t\t\t\t\t\t\t\t\t\t\t\t\t\t\t<img loading=\"lazy\" decoding=\"async\" width=\"1920\" height=\"1080\" src=\"https:\/\/valentine-graphisme.com\/wp-content\/uploads\/2020\/08\/pinPlan-de-travail-30-50.jpg\" class=\"attachment-full size-full wp-image-134\" alt=\"\" srcset=\"https:\/\/valentine-graphisme.com\/wp-content\/uploads\/2020\/08\/pinPlan-de-travail-30-50.jpg 1920w, https:\/\/valentine-graphisme.com\/wp-content\/uploads\/2020\/08\/pinPlan-de-travail-30-50-300x169.jpg 300w, https:\/\/valentine-graphisme.com\/wp-content\/uploads\/2020\/08\/pinPlan-de-travail-30-50-1024x576.jpg 1024w, https:\/\/valentine-graphisme.com\/wp-content\/uploads\/2020\/08\/pinPlan-de-travail-30-50-768x432.jpg 768w, https:\/\/valentine-graphisme.com\/wp-content\/uploads\/2020\/08\/pinPlan-de-travail-30-50-1536x864.jpg 1536w\" sizes=\"(max-width: 1920px) 100vw, 1920px\" \/>\t\t\t\t\t\t\t\t\t\t\t\t\t\t\t<\/div>\n\t\t\t\t<\/div>\n\t\t\t\t<div class=\"elementor-element elementor-element-e3a1119 jltma-glass-effect-no elementor-widget elementor-widget-image\" data-id=\"e3a1119\" data-element_type=\"widget\" data-e-type=\"widget\" data-widget_type=\"image.default\">\n\t\t\t\t<div class=\"elementor-widget-container\">\n\t\t\t\t\t\t\t\t\t\t\t\t\t\t\t<img loading=\"lazy\" decoding=\"async\" width=\"1920\" height=\"1080\" src=\"https:\/\/valentine-graphisme.com\/wp-content\/uploads\/2020\/08\/pinPlan-de-travail-31-50.jpg\" class=\"attachment-full size-full wp-image-135\" alt=\"\" srcset=\"https:\/\/valentine-graphisme.com\/wp-content\/uploads\/2020\/08\/pinPlan-de-travail-31-50.jpg 1920w, https:\/\/valentine-graphisme.com\/wp-content\/uploads\/2020\/08\/pinPlan-de-travail-31-50-300x169.jpg 300w, https:\/\/valentine-graphisme.com\/wp-content\/uploads\/2020\/08\/pinPlan-de-travail-31-50-1024x576.jpg 1024w, https:\/\/valentine-graphisme.com\/wp-content\/uploads\/2020\/08\/pinPlan-de-travail-31-50-768x432.jpg 768w, https:\/\/valentine-graphisme.com\/wp-content\/uploads\/2020\/08\/pinPlan-de-travail-31-50-1536x864.jpg 1536w\" sizes=\"(max-width: 1920px) 100vw, 1920px\" \/>\t\t\t\t\t\t\t\t\t\t\t\t\t\t\t<\/div>\n\t\t\t\t<\/div>\n\t\t\t\t<div class=\"elementor-element elementor-element-c7132ef jltma-glass-effect-no elementor-widget elementor-widget-image\" data-id=\"c7132ef\" data-element_type=\"widget\" data-e-type=\"widget\" data-widget_type=\"image.default\">\n\t\t\t\t<div class=\"elementor-widget-container\">\n\t\t\t\t\t\t\t\t\t\t\t\t\t\t\t<img loading=\"lazy\" decoding=\"async\" width=\"1920\" height=\"1080\" src=\"https:\/\/valentine-graphisme.com\/wp-content\/uploads\/2020\/08\/pinPlan-de-travail-33-50.jpg\" class=\"attachment-full size-full wp-image-137\" alt=\"\" srcset=\"https:\/\/valentine-graphisme.com\/wp-content\/uploads\/2020\/08\/pinPlan-de-travail-33-50.jpg 1920w, https:\/\/valentine-graphisme.com\/wp-content\/uploads\/2020\/08\/pinPlan-de-travail-33-50-300x169.jpg 300w, https:\/\/valentine-graphisme.com\/wp-content\/uploads\/2020\/08\/pinPlan-de-travail-33-50-1024x576.jpg 1024w, https:\/\/valentine-graphisme.com\/wp-content\/uploads\/2020\/08\/pinPlan-de-travail-33-50-768x432.jpg 768w, https:\/\/valentine-graphisme.com\/wp-content\/uploads\/2020\/08\/pinPlan-de-travail-33-50-1536x864.jpg 1536w\" sizes=\"(max-width: 1920px) 100vw, 1920px\" \/>\t\t\t\t\t\t\t\t\t\t\t\t\t\t\t<\/div>\n\t\t\t\t<\/div>\n\t\t\t\t<div class=\"elementor-element elementor-element-be44ff8 jltma-glass-effect-no elementor-widget elementor-widget-image\" data-id=\"be44ff8\" data-element_type=\"widget\" data-e-type=\"widget\" data-widget_type=\"image.default\">\n\t\t\t\t<div class=\"elementor-widget-container\">\n\t\t\t\t\t\t\t\t\t\t\t\t\t\t\t<img loading=\"lazy\" decoding=\"async\" width=\"1920\" height=\"1080\" src=\"https:\/\/valentine-graphisme.com\/wp-content\/uploads\/2020\/08\/pinPlan-de-travail-33-copie-50.jpg\" class=\"attachment-full size-full wp-image-136\" alt=\"\" srcset=\"https:\/\/valentine-graphisme.com\/wp-content\/uploads\/2020\/08\/pinPlan-de-travail-33-copie-50.jpg 1920w, https:\/\/valentine-graphisme.com\/wp-content\/uploads\/2020\/08\/pinPlan-de-travail-33-copie-50-300x169.jpg 300w, https:\/\/valentine-graphisme.com\/wp-content\/uploads\/2020\/08\/pinPlan-de-travail-33-copie-50-1024x576.jpg 1024w, https:\/\/valentine-graphisme.com\/wp-content\/uploads\/2020\/08\/pinPlan-de-travail-33-copie-50-768x432.jpg 768w, https:\/\/valentine-graphisme.com\/wp-content\/uploads\/2020\/08\/pinPlan-de-travail-33-copie-50-1536x864.jpg 1536w\" sizes=\"(max-width: 1920px) 100vw, 1920px\" \/>\t\t\t\t\t\t\t\t\t\t\t\t\t\t\t<\/div>\n\t\t\t\t<\/div>\n\t\t\t\t\t<\/div>\n\t\t<\/div>\n\t\t\t\t\t<\/div>\n\t\t<\/section>\n\t\t\t\t<section class=\"elementor-section elementor-top-section elementor-element elementor-element-151c3feb elementor-section-boxed elementor-section-height-default elementor-section-height-default jltma-glass-effect-no\" data-id=\"151c3feb\" data-element_type=\"section\" data-e-type=\"section\">\n\t\t\t\t\t\t<div class=\"elementor-container elementor-column-gap-default\">\n\t\t\t\t\t<div class=\"elementor-column elementor-col-100 elementor-top-column elementor-element elementor-element-5db9ed55 jltma-glass-effect-no\" data-id=\"5db9ed55\" data-element_type=\"column\" data-e-type=\"column\">\n\t\t\t<div class=\"elementor-widget-wrap elementor-element-populated\">\n\t\t\t\t\t\t<div class=\"elementor-element elementor-element-41792239 jltma-glass-effect-no elementor-widget elementor-widget-text-editor\" data-id=\"41792239\" data-element_type=\"widget\" data-e-type=\"widget\" data-widget_type=\"text-editor.default\">\n\t\t\t\t<div class=\"elementor-widget-container\">\n\t\t\t\t\t\t\t\t\t<p>Projet fictif r\u00e9alis\u00e9 dans le cadre scolaire \u2022 2020<\/p>\t\t\t\t\t\t\t\t<\/div>\n\t\t\t\t<\/div>\n\t\t\t\t\t<\/div>\n\t\t<\/div>\n\t\t\t\t\t<\/div>\n\t\t<\/section>\n\t\t\t\t<\/div>\n\t\t","protected":false},"excerpt":{"rendered":"<p>Ghostbusters Dans ce projet il \u00e9tait question de reprendre le logo original de Ghostbusters pour en faire un logo de plateforme immobili\u00e8re. Imagination d&rsquo;un concept, d&rsquo;une identit\u00e9 visuelle ainsi que d&rsquo;une op\u00e9ration marketing visant \u00e0 lancer la nouvelle plateforme. Identit\u00e9 visuelle \u00a0\u2022 PUBLICIT\u00c9 Projet fictif r\u00e9alis\u00e9 dans le cadre scolaire \u2022 2020<\/p>\n","protected":false},"author":1,"featured_media":0,"parent":0,"menu_order":5,"comment_status":"closed","ping_status":"closed","template":"","meta":{"ocean_post_layout":"","ocean_both_sidebars_style":"","ocean_both_sidebars_content_width":0,"ocean_both_sidebars_sidebars_width":0,"ocean_sidebar":"0","ocean_second_sidebar":"0","ocean_disable_margins":"enable","ocean_add_body_class":"","ocean_shortcode_before_top_bar":"","ocean_shortcode_after_top_bar":"","ocean_shortcode_before_header":"","ocean_shortcode_after_header":"","ocean_has_shortcode":"","ocean_shortcode_after_title":"","ocean_shortcode_before_footer_widgets":"","ocean_shortcode_after_footer_widgets":"","ocean_shortcode_before_footer_bottom":"","ocean_shortcode_after_footer_bottom":"","ocean_display_top_bar":"default","ocean_display_header":"default","ocean_header_style":"","ocean_center_header_left_menu":"0","ocean_custom_header_template":"0","ocean_custom_logo":119,"ocean_custom_retina_logo":0,"ocean_custom_logo_max_width":0,"ocean_custom_logo_tablet_max_width":0,"ocean_custom_logo_mobile_max_width":0,"ocean_custom_logo_max_height":0,"ocean_custom_logo_tablet_max_height":0,"ocean_custom_logo_mobile_max_height":0,"ocean_header_custom_menu":"0","ocean_menu_typo_font_family":"0","ocean_menu_typo_font_subset":"","ocean_menu_typo_font_size":0,"ocean_menu_typo_font_size_tablet":0,"ocean_menu_typo_font_size_mobile":0,"ocean_menu_typo_font_size_unit":"px","ocean_menu_typo_font_weight":"","ocean_menu_typo_font_weight_tablet":"","ocean_menu_typo_font_weight_mobile":"","ocean_menu_typo_transform":"","ocean_menu_typo_transform_tablet":"","ocean_menu_typo_transform_mobile":"","ocean_menu_typo_line_height":0,"ocean_menu_typo_line_height_tablet":0,"ocean_menu_typo_line_height_mobile":0,"ocean_menu_typo_line_height_unit":"","ocean_menu_typo_spacing":0,"ocean_menu_typo_spacing_tablet":0,"ocean_menu_typo_spacing_mobile":0,"ocean_menu_typo_spacing_unit":"","ocean_menu_link_color":"","ocean_menu_link_color_hover":"","ocean_menu_link_color_active":"","ocean_menu_link_background":"","ocean_menu_link_hover_background":"","ocean_menu_link_active_background":"","ocean_menu_social_links_bg":"","ocean_menu_social_hover_links_bg":"","ocean_menu_social_links_color":"","ocean_menu_social_hover_links_color":"","ocean_disable_title":"on","ocean_disable_heading":"default","ocean_post_title":"","ocean_post_subheading":"","ocean_post_title_style":"","ocean_post_title_background_color":"","ocean_post_title_background":0,"ocean_post_title_bg_image_position":"","ocean_post_title_bg_image_attachment":"","ocean_post_title_bg_image_repeat":"","ocean_post_title_bg_image_size":"","ocean_post_title_height":0,"ocean_post_title_bg_overlay":0.5,"ocean_post_title_bg_overlay_color":"","ocean_disable_breadcrumbs":"default","ocean_breadcrumbs_color":"","ocean_breadcrumbs_separator_color":"","ocean_breadcrumbs_links_color":"","ocean_breadcrumbs_links_hover_color":"","ocean_display_footer_widgets":"default","ocean_display_footer_bottom":"default","ocean_custom_footer_template":"0","footnotes":""},"class_list":["post-110","page","type-page","status-publish","hentry","entry"],"_links":{"self":[{"href":"https:\/\/valentine-graphisme.com\/index.php\/wp-json\/wp\/v2\/pages\/110","targetHints":{"allow":["GET"]}}],"collection":[{"href":"https:\/\/valentine-graphisme.com\/index.php\/wp-json\/wp\/v2\/pages"}],"about":[{"href":"https:\/\/valentine-graphisme.com\/index.php\/wp-json\/wp\/v2\/types\/page"}],"author":[{"embeddable":true,"href":"https:\/\/valentine-graphisme.com\/index.php\/wp-json\/wp\/v2\/users\/1"}],"replies":[{"embeddable":true,"href":"https:\/\/valentine-graphisme.com\/index.php\/wp-json\/wp\/v2\/comments?post=110"}],"version-history":[{"count":7,"href":"https:\/\/valentine-graphisme.com\/index.php\/wp-json\/wp\/v2\/pages\/110\/revisions"}],"predecessor-version":[{"id":269,"href":"https:\/\/valentine-graphisme.com\/index.php\/wp-json\/wp\/v2\/pages\/110\/revisions\/269"}],"wp:attachment":[{"href":"https:\/\/valentine-graphisme.com\/index.php\/wp-json\/wp\/v2\/media?parent=110"}],"curies":[{"name":"wp","href":"https:\/\/api.w.org\/{rel}","templated":true}]}}