{"id":1061,"date":"2022-08-19T14:10:42","date_gmt":"2022-08-19T12:10:42","guid":{"rendered":"https:\/\/valentine-graphisme.com\/?page_id=1061"},"modified":"2023-11-16T11:35:16","modified_gmt":"2023-11-16T10:35:16","slug":"petits-bonhommes","status":"publish","type":"page","link":"https:\/\/valentine-graphisme.com\/index.php\/petits-bonhommes\/","title":{"rendered":"Petits bonhommes"},"content":{"rendered":"\t\t<div data-elementor-type=\"wp-page\" data-elementor-id=\"1061\" class=\"elementor elementor-1061\">\n\t\t\t\t\t\t<section class=\"elementor-section elementor-top-section elementor-element elementor-element-339ef386 elementor-section-boxed elementor-section-height-default elementor-section-height-default jltma-glass-effect-no\" data-id=\"339ef386\" data-element_type=\"section\" data-e-type=\"section\">\n\t\t\t\t\t\t<div class=\"elementor-container elementor-column-gap-default\">\n\t\t\t\t\t<div class=\"elementor-column elementor-col-100 elementor-top-column elementor-element elementor-element-3c943a13 jltma-glass-effect-no\" data-id=\"3c943a13\" data-element_type=\"column\" data-e-type=\"column\">\n\t\t\t<div class=\"elementor-widget-wrap elementor-element-populated\">\n\t\t\t\t\t\t<div class=\"elementor-element elementor-element-bbafd71 jltma-glass-effect-no elementor-widget elementor-widget-heading\" data-id=\"bbafd71\" data-element_type=\"widget\" data-e-type=\"widget\" data-widget_type=\"heading.default\">\n\t\t\t\t<div class=\"elementor-widget-container\">\n\t\t\t\t\t<h2 class=\"elementor-heading-title elementor-size-default\">Les \u00e9motions de<div><span style=\"font-size: 60px\">Petit Bonhomme<\/span><span style=\"font-size: 60px\"><\/span><\/div><\/h2>\t\t\t\t<\/div>\n\t\t\t\t<\/div>\n\t\t\t\t<div class=\"elementor-element elementor-element-4e07d59a jltma-glass-effect-no elementor-widget elementor-widget-text-editor\" data-id=\"4e07d59a\" data-element_type=\"widget\" data-e-type=\"widget\" data-widget_type=\"text-editor.default\">\n\t\t\t\t<div class=\"elementor-widget-container\">\n\t\t\t\t\t\t\t\t\t<p>C&rsquo;est ici que Petit Bonhomme est n\u00e9, \u00e0 travers moi et mes \u00e9motions.<\/p>\t\t\t\t\t\t\t\t<\/div>\n\t\t\t\t<\/div>\n\t\t\t\t\t<\/div>\n\t\t<\/div>\n\t\t\t\t\t<\/div>\n\t\t<\/section>\n\t\t\t\t<section class=\"elementor-section elementor-top-section elementor-element elementor-element-0825b9f elementor-section-boxed elementor-section-height-default elementor-section-height-default jltma-glass-effect-no\" data-id=\"0825b9f\" data-element_type=\"section\" data-e-type=\"section\">\n\t\t\t\t\t\t<div class=\"elementor-container elementor-column-gap-default\">\n\t\t\t\t\t<div class=\"elementor-column elementor-col-100 elementor-top-column elementor-element elementor-element-8d3b181 jltma-glass-effect-no\" data-id=\"8d3b181\" data-element_type=\"column\" data-e-type=\"column\">\n\t\t\t<div class=\"elementor-widget-wrap elementor-element-populated\">\n\t\t\t\t\t\t<div class=\"elementor-element elementor-element-e2a3184 jltma-glass-effect-no elementor-widget elementor-widget-powerfolio_gallery\" data-id=\"e2a3184\" data-element_type=\"widget\" data-e-type=\"widget\" data-widget_type=\"powerfolio_gallery.default\">\n\t\t\t\t<div class=\"elementor-widget-container\">\n\t\t\t\t\t<div class=\"elpt-portfolio elpt_powerfolio_75445\"><div class=\"elpt-portfolio-content elpt-portfolio-content-isotope elpt-portfolio-style-masonry  simple elpt-portfolio-columns-2  elpt-portfolio-margin\"><div class=\"portfolio-item-wrapper  elemenfoliocategory-\"><a href=\"https:\/\/valentine-graphisme.com\/wp-content\/uploads\/2022\/08\/fauve-scaled.jpg\" class=\"portfolio-item elpt-portfolio-lightbox\" rel=\"elpt-portfolio_elpt_powerfolio_75445\" style=\"background-image: url(https:\/\/valentine-graphisme.com\/wp-content\/uploads\/2022\/08\/fauve-scaled.jpg)\" title=\"Dans tes bras\"><img decoding=\"async\" src=\"https:\/\/valentine-graphisme.com\/wp-content\/uploads\/2022\/08\/fauve-scaled.jpg\" class=\"elpt-main-image\" title=\"Dans tes bras\" alt=\"Dans tes bras\" \/><div class=\"portfolio-item-infos-wrapper\" style=\"background-color:\"><div class=\"portfolio-item-infos\"><div class=\"portfolio-item-title\"><span class=\"portfolio-item-title-span\">Dans tes bras<\/span><\/div><div class=\"portfolio-item-category\"><span class=\"elpt-portfolio-cat\"><\/span><\/div><\/div><\/div><\/a><\/div><div class=\"portfolio-item-wrapper  elemenfoliocategory-\"><a href=\"https:\/\/valentine-graphisme.com\/wp-content\/uploads\/2022\/08\/illus-expo-portrait_0000_Groupe-1.jpg\" class=\"portfolio-item elpt-portfolio-lightbox\" rel=\"elpt-portfolio_elpt_powerfolio_75445\" style=\"background-image: url(https:\/\/valentine-graphisme.com\/wp-content\/uploads\/2022\/08\/illus-expo-portrait_0000_Groupe-1.jpg)\" title=\"Tristesse\"><img decoding=\"async\" src=\"https:\/\/valentine-graphisme.com\/wp-content\/uploads\/2022\/08\/illus-expo-portrait_0000_Groupe-1.jpg\" class=\"elpt-main-image\" title=\"Tristesse\" alt=\"Tristesse\" \/><div class=\"portfolio-item-infos-wrapper\" style=\"background-color:\"><div class=\"portfolio-item-infos\"><div class=\"portfolio-item-title\"><span class=\"portfolio-item-title-span\">Tristesse<\/span><\/div><div class=\"portfolio-item-category\"><span class=\"elpt-portfolio-cat\"><\/span><\/div><\/div><\/div><\/a><\/div><div class=\"portfolio-item-wrapper  elemenfoliocategory-\"><a href=\"https:\/\/valentine-graphisme.com\/wp-content\/uploads\/2022\/08\/illus-expo-portrait_0002_Calque-10-scaled.jpg\" class=\"portfolio-item elpt-portfolio-lightbox\" rel=\"elpt-portfolio_elpt_powerfolio_75445\" style=\"background-image: url(https:\/\/valentine-graphisme.com\/wp-content\/uploads\/2022\/08\/illus-expo-portrait_0002_Calque-10-scaled.jpg)\" title=\"Rupture\"><img decoding=\"async\" src=\"https:\/\/valentine-graphisme.com\/wp-content\/uploads\/2022\/08\/illus-expo-portrait_0002_Calque-10-scaled.jpg\" class=\"elpt-main-image\" title=\"Rupture\" alt=\"Rupture\" \/><div class=\"portfolio-item-infos-wrapper\" style=\"background-color:\"><div class=\"portfolio-item-infos\"><div class=\"portfolio-item-title\"><span class=\"portfolio-item-title-span\">Rupture<\/span><\/div><div class=\"portfolio-item-category\"><span class=\"elpt-portfolio-cat\"><\/span><\/div><\/div><\/div><\/a><\/div><div class=\"portfolio-item-wrapper  elemenfoliocategory-\"><a href=\"https:\/\/valentine-graphisme.com\/wp-content\/uploads\/2022\/08\/illus-expo-portrait_0003_Calque-11-scaled.jpg\" class=\"portfolio-item elpt-portfolio-lightbox\" rel=\"elpt-portfolio_elpt_powerfolio_75445\" style=\"background-image: url(https:\/\/valentine-graphisme.com\/wp-content\/uploads\/2022\/08\/illus-expo-portrait_0003_Calque-11-scaled.jpg)\" title=\"Coeurs 2\"><img decoding=\"async\" src=\"https:\/\/valentine-graphisme.com\/wp-content\/uploads\/2022\/08\/illus-expo-portrait_0003_Calque-11-scaled.jpg\" class=\"elpt-main-image\" title=\"Coeurs 2\" alt=\"Coeurs 2\" \/><div class=\"portfolio-item-infos-wrapper\" style=\"background-color:\"><div class=\"portfolio-item-infos\"><div class=\"portfolio-item-title\"><span class=\"portfolio-item-title-span\">Coeurs 2<\/span><\/div><div class=\"portfolio-item-category\"><span class=\"elpt-portfolio-cat\"><\/span><\/div><\/div><\/div><\/a><\/div><div class=\"portfolio-item-wrapper  elemenfoliocategory-\"><a href=\"https:\/\/valentine-graphisme.com\/wp-content\/uploads\/2022\/08\/illus-expo-portrait_0001_Calque-12-scaled.jpg\" class=\"portfolio-item elpt-portfolio-lightbox\" rel=\"elpt-portfolio_elpt_powerfolio_75445\" style=\"background-image: url(https:\/\/valentine-graphisme.com\/wp-content\/uploads\/2022\/08\/illus-expo-portrait_0001_Calque-12-scaled.jpg)\" title=\"Hypersensible\"><img decoding=\"async\" src=\"https:\/\/valentine-graphisme.com\/wp-content\/uploads\/2022\/08\/illus-expo-portrait_0001_Calque-12-scaled.jpg\" class=\"elpt-main-image\" title=\"Hypersensible\" alt=\"Hypersensible\" \/><div class=\"portfolio-item-infos-wrapper\" style=\"background-color:\"><div class=\"portfolio-item-infos\"><div class=\"portfolio-item-title\"><span class=\"portfolio-item-title-span\">Hypersensible<\/span><\/div><div class=\"portfolio-item-category\"><span class=\"elpt-portfolio-cat\"><\/span><\/div><\/div><\/div><\/a><\/div><div class=\"portfolio-item-wrapper  elemenfoliocategory-\"><a href=\"https:\/\/valentine-graphisme.com\/wp-content\/uploads\/2022\/08\/illus-expo-portrait_0003_Calque-2.jpg\" class=\"portfolio-item elpt-portfolio-lightbox\" rel=\"elpt-portfolio_elpt_powerfolio_75445\" style=\"background-image: url(https:\/\/valentine-graphisme.com\/wp-content\/uploads\/2022\/08\/illus-expo-portrait_0003_Calque-2.jpg)\" title=\"Coeurs 1\"><img decoding=\"async\" src=\"https:\/\/valentine-graphisme.com\/wp-content\/uploads\/2022\/08\/illus-expo-portrait_0003_Calque-2.jpg\" class=\"elpt-main-image\" title=\"Coeurs 1\" alt=\"Coeurs 1\" \/><div class=\"portfolio-item-infos-wrapper\" style=\"background-color:\"><div class=\"portfolio-item-infos\"><div class=\"portfolio-item-title\"><span class=\"portfolio-item-title-span\">Coeurs 1<\/span><\/div><div class=\"portfolio-item-category\"><span class=\"elpt-portfolio-cat\"><\/span><\/div><\/div><\/div><\/a><\/div><div class=\"portfolio-item-wrapper  elemenfoliocategory-\"><a href=\"https:\/\/valentine-graphisme.com\/wp-content\/uploads\/2022\/08\/illus-expo-portrait_0002_Calque-3.jpg\" class=\"portfolio-item elpt-portfolio-lightbox\" rel=\"elpt-portfolio_elpt_powerfolio_75445\" style=\"background-image: url(https:\/\/valentine-graphisme.com\/wp-content\/uploads\/2022\/08\/illus-expo-portrait_0002_Calque-3.jpg)\" title=\"En feu\"><img decoding=\"async\" src=\"https:\/\/valentine-graphisme.com\/wp-content\/uploads\/2022\/08\/illus-expo-portrait_0002_Calque-3.jpg\" class=\"elpt-main-image\" title=\"En feu\" alt=\"En feu\" \/><div class=\"portfolio-item-infos-wrapper\" style=\"background-color:\"><div class=\"portfolio-item-infos\"><div class=\"portfolio-item-title\"><span class=\"portfolio-item-title-span\">En feu<\/span><\/div><div class=\"portfolio-item-category\"><span class=\"elpt-portfolio-cat\"><\/span><\/div><\/div><\/div><\/a><\/div><div class=\"portfolio-item-wrapper  elemenfoliocategory-\"><a href=\"https:\/\/valentine-graphisme.com\/wp-content\/uploads\/2022\/08\/illus-expo-portrait_0001_Calque-7.jpg\" class=\"portfolio-item elpt-portfolio-lightbox\" rel=\"elpt-portfolio_elpt_powerfolio_75445\" style=\"background-image: url(https:\/\/valentine-graphisme.com\/wp-content\/uploads\/2022\/08\/illus-expo-portrait_0001_Calque-7.jpg)\" title=\"Petit baigneur\"><img decoding=\"async\" src=\"https:\/\/valentine-graphisme.com\/wp-content\/uploads\/2022\/08\/illus-expo-portrait_0001_Calque-7.jpg\" class=\"elpt-main-image\" title=\"Petit baigneur\" alt=\"Petit baigneur\" \/><div class=\"portfolio-item-infos-wrapper\" style=\"background-color:\"><div class=\"portfolio-item-infos\"><div class=\"portfolio-item-title\"><span class=\"portfolio-item-title-span\">Petit baigneur<\/span><\/div><div class=\"portfolio-item-category\"><span class=\"elpt-portfolio-cat\"><\/span><\/div><\/div><\/div><\/a><\/div><\/div><\/div>\t\t\t\t\t\t<\/div>\n\t\t\t\t<\/div>\n\t\t\t\t\t<\/div>\n\t\t<\/div>\n\t\t\t\t\t<\/div>\n\t\t<\/section>\n\t\t\t\t<\/div>\n\t\t","protected":false},"excerpt":{"rendered":"<p>Les \u00e9motions dePetit Bonhomme C&rsquo;est ici que Petit Bonhomme est n\u00e9, \u00e0 travers moi et mes \u00e9motions. Dans tes brasTristesseRuptureCoeurs 2HypersensibleCoeurs 1En feuPetit baigneur<\/p>\n","protected":false},"author":1,"featured_media":0,"parent":0,"menu_order":6,"comment_status":"closed","ping_status":"closed","template":"","meta":{"ocean_post_layout":"","ocean_both_sidebars_style":"","ocean_both_sidebars_content_width":0,"ocean_both_sidebars_sidebars_width":0,"ocean_sidebar":"0","ocean_second_sidebar":"0","ocean_disable_margins":"enable","ocean_add_body_class":"","ocean_shortcode_before_top_bar":"","ocean_shortcode_after_top_bar":"","ocean_shortcode_before_header":"","ocean_shortcode_after_header":"","ocean_has_shortcode":"","ocean_shortcode_after_title":"","ocean_shortcode_before_footer_widgets":"","ocean_shortcode_after_footer_widgets":"","ocean_shortcode_before_footer_bottom":"","ocean_shortcode_after_footer_bottom":"","ocean_display_top_bar":"default","ocean_display_header":"default","ocean_header_style":"","ocean_center_header_left_menu":"0","ocean_custom_header_template":"0","ocean_custom_logo":0,"ocean_custom_retina_logo":0,"ocean_custom_logo_max_width":0,"ocean_custom_logo_tablet_max_width":0,"ocean_custom_logo_mobile_max_width":0,"ocean_custom_logo_max_height":0,"ocean_custom_logo_tablet_max_height":0,"ocean_custom_logo_mobile_max_height":0,"ocean_header_custom_menu":"0","ocean_menu_typo_font_family":"0","ocean_menu_typo_font_subset":"","ocean_menu_typo_font_size":0,"ocean_menu_typo_font_size_tablet":0,"ocean_menu_typo_font_size_mobile":0,"ocean_menu_typo_font_size_unit":"px","ocean_menu_typo_font_weight":"","ocean_menu_typo_font_weight_tablet":"","ocean_menu_typo_font_weight_mobile":"","ocean_menu_typo_transform":"","ocean_menu_typo_transform_tablet":"","ocean_menu_typo_transform_mobile":"","ocean_menu_typo_line_height":0,"ocean_menu_typo_line_height_tablet":0,"ocean_menu_typo_line_height_mobile":0,"ocean_menu_typo_line_height_unit":"","ocean_menu_typo_spacing":0,"ocean_menu_typo_spacing_tablet":0,"ocean_menu_typo_spacing_mobile":0,"ocean_menu_typo_spacing_unit":"","ocean_menu_link_color":"","ocean_menu_link_color_hover":"","ocean_menu_link_color_active":"","ocean_menu_link_background":"","ocean_menu_link_hover_background":"","ocean_menu_link_active_background":"","ocean_menu_social_links_bg":"","ocean_menu_social_hover_links_bg":"","ocean_menu_social_links_color":"","ocean_menu_social_hover_links_color":"","ocean_disable_title":"on","ocean_disable_heading":"default","ocean_post_title":"","ocean_post_subheading":"","ocean_post_title_style":"","ocean_post_title_background_color":"","ocean_post_title_background":0,"ocean_post_title_bg_image_position":"","ocean_post_title_bg_image_attachment":"","ocean_post_title_bg_image_repeat":"","ocean_post_title_bg_image_size":"","ocean_post_title_height":0,"ocean_post_title_bg_overlay":0.5,"ocean_post_title_bg_overlay_color":"","ocean_disable_breadcrumbs":"default","ocean_breadcrumbs_color":"","ocean_breadcrumbs_separator_color":"","ocean_breadcrumbs_links_color":"","ocean_breadcrumbs_links_hover_color":"","ocean_display_footer_widgets":"default","ocean_display_footer_bottom":"default","ocean_custom_footer_template":"0","footnotes":""},"class_list":["post-1061","page","type-page","status-publish","hentry","entry"],"_links":{"self":[{"href":"https:\/\/valentine-graphisme.com\/index.php\/wp-json\/wp\/v2\/pages\/1061","targetHints":{"allow":["GET"]}}],"collection":[{"href":"https:\/\/valentine-graphisme.com\/index.php\/wp-json\/wp\/v2\/pages"}],"about":[{"href":"https:\/\/valentine-graphisme.com\/index.php\/wp-json\/wp\/v2\/types\/page"}],"author":[{"embeddable":true,"href":"https:\/\/valentine-graphisme.com\/index.php\/wp-json\/wp\/v2\/users\/1"}],"replies":[{"embeddable":true,"href":"https:\/\/valentine-graphisme.com\/index.php\/wp-json\/wp\/v2\/comments?post=1061"}],"version-history":[{"count":10,"href":"https:\/\/valentine-graphisme.com\/index.php\/wp-json\/wp\/v2\/pages\/1061\/revisions"}],"predecessor-version":[{"id":1395,"href":"https:\/\/valentine-graphisme.com\/index.php\/wp-json\/wp\/v2\/pages\/1061\/revisions\/1395"}],"wp:attachment":[{"href":"https:\/\/valentine-graphisme.com\/index.php\/wp-json\/wp\/v2\/media?parent=1061"}],"curies":[{"name":"wp","href":"https:\/\/api.w.org\/{rel}","templated":true}]}}